{"id":62,"date":"2021-06-01T10:28:41","date_gmt":"2021-06-01T13:28:41","guid":{"rendered":"http:\/\/filo.unt.edu.ar\/inihlep\/?page_id=62"},"modified":"2022-02-21T10:19:18","modified_gmt":"2022-02-21T13:19:18","slug":"integrantes","status":"publish","type":"page","link":"https:\/\/filo.unt.edu.ar\/inihlep\/integrantes\/","title":{"rendered":"Integrantes"},"content":{"rendered":"<div id=\"pl-62\"  class=\"panel-layout\" ><div id=\"pg-62-0\"  class=\"panel-grid panel-no-style\" ><div id=\"pgc-62-0-0\"  class=\"panel-grid-cell\" ><div id=\"panel-62-0-0-0\" class=\"so-panel widget widget_black-studio-tinymce widget_black_studio_tinymce panel-first-child panel-last-child\" data-index=\"0\" ><div class=\"textwidget\"><p><strong>Directora:<\/strong>\u00a0<a href=\"http:\/\/filo.unt.edu.ar\/inihlep\/2021\/06\/07\/matilde-silva\/\">Matilde Silva<\/a><\/p>\n<p><strong>Comisi\u00f3n de asesoramiento t\u00e9cnico:<\/strong><\/p>\n<p><a href=\"http:\/\/filo.unt.edu.ar\/inihlep\/2021\/06\/07\/beatriz-garrido\/\">Beatriz Garrido<\/a><\/p>\n<p><strong>Miembros:<\/strong><\/p>\n<p><a href=\"http:\/\/filo.unt.edu.ar\/inihlep\/2021\/06\/07\/oscar-pavetti\/\">Oscar Pavetti<\/a><\/p>\n<p><a href=\"http:\/\/filo.unt.edu.ar\/inihlep\/2021\/06\/07\/jose-rene-alvarez\/\">Jos\u00e9 Ren\u00e9 \u00c1lvarez<\/a><\/p>\n<p><a href=\"http:\/\/filo.unt.edu.ar\/inihlep\/2021\/08\/06\/pablo-dario-arjona-ibanez\/\">Pablo Dar\u00edo Arjona Ib\u00e1\u00f1ez<\/a><\/p>\n<p><a href=\"http:\/\/filo.unt.edu.ar\/inihlep\/2021\/06\/07\/estela-calvente\/\">Estela Calvente<\/a><\/p>\n<p><a href=\"http:\/\/filo.unt.edu.ar\/inihlep\/2021\/06\/07\/daniel-gustavo-cortes-navarro\/\">Daniel Gustavo Cort\u00e9s Navarro<\/a><\/p>\n<p><a href=\"http:\/\/filo.unt.edu.ar\/inihlep\/2021\/06\/07\/luis-gonzalez-alvo\/\">Luis Gonz\u00e1lez Alvo<\/a><\/p>\n<p><a href=\"http:\/\/filo.unt.edu.ar\/inihlep\/2021\/06\/07\/maria-cecilia-guerra-orozco\/\">Mar\u00eda Cecilia Guerra Orozco<\/a><\/p>\n<p><a href=\"http:\/\/filo.unt.edu.ar\/inihlep\/2021\/08\/02\/daniel-jimenez\/\">Daniel Jim\u00e9nez<\/a><\/p>\n<p><a href=\"http:\/\/filo.unt.edu.ar\/inihlep\/2021\/08\/09\/valentina-mitrovich\/\">Valentina Mitrovich<\/a><\/p>\n<p><a href=\"http:\/\/filo.unt.edu.ar\/inihlep\/2021\/08\/06\/facundo-nanni\/\">Facundo Nanni<\/a><\/p>\n<p><a href=\"http:\/\/filo.unt.edu.ar\/inihlep\/2021\/06\/07\/silvia-gabriela-nassif\/\">Silvia Gabriela Nassif<\/a><\/p>\n<p><a href=\"http:\/\/filo.unt.edu.ar\/inihlep\/2021\/06\/07\/veronica-ovejero\/\">Ver\u00f3nica Ovejero<\/a><\/p>\n<p><a href=\"http:\/\/filo.unt.edu.ar\/inihlep\/2021\/06\/07\/esteban-piliponsky\/\">Esteban Piliponsky<\/a><\/p>\n<p><a href=\"http:\/\/filo.unt.edu.ar\/inihlep\/2021\/06\/07\/gustavo-nicolas-salvatierra\/\">Gustavo Nicol\u00e1s Salvatierra<\/a><\/p>\n<p><a href=\"http:\/\/filo.unt.edu.ar\/inihlep\/2021\/06\/07\/maria-marta-segura\/\">Mar\u00eda Marta Segura<\/a><\/p>\n<p>&nbsp;<\/p>\n<p><a href=\"http:\/\/filo.unt.edu.ar\/inihlep\/2021\/06\/07\/liliana-soraire\/\">Liliana Soraire<\/a><\/p>\n<p><a href=\"http:\/\/filo.unt.edu.ar\/inihlep\/2021\/06\/07\/gabriela-tio-vallejo\/\">Gabriela T\u00edo Vallejo<\/a><\/p>\n<p><a href=\"http:\/\/filo.unt.edu.ar\/inihlep\/2021\/08\/23\/lucia-vidal\/\">Luc\u00eda Vidal<\/a><\/p>\n<p><a href=\"http:\/\/filo.unt.edu.ar\/inihlep\/2021\/06\/07\/daniela-wieder\/\">Daniela Wieder<\/a><\/p>\n<p><a href=\"http:\/\/filo.unt.edu.ar\/inihlep\/2021\/06\/07\/ana-cristina-wilde\/\">Ana Cristina Wilde<\/a><\/p>\n<p>&nbsp;<\/p>\n<\/div><\/div><\/div><\/div><\/div>","protected":false},"excerpt":{"rendered":"<p>Directora:\u00a0Matilde Silva Comisi\u00f3n de asesoramiento t\u00e9cnico: Beatriz Garrido Miembros: Oscar Pavetti Jos\u00e9 Ren\u00e9 \u00c1lvarez Pablo Dar\u00edo Arjona Ib\u00e1\u00f1ez Estela Calvente Daniel Gustavo Cort\u00e9s Navarro Luis Gonz\u00e1lez Alvo Mar\u00eda Cecilia Guerra Orozco Daniel Jim\u00e9nez Valentina Mitrovich Facundo Nanni Silvia Gabriela Nassif Ver\u00f3nica Ovejero Esteban Piliponsky Gustavo Nicol\u00e1s Salvatierra Mar\u00eda Marta Segura &nbsp; Liliana Soraire Gabriela T\u00edo [&hellip;]<\/p>\n","protected":false},"author":1,"featured_media":0,"parent":0,"menu_order":0,"comment_status":"closed","ping_status":"closed","template":"","meta":{"footnotes":""},"class_list":["post-62","page","type-page","status-publish","hentry","post"],"_links":{"self":[{"href":"https:\/\/filo.unt.edu.ar\/inihlep\/wp-json\/wp\/v2\/pages\/62","targetHints":{"allow":["GET"]}}],"collection":[{"href":"https:\/\/filo.unt.edu.ar\/inihlep\/wp-json\/wp\/v2\/pages"}],"about":[{"href":"https:\/\/filo.unt.edu.ar\/inihlep\/wp-json\/wp\/v2\/types\/page"}],"author":[{"embeddable":true,"href":"https:\/\/filo.unt.edu.ar\/inihlep\/wp-json\/wp\/v2\/users\/1"}],"replies":[{"embeddable":true,"href":"https:\/\/filo.unt.edu.ar\/inihlep\/wp-json\/wp\/v2\/comments?post=62"}],"version-history":[{"count":30,"href":"https:\/\/filo.unt.edu.ar\/inihlep\/wp-json\/wp\/v2\/pages\/62\/revisions"}],"predecessor-version":[{"id":547,"href":"https:\/\/filo.unt.edu.ar\/inihlep\/wp-json\/wp\/v2\/pages\/62\/revisions\/547"}],"wp:attachment":[{"href":"https:\/\/filo.unt.edu.ar\/inihlep\/wp-json\/wp\/v2\/media?parent=62"}],"curies":[{"name":"wp","href":"https:\/\/api.w.org\/{rel}","templated":true}]}}