{"id":54,"date":"2021-05-31T17:10:05","date_gmt":"2021-05-31T20:10:05","guid":{"rendered":"http:\/\/filo.unt.edu.ar\/inihlep\/?page_id=54"},"modified":"2021-08-02T11:33:26","modified_gmt":"2021-08-02T14:33:26","slug":"posgrado","status":"publish","type":"page","link":"https:\/\/filo.unt.edu.ar\/inihlep\/posgrado\/","title":{"rendered":"Posgrado"},"content":{"rendered":"<div id=\"pl-54\"  class=\"panel-layout\" ><div id=\"pg-54-0\"  class=\"panel-grid panel-no-style\" ><div id=\"pgc-54-0-0\"  class=\"panel-grid-cell\" ><div id=\"panel-54-0-0-0\" class=\"so-panel widget widget_black-studio-tinymce widget_black_studio_tinymce panel-first-child panel-last-child\" data-index=\"0\" ><div class=\"textwidget\"><p style=\"text-align: left\"><strong>MAESTR\u00cdA Y DOCTORADO EN CIENCIAS SOCIALES<\/strong><\/p>\n<p style=\"text-align: left\">En el a\u00f1o 1995, INIHLEP junto al Instituto de Estudios Geogr\u00e1ficos, fund\u00f3 el primer programa de posgrado en Ciencias Sociales del Noroeste Argentino.<\/p>\n<p style=\"text-align: left\">Con m\u00e1s de 20 a\u00f1os de trayectoria, la Maestr\u00eda y Doctorado en Ciencias Sociales se presenta como una excelente opci\u00f3n para completar estudios de posgraduaci\u00f3n en el NOA.<\/p>\n<p style=\"text-align: left\">Carrera creada seg\u00fan Resoluciones n\u00b00067\/1995 (Maestr\u00eda) y 0683\/2001 (el Doctorado) del Honorable Consejo Superior de la UNT. Reformulaci\u00f3n del Programa aprobada seg\u00fan la Resoluci\u00f3n n\u00ba0694\/00710 del Honorable Consejo Superior de la UNT.\u00a0El Doctorado ha sido est\u00e1 acreditado por la CONEAU bajo Res. n\u00ba 331\/13 y la Maestr\u00eda bajo Res. n\u00ba 537\/11 ambas carreras han sido categorizadas como \u201cB\u201d<\/p>\n<p style=\"text-align: left\"><strong>AUTORIDADES<\/strong><\/p>\n<p style=\"text-align: left\">Directora del Doctorado: Dra. Patricia Ortiz de D\u00b4Arterio<\/p>\n<p style=\"text-align: left\">Co-Directora del Doctorado: Dra. Hilda Beatriz Garrido<\/p>\n<p style=\"text-align: left\">COMIT\u00c9 ACAD\u00c9MICO<\/p>\n<p style=\"text-align: left\">Dra. Sandra Liliana Mansilla, Dra. Luc\u00eda Vidal Sanz, Dr. Facundo Nanni, Mg. Oscar Pavetti, Dra. Ana Isabel Rivas, Dra. Nora Beatriz Puente.<\/p>\n<p style=\"text-align: left\"><strong>OBJETIVOS GENERALES<\/strong><\/p>\n<p style=\"text-align: left\">Este programa de Maestr\u00eda y Doctorado tiene por objetivo posibilitar el perfeccionamiento y la formaci\u00f3n acad\u00e9mica superior de los graduados universitarios en el \u00e1rea de las ciencias sociales, especialmente en Historia y Geograf\u00eda.\u00a0Se propone adem\u00e1s brindar la formaci\u00f3n necesaria en los campos te\u00f3ricos y metodol\u00f3gicos para el desarrollo de la investigaci\u00f3n y el mejoramiento de la calidad de la docencia superior universitaria.<\/p>\n<p style=\"text-align: left\"><strong>PERFIL DEL EGRESADO<\/strong><\/p>\n<p style=\"text-align: left\">Se espera que nuestro egresado haya consolidado su formaci\u00f3n disciplinaria en los campos de las ciencias sociales y humanas.\u00a0Se tiende a que los egresados incorporen como proyecto propio la vocaci\u00f3n por el estudio y el perfeccionamiento permanentes, potenciando de tal manera su capacidad para el ejercicio de la docencia y la investigaci\u00f3n, convirti\u00e9ndose en agentes de la producci\u00f3n de conocimientos, de la mejora de la calidad del sistema educativo y de la formulaci\u00f3n de respuestas ante las problem\u00e1ticas del medio.\u00a0Nuestro egresado deber\u00e1 caracterizarse por el rigor cient\u00edfico, la libertad intelectual, la generosidad y la responsabilidad social.<\/p>\n<p style=\"text-align: left\"><strong>ESTRUCTURA CURRICULAR Y REGLAMENTO<\/strong><\/p>\n<p style=\"text-align: left\">La Maestr\u00eda y el Doctorado en Ciencias Sociales (orientaci\u00f3n Historia y Geograf\u00eda) son dos carreras articuladas entre si, que a la vez pueden ser cursadas en forma independiente.\u00a0El Doctorado en Ciencias Sociales tendr\u00e1 una carga horaria de 700 horas y la Maestr\u00eda en Ciencias Sociales una carga horario de 540 horas.\u00a0Tienen una organizaci\u00f3n semiestructurada, cuyo prop\u00f3sito es brindar una oferta de cursos de contenido metodol\u00f3gico, de formaci\u00f3n general y especializada en Historia y Geograf\u00eda, organizados en:\u00a0Asignaturas b\u00e1sicas (Metodolog\u00eda en Ciencias Sociales: 50 horas;\u00a0Seminario de Elaboraci\u00f3n de Proyecto: 150 horas;\u00a0Seminario de Elaboraci\u00f3n de Tesis: 150 horas)<br \/>\nAsignaturas espec\u00edficas<\/p>\n<p style=\"text-align: left\">Haga click en este enlace para descargar el Reglamento de la Maestr\u00eda y Doctorado en Ciencias Sociales.<\/p>\n<p style=\"text-align: left\"><strong>REQUISITOS DE ADMISI\u00d3N<\/strong><\/p>\n<p style=\"text-align: left\">T\u00edtulo de profesor o licenciado en historia o geograf\u00eda (o carreras universitarias afines) otorgados por universidades argentinas o extranjeras.\u00a0Promedio no menor de 6 (seis) en la escala 1 a 10, en su respectiva carrera universitaria.\u00a0Los postulantes con t\u00edtulo de nivel superior no universitario (carreras de cuatro a\u00f1os de duraci\u00f3n como m\u00ednimo) no podr\u00e1n superar el 10% del n\u00famero de alumnos inscriptos.<br \/>\nLos interesados deber\u00e1n concurrir a la sede del Doctorado con la siguiente documentaci\u00f3n:<br \/>\nCopia de su Titulo de Grado<br \/>\nCopia de su Anal\u00edtico de Grado<br \/>\nCopia de DNI<br \/>\nCv del postulante<\/p>\n<p style=\"text-align: left\">Para m\u00e1s informaci\u00f3n ingresar a\u00a0<a href=\"http:\/\/filo.unt.edu.ar\/doctorado-en-ciencias-sociales\/\" target=\"_blank\" rel=\"noopener\">http:\/\/filo.unt.edu.ar\/doctorado-en-ciencias-sociales\/<\/a><\/p>\n<\/div><\/div><\/div><\/div><\/div>","protected":false},"excerpt":{"rendered":"<p>MAESTR\u00cdA Y DOCTORADO EN CIENCIAS SOCIALES En el a\u00f1o 1995, INIHLEP junto al Instituto de Estudios Geogr\u00e1ficos, fund\u00f3 el primer programa de posgrado en Ciencias Sociales del Noroeste Argentino. Con m\u00e1s de 20 a\u00f1os de trayectoria, la Maestr\u00eda y Doctorado en Ciencias Sociales se presenta como una excelente opci\u00f3n para completar estudios de posgraduaci\u00f3n en [&hellip;]<\/p>\n","protected":false},"author":1,"featured_media":0,"parent":0,"menu_order":0,"comment_status":"closed","ping_status":"closed","template":"","meta":{"footnotes":""},"class_list":["post-54","page","type-page","status-publish","hentry","post"],"_links":{"self":[{"href":"https:\/\/filo.unt.edu.ar\/inihlep\/wp-json\/wp\/v2\/pages\/54","targetHints":{"allow":["GET"]}}],"collection":[{"href":"https:\/\/filo.unt.edu.ar\/inihlep\/wp-json\/wp\/v2\/pages"}],"about":[{"href":"https:\/\/filo.unt.edu.ar\/inihlep\/wp-json\/wp\/v2\/types\/page"}],"author":[{"embeddable":true,"href":"https:\/\/filo.unt.edu.ar\/inihlep\/wp-json\/wp\/v2\/users\/1"}],"replies":[{"embeddable":true,"href":"https:\/\/filo.unt.edu.ar\/inihlep\/wp-json\/wp\/v2\/comments?post=54"}],"version-history":[{"count":6,"href":"https:\/\/filo.unt.edu.ar\/inihlep\/wp-json\/wp\/v2\/pages\/54\/revisions"}],"predecessor-version":[{"id":411,"href":"https:\/\/filo.unt.edu.ar\/inihlep\/wp-json\/wp\/v2\/pages\/54\/revisions\/411"}],"wp:attachment":[{"href":"https:\/\/filo.unt.edu.ar\/inihlep\/wp-json\/wp\/v2\/media?parent=54"}],"curies":[{"name":"wp","href":"https:\/\/api.w.org\/{rel}","templated":true}]}}