{"id":36,"date":"2021-05-31T16:52:03","date_gmt":"2021-05-31T19:52:03","guid":{"rendered":"http:\/\/filo.unt.edu.ar\/inihlep\/?page_id=36"},"modified":"2022-06-16T12:07:29","modified_gmt":"2022-06-16T15:07:29","slug":"investigacion","status":"publish","type":"page","link":"https:\/\/filo.unt.edu.ar\/inihlep\/investigacion\/","title":{"rendered":"Investigaci\u00f3n"},"content":{"rendered":"<div id=\"pl-36\"  class=\"panel-layout\" ><div id=\"pg-36-0\"  class=\"panel-grid panel-no-style\" ><div id=\"pgc-36-0-0\"  class=\"panel-grid-cell\" ><div id=\"panel-36-0-0-0\" class=\"so-panel widget widget_black-studio-tinymce widget_black_studio_tinymce panel-first-child panel-last-child\" data-index=\"0\" ><div class=\"textwidget\"><p style=\"text-align: left\">Desde 1988 INIHLEP ha sido sede de numerosos proyectos de investigaci\u00f3n financiados por la Secretar\u00eda de Ciencia, Arte e Innovaci\u00f3n Tecnol\u00f3gica de la Universidad Nacional de Tucum\u00e1n (SCAIT) y lugar de trabajo de becarios doctorales de CONICET.<\/p>\n<p style=\"text-align: left\">Entre\u00a02004 y 2007 \u00a0investigadores de INIHLEP integraron el equipo del Proyecto PICT REDES 2002, n\u00ba 00248, titulado \u201cAutoritarismo, integrismo y antisemitismo en la cultura pol\u00edtica de la Argentina contempor\u00e1nea\u201d, dirigido por el director acad\u00e9mico de CEANA (Comisi\u00f3n para el Esclarecimiento de actividades Nazis en la Argentina), Ignacio \u00a0Klich.<\/p>\n<p style=\"text-align: left\">Integrantes de INIHLEP tambi\u00e9n participaron del\u00a0Proyecto PIP\u00a0(CONICET)\u00a02013-2015 GI \u201cJusticia de proximidad y organizaci\u00f3n del territorio. Normas, procedimientos y culturas jur\u00eddicas de jueces menores en Tucum\u00e1n, Mendoza y Santa Fe (1782-1833)\u201d, dirigido por el investigador de CONICET\u00a0Dar\u00edo G. Barriera.<\/p>\n<p style=\"text-align: left\">INIHLEP es lugar de trabajo de docentes-investigadores de carrera y becarios doctorales de CONICET. Actualmente los proyectos de investigaci\u00f3n en vigencia financiados por el SCAIT son los siguientes:<\/p>\n<p style=\"text-align: left\">\u201cEducaci\u00f3n pol\u00edtica y sociedad en Tucum\u00e1n, entre el pasado y el presente. Perspectivas cr\u00edticas\u201d dirigido por Marta Barbieri<\/p>\n<p style=\"text-align: left\">\u201cTucum\u00e1n entre cultura jurisdiccional y cultura estatal, siglos XVIII al XX\u201d dirigido por Gabriela T\u00edo Vallejo<\/p>\n<p style=\"text-align: left\">\u201cRepresentaciones sociales y construcciones de g\u00e9nero: estudio sobre las percepciones de la poblaci\u00f3n juvenil de San Miguel de Tucum\u00e1n\u201d dirigido por Hilda Beatr\u00edz Garrido.<\/p>\n<\/div><\/div><\/div><\/div><div id=\"pg-36-1\"  class=\"panel-grid panel-no-style\" ><div id=\"pgc-36-1-0\"  class=\"panel-grid-cell\" ><div id=\"panel-36-1-0-0\" class=\"so-panel widget widget_black-studio-tinymce widget_black_studio_tinymce panel-first-child panel-last-child\" data-index=\"1\" ><div class=\"textwidget\"><p>[wp_show_posts id=\"52\"]<\/p>\n<\/div><\/div><\/div><\/div><\/div>","protected":false},"excerpt":{"rendered":"<p>Desde 1988 INIHLEP ha sido sede de numerosos proyectos de investigaci\u00f3n financiados por la Secretar\u00eda de Ciencia, Arte e Innovaci\u00f3n Tecnol\u00f3gica de la Universidad Nacional de Tucum\u00e1n (SCAIT) y lugar de trabajo de becarios doctorales de CONICET. Entre\u00a02004 y 2007 \u00a0investigadores de INIHLEP integraron el equipo del Proyecto PICT REDES 2002, n\u00ba 00248, titulado \u201cAutoritarismo, [&hellip;]<\/p>\n","protected":false},"author":1,"featured_media":0,"parent":0,"menu_order":0,"comment_status":"closed","ping_status":"closed","template":"","meta":{"footnotes":""},"class_list":["post-36","page","type-page","status-publish","hentry","post"],"_links":{"self":[{"href":"https:\/\/filo.unt.edu.ar\/inihlep\/wp-json\/wp\/v2\/pages\/36","targetHints":{"allow":["GET"]}}],"collection":[{"href":"https:\/\/filo.unt.edu.ar\/inihlep\/wp-json\/wp\/v2\/pages"}],"about":[{"href":"https:\/\/filo.unt.edu.ar\/inihlep\/wp-json\/wp\/v2\/types\/page"}],"author":[{"embeddable":true,"href":"https:\/\/filo.unt.edu.ar\/inihlep\/wp-json\/wp\/v2\/users\/1"}],"replies":[{"embeddable":true,"href":"https:\/\/filo.unt.edu.ar\/inihlep\/wp-json\/wp\/v2\/comments?post=36"}],"version-history":[{"count":7,"href":"https:\/\/filo.unt.edu.ar\/inihlep\/wp-json\/wp\/v2\/pages\/36\/revisions"}],"predecessor-version":[{"id":660,"href":"https:\/\/filo.unt.edu.ar\/inihlep\/wp-json\/wp\/v2\/pages\/36\/revisions\/660"}],"wp:attachment":[{"href":"https:\/\/filo.unt.edu.ar\/inihlep\/wp-json\/wp\/v2\/media?parent=36"}],"curies":[{"name":"wp","href":"https:\/\/api.w.org\/{rel}","templated":true}]}}