{"id":30,"date":"2021-05-31T12:08:17","date_gmt":"2021-05-31T15:08:17","guid":{"rendered":"http:\/\/filo.unt.edu.ar\/inihlep\/?page_id=30"},"modified":"2023-08-14T11:02:20","modified_gmt":"2023-08-14T14:02:20","slug":"historia-del-instituto","status":"publish","type":"page","link":"https:\/\/filo.unt.edu.ar\/inihlep\/historia-del-instituto\/","title":{"rendered":"Historia del Instituto"},"content":{"rendered":"<div id=\"pl-30\"  class=\"panel-layout\" ><div id=\"pg-30-0\"  class=\"panel-grid panel-no-style\" ><div id=\"pgc-30-0-0\"  class=\"panel-grid-cell\" ><div id=\"panel-30-0-0-0\" class=\"so-panel widget widget_black-studio-tinymce widget_black_studio_tinymce panel-first-child panel-last-child\" data-index=\"0\" ><div class=\"textwidget\"><p style=\"text-align: left\">El <strong>Instituto de Investigaciones Hist\u00f3ricas Dr. Ram\u00f3n Leoni Pinto (INIHLEP)<\/strong>, creado en junio del a\u00f1o 1988, es fruto de la renovaci\u00f3n historiogr\u00e1fica argentina en el marco del retorno a la democracia.<\/p>\n<p style=\"text-align: left\">La estructura institucional del INIHLEP fue creada sobre la base de dos instituciones de investigaci\u00f3n preexistentes de la Facultad de Filosof\u00eda y Letras: el Ateneo de Estudios de Historia General (1983-1984) y el Instituto de Historia General (1984-1988), ambos dirigidos por la profesora Mar\u00eda Victoria Dappe, disc\u00edpula de Roger Labrousse.<\/p>\n<p style=\"text-align: left\">El 30 de junio de 1988, por iniciativa del profesor Luis Marcos Bonano, el Instituto de\u00a0Historia General pas\u00f3 a denominarse Instituto de Investigaciones Hist\u00f3ricas. En 1994, luego del fallecimiento del Dr. Ram\u00f3n Leoni Pinto, uno de los historiadores m\u00e1s importantes de la provincia, se coloc\u00f3 su nombre al Instituto como homenaje p\u00f3stumo. El INIHLEP tiene su sede en el aula 101 de la Facultad de Filosof\u00eda y Letras.<\/p>\n<p style=\"text-align: left\"><strong>DIRECTORES DEL INIHLEP<\/strong><\/p>\n<p style=\"text-align: left\">1988-1992: Luis Marcos Bonano<\/p>\n<p style=\"text-align: left\">1992-1996: Enriqueta Bezi\u00e1n de Busquets<\/p>\n<p style=\"text-align: left\">1996-1998: Ana N\u00e9lida Baraza de Fonts<\/p>\n<p style=\"text-align: left\">1998-2002: Judith Casalit de Babot<\/p>\n<p style=\"text-align: left\">2002-2006: Luis Marcos Bonano<\/p>\n<p style=\"text-align: left\">2006-2011: Gabriela Tio Vallejo<\/p>\n<p style=\"text-align: left\">2011-2015: Norma Ben Altabef<\/p>\n<p style=\"text-align: left\">2015-2021: Oscar Am\u00e9rico Pavetti<\/p>\n<p>2021 hasta la fecha: Matilde Silva<\/p>\n<\/div><\/div><\/div><\/div><\/div>","protected":false},"excerpt":{"rendered":"<p>El Instituto de Investigaciones Hist\u00f3ricas Dr. Ram\u00f3n Leoni Pinto (INIHLEP), creado en junio del a\u00f1o 1988, es fruto de la renovaci\u00f3n historiogr\u00e1fica argentina en el marco del retorno a la democracia. La estructura institucional del INIHLEP fue creada sobre la base de dos instituciones de investigaci\u00f3n preexistentes de la Facultad de Filosof\u00eda y Letras: el [&hellip;]<\/p>\n","protected":false},"author":1,"featured_media":0,"parent":0,"menu_order":0,"comment_status":"closed","ping_status":"closed","template":"","meta":{"footnotes":""},"class_list":["post-30","page","type-page","status-publish","hentry","post"],"_links":{"self":[{"href":"https:\/\/filo.unt.edu.ar\/inihlep\/wp-json\/wp\/v2\/pages\/30","targetHints":{"allow":["GET"]}}],"collection":[{"href":"https:\/\/filo.unt.edu.ar\/inihlep\/wp-json\/wp\/v2\/pages"}],"about":[{"href":"https:\/\/filo.unt.edu.ar\/inihlep\/wp-json\/wp\/v2\/types\/page"}],"author":[{"embeddable":true,"href":"https:\/\/filo.unt.edu.ar\/inihlep\/wp-json\/wp\/v2\/users\/1"}],"replies":[{"embeddable":true,"href":"https:\/\/filo.unt.edu.ar\/inihlep\/wp-json\/wp\/v2\/comments?post=30"}],"version-history":[{"count":3,"href":"https:\/\/filo.unt.edu.ar\/inihlep\/wp-json\/wp\/v2\/pages\/30\/revisions"}],"predecessor-version":[{"id":768,"href":"https:\/\/filo.unt.edu.ar\/inihlep\/wp-json\/wp\/v2\/pages\/30\/revisions\/768"}],"wp:attachment":[{"href":"https:\/\/filo.unt.edu.ar\/inihlep\/wp-json\/wp\/v2\/media?parent=30"}],"curies":[{"name":"wp","href":"https:\/\/api.w.org\/{rel}","templated":true}]}}