{"id":24,"date":"2021-05-31T12:05:02","date_gmt":"2021-05-31T15:05:02","guid":{"rendered":"http:\/\/filo.unt.edu.ar\/inihlep\/?page_id=24"},"modified":"2022-03-21T09:53:15","modified_gmt":"2022-03-21T12:53:15","slug":"sobre-el-dr-ramon-leoni-pinto","status":"publish","type":"page","link":"https:\/\/filo.unt.edu.ar\/inihlep\/sobre-el-dr-ramon-leoni-pinto\/","title":{"rendered":"Sobre el Dr. Ram\u00f3n Leoni Pinto"},"content":{"rendered":"<div id=\"pl-24\"  class=\"panel-layout\" ><div id=\"pg-24-0\"  class=\"panel-grid panel-no-style\" ><div id=\"pgc-24-0-0\"  class=\"panel-grid-cell\" ><div id=\"panel-24-0-0-0\" class=\"so-panel widget widget_black-studio-tinymce widget_black_studio_tinymce panel-first-child panel-last-child\" data-index=\"0\" ><div class=\"textwidget\"><p><img loading=\"lazy\" decoding=\"async\" class=\"alignnone size-full wp-image-560\" src=\"http:\/\/filo.unt.edu.ar\/inihlep\/wp-content\/uploads\/sites\/101\/2022\/03\/ramon-leoni.jpg\" alt=\"\" width=\"260\" height=\"293\" \/><br \/>\nRam\u00f3n Antonio Leoni Pinto naci\u00f3 en Santiago del Estero en 1934 y se radic\u00f3 en Tucum\u00e1n a los 18 a\u00f1os para iniciar sus estudios universitarios, egresando con el t\u00edtulo de Profesor en Historia.<\/p>\n<p style=\"text-align: left\">Cumpli\u00f3 en la Facultad de Filosof\u00eda y Letras de la\u00a0Universidad Nacional de Tucum\u00e1n una fruct\u00edfera labor docente, llegando a ocupar el cargo de Profesor titular de la asignatura \u201cM\u00e9todos y t\u00e9cnicas de la investigaci\u00f3n hist\u00f3rica\u201d. Fue\u00a0designado miembro correspondiente de la Academia Nacional de Historia, a la que se incorpor\u00f3 en 1987 con una disertaci\u00f3n sobre \u201cEl aporte de Juan B. Ter\u00e1n a la historiograf\u00eda de Tucum\u00e1n\u201d.\u00a0En 1995 obtuvo el t\u00edtulo de Doctor en Historia con una tesis titulada \u201cTucum\u00e1n y el norte argentino durante las guerras de independencia (1810-1825)\u201d.<\/p>\n<p style=\"text-align: left\">Public\u00f3 numerosos\u00a0art\u00edculos de investigaci\u00f3n y divulgaci\u00f3n\u00a0en revistas y peri\u00f3dicos. Fue coautor del Tomo 11 de la obra editada en 1996 por la Academia para conmemorar el Centenario de la creaci\u00f3n de la Junta de Historia y Numism\u00e1tica Americana. En esa obra colectiva aport\u00f3 dos trabajos denominados \u201cLa sociolog\u00eda y los historiadores\u201d y \u201cLa historiograf\u00eda y los historiadores. Tambi\u00e9n public\u00f3 en coautor\u00eda \u201cLa Municipalidad. San Miguel de Tucum\u00e1n. 1565-1967\u201d. Su \u00faltimo libro publicado fue \u201cObra y pensamiento historiogr\u00e1fico de Bernardo Canal Feij\u00f3o\u201d, que se conoci\u00f3 en 1998, el mismo a\u00f1o de su fallecimiento.<\/p>\n<\/div><\/div><\/div><\/div><\/div>","protected":false},"excerpt":{"rendered":"<p>Ram\u00f3n Antonio Leoni Pinto naci\u00f3 en Santiago del Estero en 1934 y se radic\u00f3 en Tucum\u00e1n a los 18 a\u00f1os para iniciar sus estudios universitarios, egresando con el t\u00edtulo de Profesor en Historia. Cumpli\u00f3 en la Facultad de Filosof\u00eda y Letras de la\u00a0Universidad Nacional de Tucum\u00e1n una fruct\u00edfera labor docente, llegando a ocupar el cargo [&hellip;]<\/p>\n","protected":false},"author":1,"featured_media":0,"parent":0,"menu_order":0,"comment_status":"closed","ping_status":"closed","template":"","meta":{"footnotes":""},"class_list":["post-24","page","type-page","status-publish","hentry","post"],"_links":{"self":[{"href":"https:\/\/filo.unt.edu.ar\/inihlep\/wp-json\/wp\/v2\/pages\/24","targetHints":{"allow":["GET"]}}],"collection":[{"href":"https:\/\/filo.unt.edu.ar\/inihlep\/wp-json\/wp\/v2\/pages"}],"about":[{"href":"https:\/\/filo.unt.edu.ar\/inihlep\/wp-json\/wp\/v2\/types\/page"}],"author":[{"embeddable":true,"href":"https:\/\/filo.unt.edu.ar\/inihlep\/wp-json\/wp\/v2\/users\/1"}],"replies":[{"embeddable":true,"href":"https:\/\/filo.unt.edu.ar\/inihlep\/wp-json\/wp\/v2\/comments?post=24"}],"version-history":[{"count":4,"href":"https:\/\/filo.unt.edu.ar\/inihlep\/wp-json\/wp\/v2\/pages\/24\/revisions"}],"predecessor-version":[{"id":561,"href":"https:\/\/filo.unt.edu.ar\/inihlep\/wp-json\/wp\/v2\/pages\/24\/revisions\/561"}],"wp:attachment":[{"href":"https:\/\/filo.unt.edu.ar\/inihlep\/wp-json\/wp\/v2\/media?parent=24"}],"curies":[{"name":"wp","href":"https:\/\/api.w.org\/{rel}","templated":true}]}}