{"id":139,"date":"2021-06-02T12:25:29","date_gmt":"2021-06-02T15:25:29","guid":{"rendered":"http:\/\/filo.unt.edu.ar\/inihlep\/?page_id=139"},"modified":"2021-08-04T10:23:34","modified_gmt":"2021-08-04T13:23:34","slug":"inicio-mayo-2021","status":"publish","type":"page","link":"https:\/\/filo.unt.edu.ar\/inihlep\/","title":{"rendered":"Inicio Mayo 2021"},"content":{"rendered":"<div id=\"pl-139\"  class=\"panel-layout\" ><div id=\"pg-139-0\"  class=\"panel-grid panel-no-style\" ><div id=\"pgc-139-0-0\"  class=\"panel-grid-cell\" ><div id=\"panel-139-0-0-0\" class=\"so-panel widget widget_black-studio-tinymce widget_black_studio_tinymce panel-first-child panel-last-child\" data-index=\"0\" ><div class=\"textwidget\"><p>El Instituto de Investigaciones Hist\u00f3ricas \u201cDr. Ram\u00f3n Leoni Pinto\u201d (INIHLEP) es una instituci\u00f3n dedicada a la investigaci\u00f3n, asesoramiento y difusi\u00f3n del conocimiento hist\u00f3rico. Tuvo sus or\u00edgenes en 1988 cuando docentes de la Facultad de Filosof\u00eda y Letras de la Universidad Nacional de Tucum\u00e1n tuvieron la iniciativa de fundar un espacio para complementar e impulsar la tarea profesional de los historiadores y sirviese como herramienta de divulgaci\u00f3n de los conocimientos hist\u00f3ricos al medio.<\/p>\n<p>Est\u00e1 integrado por docentes investigadores, becarios, tesistas y estudiantes de grado y postgrado, quienes fueron desarrollando distintas l\u00edneas investigativas que se fueron renovando en el tiempo. La tem\u00e1tica en general estuvo abocada al estudio de la sociedad colonial, las transformaciones que trajo la revoluci\u00f3n y la independencia, la industria azucarera, la problem\u00e1tica pol\u00edtica y social para la construcci\u00f3n estatal provincial y nacional, la educaci\u00f3n, las representaciones sociales sobre los g\u00e9neros, los actores pol\u00edticos, sociales y econ\u00f3micos que se desarrollaron entre los siglos XIX y XX, conjuntamente con sus procesos y conflictos hist\u00f3ricos.<\/p>\n<p>Los equipos de investigaci\u00f3n que se formaron al calor del INIHLEP obtuvieron reconocimiento y subsidios para financiar su labor por parte del Consejo de Investigaciones de la Universidad Nacional de Tucum\u00e1n (CIUNT) desde 1988; y, de organismos nacionales e internacionales, como el Fondo Nacional de Ciencia y T\u00e9cnica (FONCyT), el Consejo de Investigaciones de la Junta de Andaluc\u00eda (Espa\u00f1a), el United States Holocaust Museum (USHM, Washington), el Centro Parque Espa\u00f1a (Rosario) y el Consejo Federal de Inversiones (CFI). En tanto que individualmente, sus miembros registran estad\u00edas en instituciones del extranjero a trav\u00e9s de becas e invitaciones, adem\u00e1s de la labor investigativa y de docencia, que les ha permitido avanzar en su formaci\u00f3n.<\/p>\n<p>Tambi\u00e9n el INIHLEP estuvo desde sus comienzos comprometido con la formaci\u00f3n de los historiadores, creando en 1995, el primer programa de posgrado en Ciencias Sociales del Noroeste Argentino en alianza con el <a href=\"http:\/\/www.filo.unt.edu.ar\/ieg\/\">Instituto de Estudios Geogr\u00e1ficos<\/a> de nuestra Facultad: la Maestr\u00eda y Doctorado en Ciencias Sociales (Orientaci\u00f3n Geograf\u00eda-Historia) y actualmente Doctorado en Ciencias Sociales. Asimismo, se encuentra en estos momentos bregando por la creaci\u00f3n de del Doctorado en Red: Estudios Sociales y Pol\u00edticos Regionales con las Universidades Nacionales de Santiago del Estero, La Rioja, Catamarca y Tucum\u00e1n, proceso que se encuentra en la etapa de evaluaci\u00f3n por la CONEAU.<\/p>\n<p>La organizaci\u00f3n de eventos cient\u00edficos tambi\u00e9n ha resultado una tarea valiosa impulsada por el INIHLEP. Desde el Instituto se han organizado importantes jornadas dedicadas a Historia de la Educaci\u00f3n, Historia de las Prisiones e Historia Pol\u00edtica y de la Industria Azucarera. Asimismo, los miembros del instituto participan regularmente de las jornadas y encuentros cient\u00edficos de la academia nacional e internacional. Tambi\u00e9n edita obras bajo el sello editorial de la Facultad de Filosof\u00eda y Letras y publica la revista cient\u00edfica indexada Revista de Historia de las Prisiones (<a href=\"http:\/\/revistadeprisiones.com\/\">http:\/\/revistadeprisiones.com\/<\/a>)<\/p>\n<\/div><\/div><\/div><\/div><\/div>","protected":false},"excerpt":{"rendered":"<p>El Instituto de Investigaciones Hist\u00f3ricas \u201cDr. Ram\u00f3n Leoni Pinto\u201d (INIHLEP) es una instituci\u00f3n dedicada a la investigaci\u00f3n, asesoramiento y difusi\u00f3n del conocimiento hist\u00f3rico. Tuvo sus or\u00edgenes en 1988 cuando docentes de la Facultad de Filosof\u00eda y Letras de la Universidad Nacional de Tucum\u00e1n tuvieron la iniciativa de fundar un espacio para complementar e impulsar la [&hellip;]<\/p>\n","protected":false},"author":1,"featured_media":0,"parent":0,"menu_order":0,"comment_status":"closed","ping_status":"closed","template":"home-panels.php","meta":{"footnotes":""},"class_list":["post-139","page","type-page","status-publish","hentry","post"],"_links":{"self":[{"href":"https:\/\/filo.unt.edu.ar\/inihlep\/wp-json\/wp\/v2\/pages\/139","targetHints":{"allow":["GET"]}}],"collection":[{"href":"https:\/\/filo.unt.edu.ar\/inihlep\/wp-json\/wp\/v2\/pages"}],"about":[{"href":"https:\/\/filo.unt.edu.ar\/inihlep\/wp-json\/wp\/v2\/types\/page"}],"author":[{"embeddable":true,"href":"https:\/\/filo.unt.edu.ar\/inihlep\/wp-json\/wp\/v2\/users\/1"}],"replies":[{"embeddable":true,"href":"https:\/\/filo.unt.edu.ar\/inihlep\/wp-json\/wp\/v2\/comments?post=139"}],"version-history":[{"count":18,"href":"https:\/\/filo.unt.edu.ar\/inihlep\/wp-json\/wp\/v2\/pages\/139\/revisions"}],"predecessor-version":[{"id":427,"href":"https:\/\/filo.unt.edu.ar\/inihlep\/wp-json\/wp\/v2\/pages\/139\/revisions\/427"}],"wp:attachment":[{"href":"https:\/\/filo.unt.edu.ar\/inihlep\/wp-json\/wp\/v2\/media?parent=139"}],"curies":[{"name":"wp","href":"https:\/\/api.w.org\/{rel}","templated":true}]}}