{"id":53,"date":"2018-09-11T11:39:52","date_gmt":"2018-09-11T11:39:52","guid":{"rendered":"http:\/\/filo.unt.edu.ar\/iiela\/?page_id=53"},"modified":"2018-09-11T11:39:52","modified_gmt":"2018-09-11T11:39:52","slug":"proyecto-teatralidades-de-la-memoria","status":"publish","type":"page","link":"https:\/\/filo.unt.edu.ar\/iiela\/proyecto-teatralidades-de-la-memoria\/","title":{"rendered":"Proyecto Teatralidades de la memoria"},"content":{"rendered":"<div id=\"pl-53\"  class=\"panel-layout\" ><div id=\"pg-53-0\"  class=\"panel-grid panel-no-style\" ><div id=\"pgc-53-0-0\"  class=\"panel-grid-cell\" ><div id=\"panel-53-0-0-0\" class=\"so-panel widget widget_sow-editor panel-first-child panel-last-child\" data-index=\"0\" ><div class=\"panel-widget-style panel-widget-style-for-53-0-0-0\" ><div\n\t\t\t\n\t\t\tclass=\"so-widget-sow-editor so-widget-sow-editor-base\"\n\t\t\t\n\t\t>\n<div class=\"siteorigin-widget-tinymce textwidget\">\n\t<h1 style=\"text-align: left;\"><strong>Proyecto \"TEATRALIDADES DE LA MEMORIA\"<\/strong><\/h1>\n<p><strong>Proyecto de Investigaci\u00f3n PIUNT Res. 2319-2017<\/strong><\/p>\n<p>RESUMEN<\/p>\n<p>El plan de trabajo propone incorporar el concepto de\u00a0teatralidad\u00a0para formalizar las indagaciones sobre las memorias de militancia y dictadura y sus po\u00e9ticas performativas. Suma el trabajo de campo en Tucum\u00e1n para organizar un archivo de relatos entendidos como \u201ccuentos\u201d que pueden inventariarse en la memoria letrada. Recupera el desarrollo te\u00f3rico y metodol\u00f3gico iniciado por el equipo en los proyectos financiados por la Secretar\u00eda de Ciencia y T\u00e9cnica de la UNT desde 2008: \u201cMemorias de la represi\u00f3n. Escrituras, escenarios e im\u00e1genes de la militancia y la violencia estatal (2008-2010)\u201d, \u201cMemorias de militancia. Representaciones de la violencia pol\u00edtica en Argentina (2011-2013)\u201d, \u201cPo\u00e9ticas de la memoria en Argentina y Uruguay (2014-2016)\u201d y \u201cMemoria e Imaginaci\u00f3n. Po\u00e9ticas latinoamericanas de dictaduras y revoluciones (2016-2018)\u201d.<\/p>\n<p>Como resultados de esta trayectoria destacamos la construcci\u00f3n de un discurso reflexivo sobre la violencia y el lugar de autor en el relato de memorias. Marcamos adem\u00e1s las especiales condiciones en que han transcurrido los procesos de justicia y reparaci\u00f3n hist\u00f3rica en la provincia de Tucum\u00e1n y la importancia que en este contexto tiene la transmisi\u00f3n de las memorias sobre el pasado.<\/p>\n<p>El marco institucional del Instituto Interdisciplinario de Estudios Latinoamericanos (IIELA) como lugar de trabajo, favoreci\u00f3 la direcci\u00f3n de proyectos de tesis de grado (7) y de posgrado (3) en temas de memoria y literatura. El proyecto obtuvo el beneficio de 4 becas estudiantiles del CIUNT que permitieron finalizar las carreras de grado de los profesionales que hoy se integran como investigadores al equipo. Por su importancia destacamos la concreci\u00f3n de tres proyectos de tesis doctorales, defendidos y aprobados (Fernandez, Garc\u00eda y Daona) con Becas doctorales de Conicet; una tesis de maestr\u00eda defendida y aprobada en el IDES\/UNGS (Daona), todos con la m\u00e1xima calificaci\u00f3n.\u00a0\u00a0Completan el equipo de becarios 3 proyectos en curso con beca Conicet: (Rivadeneira, Diez e Indri). Destacamos la trayectoria de Daona, hoy con Beca posdoctoral de Conicet y de Garc\u00eda, con Beca posdoctoral con pr\u00f3rroga e integrante del grupo de afectados por la falta de presupuesto en la instancia de ingreso a la Carrera de Investigador. Significamos que el proyecto de la Dra. Garc\u00eda obtuvo doble recomendaci\u00f3n en las instancias de evaluaci\u00f3n de la propuesta.<\/p>\n<p>Dada la constante pol\u00edtica dial\u00f3gica de nuestro equipo sumamos al Dr. Emilio Crenzel (Conicet\/UBA) como investigador responsable en esta nueva formulaci\u00f3n del proyecto. En la historicidad del relato de nuestra intervenci\u00f3n en el campo de estudios de memoria, su obra aporta los desarrollos te\u00f3ricos a la constituci\u00f3n del mismo con especial atenci\u00f3n a las modulaciones de la memoria en Tucum\u00e1n, tanto en los espacios nacionales como internacionales. De su trayectoria se desprende un intercambio articulado y sostenido en el tiempo con una dedicaci\u00f3n importante a la formaci\u00f3n de los recursos humanos de nuestro equipo.<\/p>\n<p><em><strong>EQUIPO<\/strong><\/em><br \/> NOFAL, SILVIA ROSSANA\u00a0 Directora<br \/> FERNANDEZ, CLAUDIO SEBASTI\u00c1N\u00a0 Co-director<\/p>\n<p><em><strong>Investigadores Integrantes<\/strong><\/em><\/p>\n<p>CRENZEL, EMILIO ARIEL (UBA)<br \/> DAONA, VICTORIA (Becaria posdoc Conicet)<br \/> GARCIA, LAURA RAFAELA (UNT)<\/p>\n<p><em><strong>Becarios CONICET<\/strong><\/em><br \/> RIVADENEIRA, BLAS GABRIEL<br \/> LAISE, ARANTXA<br \/> INDRI, CARLA MAR\u00cdA<br \/> DIEZ, ILDE MAR\u00cdA<\/p>\n<p><em><strong>Estudiante (Becaria CIN)<\/strong><\/em><br \/> MOLINA AQUINO, GABRIELA<\/p>\n<hr \/>\n<p><em><strong>The theatricalities of historic memories<\/strong><\/em><\/p>\n<p>The project\u2019s workplan intends to introduce the concept of theatricality to formalize the research about militancy and dictatorship memories, and their performative poetics. It contributes fieldwork carried out in Tucum\u00e1n to organize an archive of stories subject to inventory in scholarly report. The workplan recovers the theoretical and methodological development undertaken through the following projects, financed by the UNT\u2019s Secretar\u00eda de Ciencia y T\u00e9cnica since 2008: \u201cMemorias de la represi\u00f3n. Escrituras, escenarios e im\u00e1genes de la militancia y la violencia estatal\u201d (\u201cRepression memories. Writings, scenaries, and images of militancy and state violence\u201d), (2008-2010); \u201cMemorias de militancia. Representaciones de la violencia pol\u00edtica en Argentina\u201d (\u201cMilitancy memories. Representations of state violence in Argentina\u201d), (2011-2013)\u201d; \u201cPo\u00e9ticas de la memoria en Argentina y Uruguay\u201d (\u201cPoetics of memory in Argentina and Uruguay\u201d), (2014-2016)\u201d, and \u201cMemoria e Imaginaci\u00f3n. Po\u00e9ticas latinoamericanas de dictaduras y revoluciones\u201d (\u201cMemory and imagination. Latin American poetics on dictatorship and revolutions\u201d), (2016-2018)\u201d.<\/p>\n<p>Resulting from this course, we highlight the construction of a reflexive discourse about violence and the author\u2019s place in the narrative of historic memories. Furthermore, we stress the special conditions under which the processes of justice and historic reparation in Tucum\u00e1n have occurred, and the importance that the transmission of memories has in this context.<\/p>\n<p>The Instituto Interdisciplinario de Estudios Latinoamericanos (IIELA) provided an institutional framework that favored the supervision of diploma theses (7) and doctoral dissertations (3) on the subject of Historic Memories and Literature. The project benefited from four CIUNT scholarships, which allowed their recipients to finish their undergraduate programs and join our team as researchers. Given their importance, we highlight three dissertation projects, defended (in the cases of Claudio Fern\u00e1ndez, Laura Garc\u00eda and Victoria Daona) through research scholarships granted by the CONICET, and one master\u2019s thesis defended at IDES\/UNGS (Victoria Daona\u2019s), all of which received the highest qualifications. The list of fellows is completed with three on-going projects under Conicet grants (Rivadeneira\u2019s, Diez\u2019s and Indri\u2019s). We underline Daona\u2019s academic career, a Conicet fellow, and Garc\u00eda, who received an extended fellowship and is part of the group that was affected by a budget shortage in the initial stages of admission to Conicet\u2019s Research Program. We signifiy that doctor Garc\u00eda\u2019s project, however, obtained double recommendation in the evaluating stages of her dissertation proposal.<\/p>\n<p>Given our team\u2019s dialogical nature, Dr. Emilio Crenzel (Conicet\/UBA) was added as chief researcher as part of the project\u2019s reformulation. Within the historicity of the account detailing our intervention in the study field of Historic Memories, Dr. Crenzel\u2019s corpus contributes theoretical developments to its constitution with special emphasis on the modulations of Tucum\u00e1n\u2019s memories, both in national and international arenas alike. The path he traced results in an articulated feedback, sustained in time, with an important contribution to developing our team\u2019s human resources.<\/p>\n<\/div>\n<\/div><\/div><\/div><\/div><\/div><\/div>","protected":false},"excerpt":{"rendered":"<p>Proyecto &#8220;TEATRALIDADES DE LA MEMORIA&#8221;Proyecto de Investigaci\u00f3n PIUNT Res. 2319-2017RESUMENEl plan de trabajo propone incorporar el concepto de\u00a0teatralidad\u00a0para formalizar las indagaciones sobre las memorias de militancia y dictadura y sus po\u00e9ticas performativas. Suma el trabajo de campo en Tucum\u00e1n para organizar un archivo de relatos entendidos como \u201ccuentos\u201d que pueden inventariarse en la memoria letrada. [&hellip;]<\/p>\n","protected":false},"author":1,"featured_media":0,"parent":0,"menu_order":0,"comment_status":"closed","ping_status":"closed","template":"","meta":{"footnotes":""},"class_list":["post-53","page","type-page","status-publish","hentry","post"],"_links":{"self":[{"href":"https:\/\/filo.unt.edu.ar\/iiela\/wp-json\/wp\/v2\/pages\/53","targetHints":{"allow":["GET"]}}],"collection":[{"href":"https:\/\/filo.unt.edu.ar\/iiela\/wp-json\/wp\/v2\/pages"}],"about":[{"href":"https:\/\/filo.unt.edu.ar\/iiela\/wp-json\/wp\/v2\/types\/page"}],"author":[{"embeddable":true,"href":"https:\/\/filo.unt.edu.ar\/iiela\/wp-json\/wp\/v2\/users\/1"}],"replies":[{"embeddable":true,"href":"https:\/\/filo.unt.edu.ar\/iiela\/wp-json\/wp\/v2\/comments?post=53"}],"version-history":[{"count":8,"href":"https:\/\/filo.unt.edu.ar\/iiela\/wp-json\/wp\/v2\/pages\/53\/revisions"}],"predecessor-version":[{"id":61,"href":"https:\/\/filo.unt.edu.ar\/iiela\/wp-json\/wp\/v2\/pages\/53\/revisions\/61"}],"wp:attachment":[{"href":"https:\/\/filo.unt.edu.ar\/iiela\/wp-json\/wp\/v2\/media?parent=53"}],"curies":[{"name":"wp","href":"https:\/\/api.w.org\/{rel}","templated":true}]}}