{"id":2,"date":"2016-05-27T13:03:59","date_gmt":"2016-05-27T13:03:59","guid":{"rendered":"http:\/\/filo.unt.edu.ar\/iiela\/?page_id=2"},"modified":"2016-05-27T15:17:18","modified_gmt":"2016-05-27T15:17:18","slug":"bienvenidos","status":"publish","type":"page","link":"https:\/\/filo.unt.edu.ar\/iiela\/","title":{"rendered":"Bienvenidos"},"content":{"rendered":"<div id=\"pl-2\"  class=\"panel-layout\" ><div id=\"pg-2-0\"  class=\"panel-grid panel-no-style\" ><div id=\"pgc-2-0-0\"  class=\"panel-grid-cell\" ><div id=\"panel-2-0-0-0\" class=\"so-panel widget widget_black-studio-tinymce widget_black_studio_tinymce panel-first-child panel-last-child\" data-index=\"0\" ><div class=\"panel-widget-style panel-widget-style-for-2-0-0-0\" ><div class=\"textwidget\"><p>Nuestro Instituto surge en 1989 como un territorio propio para desarrollar tareas de investigaci\u00f3n constituido por docentes, investigadores y estudiantes. Desde sus inicios, ha albergado programas y proyectos que abordan un vasto campo de problem\u00e1ticas vinculadas a la literatura y la cultura latinoamericanas cuyos resultados se vuelcan en numerosas publicaciones. Pudimos constituir un espacio vinculado tanto a la ense\u00f1anza de grado y posgrado cuya continuidad ha quedado garantizada. La formaci\u00f3n de recursos humanos es una tarea central reflejada en la intensa actividad de estudiantes y graduados becarios.<\/p>\n<p>La Revista Telar, primera revista digital de la UNT, nuestro proyecto m\u00e1s importante, posee m\u00e1s de diez a\u00f1os de trayectoria. Sus p\u00e1ginas han sido transitadas por destacados acad\u00e9micos y escritores y hoy, sin dudas, se constituye como un referente de los estudios latinoamericanos. Nuestro horizonte ha sido siempre el de intervenir activamente desde nuestro \u00e1mbito a trav\u00e9s del armado de proyectos, redes e intercambios. En la actualidad hemos consolidado nuestro equipo de trabajo y fortalecido los proyectos. Nos encontramos ejecutando dos proyectos PIUNT, posicionando la Revista Telar en bases y plataformas, planificando diversas actividades, cursos de extensi\u00f3n y seminarios de posgrado. Nuestro instituto funciona como lugar de trabajo de investigadores y becarios CONICET, CIUNT Y CIN.<\/p>\n<\/div><\/div><\/div><\/div><\/div><\/div>","protected":false},"excerpt":{"rendered":"<p>Nuestro Instituto surge en 1989 como un territorio propio para desarrollar tareas de investigaci\u00f3n constituido por docentes, investigadores y estudiantes. Desde sus inicios, ha albergado programas y proyectos que abordan un vasto campo de problem\u00e1ticas vinculadas a la literatura y la cultura latinoamericanas cuyos resultados se vuelcan en numerosas publicaciones. Pudimos constituir un espacio vinculado [&hellip;]<\/p>\n","protected":false},"author":1,"featured_media":0,"parent":0,"menu_order":0,"comment_status":"closed","ping_status":"closed","template":"","meta":{"footnotes":""},"class_list":["post-2","page","type-page","status-publish","hentry","post"],"_links":{"self":[{"href":"https:\/\/filo.unt.edu.ar\/iiela\/wp-json\/wp\/v2\/pages\/2","targetHints":{"allow":["GET"]}}],"collection":[{"href":"https:\/\/filo.unt.edu.ar\/iiela\/wp-json\/wp\/v2\/pages"}],"about":[{"href":"https:\/\/filo.unt.edu.ar\/iiela\/wp-json\/wp\/v2\/types\/page"}],"author":[{"embeddable":true,"href":"https:\/\/filo.unt.edu.ar\/iiela\/wp-json\/wp\/v2\/users\/1"}],"replies":[{"embeddable":true,"href":"https:\/\/filo.unt.edu.ar\/iiela\/wp-json\/wp\/v2\/comments?post=2"}],"version-history":[{"count":9,"href":"https:\/\/filo.unt.edu.ar\/iiela\/wp-json\/wp\/v2\/pages\/2\/revisions"}],"predecessor-version":[{"id":29,"href":"https:\/\/filo.unt.edu.ar\/iiela\/wp-json\/wp\/v2\/pages\/2\/revisions\/29"}],"wp:attachment":[{"href":"https:\/\/filo.unt.edu.ar\/iiela\/wp-json\/wp\/v2\/media?parent=2"}],"curies":[{"name":"wp","href":"https:\/\/api.w.org\/{rel}","templated":true}]}}