{"id":9,"date":"2017-06-23T22:33:19","date_gmt":"2017-06-24T01:33:19","guid":{"rendered":"http:\/\/filo.unt.edu.ar\/ieafr\/?page_id=9"},"modified":"2017-10-06T13:19:29","modified_gmt":"2017-10-06T16:19:29","slug":"integrantes","status":"publish","type":"page","link":"https:\/\/filo.unt.edu.ar\/ieafr\/integrantes\/","title":{"rendered":"Integrantes"},"content":{"rendered":"<div id=\"pl-9\"  class=\"panel-layout\" ><div id=\"pg-9-0\"  class=\"panel-grid panel-no-style\" ><div id=\"pgc-9-0-0\"  class=\"panel-grid-cell\" ><div id=\"panel-9-0-0-0\" class=\"so-panel widget widget_sow-editor panel-first-child\" data-index=\"0\" ><div class=\"panel-widget-style panel-widget-style-for-9-0-0-0\" ><div\n\t\t\t\n\t\t\tclass=\"so-widget-sow-editor so-widget-sow-editor-base\"\n\t\t\t\n\t\t>\n<div class=\"siteorigin-widget-tinymce textwidget\">\n\t<div>\n<h1 style=\"text-align: center;width: 100%\"><span style=\"color: #444\">INTEGRANTES<\/span><\/h1>\n<\/div>\n<\/div>\n<\/div><\/div><\/div><div id=\"panel-9-0-0-1\" class=\"so-panel widget widget_sow-image panel-last-child\" data-index=\"1\" ><div\n\t\t\t\n\t\t\tclass=\"so-widget-sow-image so-widget-sow-image-default-8b5b6f678277-9\"\n\t\t\t\n\t\t>\n<div class=\"sow-image-container\">\n\t\t<img \n\tsrc=\"https:\/\/filo.unt.edu.ar\/ieafr\/wp-content\/uploads\/sites\/85\/2017\/06\/20170929_104820.jpg\" width=\"4128\" height=\"2322\" srcset=\"https:\/\/filo.unt.edu.ar\/ieafr\/wp-content\/uploads\/sites\/85\/2017\/06\/20170929_104820.jpg 4128w, https:\/\/filo.unt.edu.ar\/ieafr\/wp-content\/uploads\/sites\/85\/2017\/06\/20170929_104820-300x169.jpg 300w, https:\/\/filo.unt.edu.ar\/ieafr\/wp-content\/uploads\/sites\/85\/2017\/06\/20170929_104820-768x432.jpg 768w, https:\/\/filo.unt.edu.ar\/ieafr\/wp-content\/uploads\/sites\/85\/2017\/06\/20170929_104820-1024x576.jpg 1024w, https:\/\/filo.unt.edu.ar\/ieafr\/wp-content\/uploads\/sites\/85\/2017\/06\/20170929_104820-600x338.jpg 600w\" sizes=\"(max-width: 4128px) 100vw, 4128px\" alt=\"\" \t\tclass=\"so-widget-image\"\/>\n\t<\/div>\n\n<\/div><\/div><\/div><\/div><div id=\"pg-9-1\"  class=\"panel-grid panel-no-style\" ><div id=\"pgc-9-1-0\"  class=\"panel-grid-cell\" ><div id=\"panel-9-1-0-0\" class=\"so-panel widget widget_sow-editor panel-first-child panel-last-child\" data-index=\"2\" ><div class=\"panel-widget-style panel-widget-style-for-9-1-0-0\" ><div\n\t\t\t\n\t\t\tclass=\"so-widget-sow-editor so-widget-sow-editor-base\"\n\t\t\t\n\t\t>\n<div class=\"siteorigin-widget-tinymce textwidget\">\n\t<div style=\"width: 100%\">\n<div style=\"text-align: left;float: left;width: 10%;height: auto\"><img decoding=\"async\" class=\"alignnone  wp-image-237\" src=\"http:\/\/filo.unt.edu.ar\/ieafr\/wp-content\/uploads\/sites\/85\/2017\/06\/IMG-20170819-WA0001-262x300.jpg\" alt=\"\" width=\"100%\" height=\"auto\" srcset=\"https:\/\/filo.unt.edu.ar\/ieafr\/wp-content\/uploads\/sites\/85\/2017\/06\/IMG-20170819-WA0001-262x300.jpg 262w, https:\/\/filo.unt.edu.ar\/ieafr\/wp-content\/uploads\/sites\/85\/2017\/06\/IMG-20170819-WA0001-600x686.jpg 600w, https:\/\/filo.unt.edu.ar\/ieafr\/wp-content\/uploads\/sites\/85\/2017\/06\/IMG-20170819-WA0001.jpg 717w\" sizes=\"(max-width: 262px) 100vw, 262px\" \/><\/div>\n<div style=\"width: 88%;float: left;padding-left: 2%\">\n<div><em><strong>Directora: <\/strong><\/em><\/div>\n<div><em><strong>Dra. Cristina Bosso<\/strong><\/em>(<a href=\"mailto:cbossop@gmail.com\">cbossop@gmail.com<\/a>): Doctora en Filosof\u00eda. Profesora Adjunta en las C\u00e1tedras de Antropolog\u00eda Filos\u00f3fica y Taller Integrador II de la Facultad de Filosof\u00eda y Letras de la UNT. \u00c1reas de investigaci\u00f3n: Antropolog\u00eda Filos\u00f3fica, Filosof\u00eda del Lenguaje, Pragmatismo, el pensamiento de Wittgenstein.<\/div>\n<\/div>\n<\/div>\n<\/div>\n<\/div><\/div><\/div><\/div><\/div><div id=\"pg-9-2\"  class=\"panel-grid panel-no-style\" ><div id=\"pgc-9-2-0\"  class=\"panel-grid-cell\" ><div id=\"panel-9-2-0-0\" class=\"so-panel widget widget_sow-editor panel-first-child panel-last-child\" data-index=\"3\" ><div\n\t\t\t\n\t\t\tclass=\"so-widget-sow-editor so-widget-sow-editor-base\"\n\t\t\t\n\t\t>\n<div class=\"siteorigin-widget-tinymce textwidget\">\n\t<h3 style=\"text-align: left\"><span style=\"color: #000000\">Investigadores:<\/span><\/h3>\n<p style=\"text-align: left\"><em><strong>Dr. Ra\u00fal Nader<\/strong><\/em> (<a href=\"mailto:rafenade@hotmail.com\">rafenade@hotmail.com<\/a>): Doctor en Filosof\u00eda. Profesor Asociado en las C\u00e1tedras de Antropolog\u00eda Filos\u00f3fica y Filosof\u00eda de la Religi\u00f3n de la UNT. \u00c1reas de investigaci\u00f3n: Antropolog\u00eda Filos\u00f3fica, Filosof\u00eda de la Religi\u00f3n el pensamiento de Giorgio Agamben, Hannah Arendt.<\/p>\n<p><em><strong>Mag. Amira del Valle Juri<\/strong><\/em> (<a href=\"mailto:amiradelvalle@hotmail.com\">amiradelvalle@hotmail.com<\/a>): Magister en Filosof\u00eda. Jefe de Trabajo Pr\u00e1cticos en las C\u00e1tedras de \u201cFilosof\u00eda de la Historia\u201d y \u201cFilosof\u00eda de la Religi\u00f3n\u201d. \u00c1reas de investigaci\u00f3n: Filosof\u00eda de la Historia, Filosof\u00eda de la Religi\u00f3n y Est\u00e9tica.<\/p>\n<p><em><strong>Prof. Luis Dardo Jaime<\/strong><\/em> (<a href=\"mailto:luisjaime2013@gmail.com\">luisjaime2013@gmail.com<\/a>): Licenciado en Geograf\u00eda. Profesor titular de las C\u00e1tedras de Geograf\u00eda sistemas naturales I y Geodinamica de la UNT. Tema investigaci\u00f3n: Geograf\u00eda y riesgos naturales<\/p>\n<p><em><strong>Lic. Cristina Soria<\/strong><\/em> (<a href=\"mailto:crisoria@gmail.com\">crisoria@gmail.com<\/a>): Licenciada en Psicolog\u00eda. Profesora Adjunta de la C\u00e1tedra de Psicolog\u00eda de la Personalidad de la UNT. \u00c1reas de Investigaci\u00f3n: El mito de Narciso versi\u00f3n Ovidio. Narcisismo infantil en coincidencia con la formaci\u00f3n del Yo. La constituci\u00f3n del Yo y la cohesi\u00f3n organizacional, la estabilidad del sentimiento de s\u00ed, la identidad la vivencia de sentirse uno mismo. Narcisismo y cohesi\u00f3n yoica. Investidura del Yo y sus avatares. Origen del Ideal del Yo, quien es Yo y qu\u00e9 llegar\u00e1 a ser. Identidad y Supery\u00f3.<\/p>\n<p><em><strong>Psic\u00f3loga Gabriela Silvana Serrano<\/strong><\/em> (<a href=\"mailto:lagabyserrano@hotmail.com\">lagabyserrano@hotmail.com<\/a>): Licenciada en Psicolog\u00eda. Auxiliar Docente \u00a0de la C\u00e1tedra de Psicodiagn\u00f3stico -Adultos. Facultad de Psicolog\u00eda UNT. \u00c1reas de investigaci\u00f3n: temas de salud mental \/enfermedad mental: identidad, inclusi\u00f3n, exclusi\u00f3n.\u00a0<\/p>\n<p><em><strong>Prof. Pedro Raul Valdez<\/strong><\/em> (<a href=\"mailto:raulvaldez73@live.com\">raulvaldez73@live.com<\/a>): Prof. en Geograf\u00eda. C\u00e1tedras: Geograf\u00eda de los Sistemas Naturales III (Biogeograf\u00eda) - Seminario de Pol\u00edtica y Legislaci\u00f3n ambiental. \u00c1reas de investigaci\u00f3n: Conservaci\u00f3n de la naturaleza. Ambiente.<\/p>\n<p><em><strong>Prof. Marlene Catalina Rivero<\/strong><\/em> (<a href=\"mailto:marlu_r62@hotmail.com\">marlu_r62@hotmail.com<\/a>). Profesora de Ingl\u00e9s. C\u00e1tedra: Idioma Moderno I (Ingl\u00e9s) de la UNT. Temas de investigaci\u00f3n: Traducci\u00f3n y comprensi\u00f3n de textos.<\/p>\n<p>\u00a0<\/p>\n<\/div>\n<\/div><\/div><\/div><div id=\"pgc-9-2-1\"  class=\"panel-grid-cell\" ><div id=\"panel-9-2-1-0\" class=\"so-panel widget widget_sow-editor panel-first-child panel-last-child\" data-index=\"4\" ><div\n\t\t\t\n\t\t\tclass=\"so-widget-sow-editor so-widget-sow-editor-base\"\n\t\t\t\n\t\t><h3 class=\"widget-title\">Miembros Adscriptos<\/h3>\n<div class=\"siteorigin-widget-tinymce textwidget\">\n\t<h3 style=\"text-align: left;\"><span style=\"color: #000000;\">Miembros Adscriptos<\/span><\/h3>\n<p><em><strong>Profesor Rolando Esteban Assad<\/strong><\/em> (<a href=\"mailto:rolandoassad@yahoo.com\">rolandoassad@yahoo.com<\/a>) Licenciado en m\u00fasica. Docente terciario en Conservatorio Provincial de M\u00fasica y en EPAM-UNT. \u00c1reas de investigaci\u00f3n: La influencia de la m\u00fasica en el pensamiento filos\u00f3fico de Friedrich Nietzsche.<\/p>\n<p><em><strong>Luciana Komaid<\/strong><\/em> (<a href=\"mailto:lutikom@hotmail.com\">lutikom@hotmail.com<\/a>): Licenciada en Filosof\u00eda. Docente en la Escuela Media \"Dr. Ramon Araujo\" (materias: \"Filosof\u00eda\" y \"Cultura y est\u00e9ticas contempor\u00e1neas\"), Colegio de la Santa Cruz (materias: \"Antropolog\u00eda social y cultural\" y \"Sociolog\u00eda\"). \u00c1reas de investigaci\u00f3n: Inclusi\u00f3n\/exclusi\u00f3n de la discapacidad.<\/p>\n<p><em><strong>Psic\u00f3logo Pablo Ezequiel Herrera<\/strong><\/em> (<a href=\"mailto:hezequiel7@hotmail.com\">hezequiel7@hotmail.com<\/a>): Licenciado en Psicolog\u00eda. Trabaja en el Departamento de Protecci\u00f3n y Prevenci\u00f3n contra la Violencia Familiar y el Maltrato Infantil (Ministerio de Desarrollo Social). \u00c1reas de investigaci\u00f3n: la po\u00e9tica de James Joyce y sus aportes a la cl\u00ednica psicoanal\u00edtica.<\/p>\n<p><em><strong>Laura Balvanera Di Santo<\/strong><\/em> (<a href=\"mailto:lau_disanto@hotmail.com\">lau_disanto@hotmail.com<\/a>): Licenciada en Filosof\u00eda. \u00c1reas de investigaci\u00f3n: la funci\u00f3n de la filosof\u00eda para el pragmatismo. Becaria del CONICET. Tema de investigaci\u00f3n: Filosof\u00eda contempor\u00e1nea- Epistemolog\u00eda Profesora de \u00c9tica en el nivel medio y superior.<\/p>\n<p><em><strong>Juan Pablo Martino<\/strong><\/em> (<a href=\"mailto:martinojpablo@gmail.com\">martinojpablo@gmail.com<\/a>): Alumno avanzado de la carrera de Filosof\u00eda. Becario de la Secretar\u00eda de Ciencia Arte e Innovaci\u00f3n Tecnol\u00f3gica de la UNT. \u00c1reas de investigaci\u00f3n: Po\u00e9tica, Antropolog\u00eda Filos\u00f3fica, \u00a0Metaf\u00edsica.<\/p>\n<p><em><strong>Lic. C\u00e9sar E. Ju\u00e1rez<\/strong><\/em> (<a href=\"mailto:cesarejc2005@yahoo.com.ar\">cesarejc2005@yahoo.com.ar<\/a>). Profesor y Licenciado en Filosof\u00eda. Doctorando en Humanidades [Menci\u00f3n en Filosof\u00eda] por la Facultad de Filosof\u00eda y Letras de la Universidad Nacional de Tucum\u00e1n. \u00c1reas de investigaci\u00f3n: Antropolog\u00eda Filos\u00f3fica y Est\u00e9tica.<\/p>\n<\/div>\n<\/div><\/div><\/div><\/div><div id=\"pg-9-3\"  class=\"panel-grid panel-no-style\" ><div id=\"pgc-9-3-0\"  class=\"panel-grid-cell\" ><div id=\"panel-9-3-0-0\" class=\"so-panel widget widget_sow-slider panel-first-child panel-last-child\" data-index=\"5\" ><div class=\"panel-widget-style panel-widget-style-for-9-3-0-0\" ><div\n\t\t\t\n\t\t\tclass=\"so-widget-sow-slider so-widget-sow-slider-default-6d39609536fd-9\"\n\t\t\t\n\t\t>\t\t\t\t<div class=\"sow-slider-base\" style=\"display: none\" tabindex=\"0\">\n\t\t\t\t\t<ul\n\t\t\t\t\tclass=\"sow-slider-images\"\n\t\t\t\t\tdata-settings=\"{&quot;pagination&quot;:true,&quot;speed&quot;:800,&quot;timeout&quot;:8000,&quot;paused&quot;:false,&quot;pause_on_hover&quot;:false,&quot;swipe&quot;:true,&quot;nav_always_show_desktop&quot;:&quot;&quot;,&quot;nav_always_show_mobile&quot;:&quot;&quot;,&quot;breakpoint&quot;:&quot;780px&quot;,&quot;unmute&quot;:false,&quot;anchor&quot;:null}\"\n\t\t\t\t\t\t\t\t\t\tdata-anchor-id=\"\"\n\t\t\t\t>\t\t<li class=\"sow-slider-image\" style=\"visibility: visible;\" >\n\t\t\t\t\t\t<img loading=\"lazy\" decoding=\"async\" width=\"2016\" height=\"1512\" src=\"https:\/\/filo.unt.edu.ar\/ieafr\/wp-content\/uploads\/sites\/85\/2017\/06\/IMG_0615-e1507299049988.jpg\" class=\"sow-slider-background-image\" alt=\"\" style=\"\" srcset=\"https:\/\/filo.unt.edu.ar\/ieafr\/wp-content\/uploads\/sites\/85\/2017\/06\/IMG_0615-e1507299049988.jpg 2016w, https:\/\/filo.unt.edu.ar\/ieafr\/wp-content\/uploads\/sites\/85\/2017\/06\/IMG_0615-e1507299049988-300x225.jpg 300w, https:\/\/filo.unt.edu.ar\/ieafr\/wp-content\/uploads\/sites\/85\/2017\/06\/IMG_0615-e1507299049988-768x576.jpg 768w, https:\/\/filo.unt.edu.ar\/ieafr\/wp-content\/uploads\/sites\/85\/2017\/06\/IMG_0615-e1507299049988-1024x768.jpg 1024w, https:\/\/filo.unt.edu.ar\/ieafr\/wp-content\/uploads\/sites\/85\/2017\/06\/IMG_0615-e1507299049988-600x450.jpg 600w\" sizes=\"auto, (max-width: 2016px) 100vw, 2016px\" \/>\t\t<\/li>\n\t\t\t\t<li class=\"sow-slider-image\" style=\"visibility: hidden;\" >\n\t\t\t\t\t\t<img loading=\"lazy\" decoding=\"async\" width=\"2016\" height=\"1512\" src=\"https:\/\/filo.unt.edu.ar\/ieafr\/wp-content\/uploads\/sites\/85\/2017\/06\/IMG_0613-e1507299168985.jpg\" class=\"sow-slider-background-image\" alt=\"\" style=\"\" srcset=\"https:\/\/filo.unt.edu.ar\/ieafr\/wp-content\/uploads\/sites\/85\/2017\/06\/IMG_0613-e1507299168985.jpg 2016w, https:\/\/filo.unt.edu.ar\/ieafr\/wp-content\/uploads\/sites\/85\/2017\/06\/IMG_0613-e1507299168985-300x225.jpg 300w, https:\/\/filo.unt.edu.ar\/ieafr\/wp-content\/uploads\/sites\/85\/2017\/06\/IMG_0613-e1507299168985-768x576.jpg 768w, https:\/\/filo.unt.edu.ar\/ieafr\/wp-content\/uploads\/sites\/85\/2017\/06\/IMG_0613-e1507299168985-1024x768.jpg 1024w, https:\/\/filo.unt.edu.ar\/ieafr\/wp-content\/uploads\/sites\/85\/2017\/06\/IMG_0613-e1507299168985-600x450.jpg 600w\" sizes=\"auto, (max-width: 2016px) 100vw, 2016px\" \/>\t\t<\/li>\n\t\t\t\t<li class=\"sow-slider-image\" style=\"visibility: hidden;\" >\n\t\t\t\t\t\t<img loading=\"lazy\" decoding=\"async\" width=\"2016\" height=\"1512\" src=\"https:\/\/filo.unt.edu.ar\/ieafr\/wp-content\/uploads\/sites\/85\/2017\/06\/IMG_0616-e1507299244818.jpg\" class=\"sow-slider-background-image\" alt=\"\" style=\"\" srcset=\"https:\/\/filo.unt.edu.ar\/ieafr\/wp-content\/uploads\/sites\/85\/2017\/06\/IMG_0616-e1507299244818.jpg 2016w, https:\/\/filo.unt.edu.ar\/ieafr\/wp-content\/uploads\/sites\/85\/2017\/06\/IMG_0616-e1507299244818-300x225.jpg 300w, https:\/\/filo.unt.edu.ar\/ieafr\/wp-content\/uploads\/sites\/85\/2017\/06\/IMG_0616-e1507299244818-768x576.jpg 768w, https:\/\/filo.unt.edu.ar\/ieafr\/wp-content\/uploads\/sites\/85\/2017\/06\/IMG_0616-e1507299244818-1024x768.jpg 1024w, https:\/\/filo.unt.edu.ar\/ieafr\/wp-content\/uploads\/sites\/85\/2017\/06\/IMG_0616-e1507299244818-600x450.jpg 600w\" sizes=\"auto, (max-width: 2016px) 100vw, 2016px\" \/>\t\t<\/li>\n\t\t\t\t<li class=\"sow-slider-image\" style=\"visibility: hidden;\" >\n\t\t\t\t\t\t<img loading=\"lazy\" decoding=\"async\" width=\"960\" height=\"1280\" src=\"https:\/\/filo.unt.edu.ar\/ieafr\/wp-content\/uploads\/sites\/85\/2017\/06\/IMG-20170929-WA0052.jpg\" class=\"sow-slider-background-image\" alt=\"\" style=\"\" srcset=\"https:\/\/filo.unt.edu.ar\/ieafr\/wp-content\/uploads\/sites\/85\/2017\/06\/IMG-20170929-WA0052.jpg 960w, https:\/\/filo.unt.edu.ar\/ieafr\/wp-content\/uploads\/sites\/85\/2017\/06\/IMG-20170929-WA0052-225x300.jpg 225w, https:\/\/filo.unt.edu.ar\/ieafr\/wp-content\/uploads\/sites\/85\/2017\/06\/IMG-20170929-WA0052-768x1024.jpg 768w, https:\/\/filo.unt.edu.ar\/ieafr\/wp-content\/uploads\/sites\/85\/2017\/06\/IMG-20170929-WA0052-600x800.jpg 600w\" sizes=\"auto, (max-width: 960px) 100vw, 960px\" \/>\t\t<\/li>\n\t\t<\/ul>\t\t\t\t<ol class=\"sow-slider-pagination\">\n\t\t\t\t\t\t\t\t\t\t\t<li><a href=\"#\" data-goto=\"0\" aria-label=\"Display slide 1\"><\/a><\/li>\n\t\t\t\t\t\t\t\t\t\t\t<li><a href=\"#\" data-goto=\"1\" aria-label=\"Display slide 2\"><\/a><\/li>\n\t\t\t\t\t\t\t\t\t\t\t<li><a href=\"#\" data-goto=\"2\" aria-label=\"Display slide 3\"><\/a><\/li>\n\t\t\t\t\t\t\t\t\t\t\t<li><a href=\"#\" data-goto=\"3\" aria-label=\"Display slide 4\"><\/a><\/li>\n\t\t\t\t\t\t\t\t\t<\/ol>\n\n\t\t\t\t<div class=\"sow-slide-nav sow-slide-nav-next\">\n\t\t\t\t\t<a href=\"#\" data-goto=\"next\" aria-label=\"Next slide\" data-action=\"next\">\n\t\t\t\t\t\t<em class=\"sow-sld-icon-thin-right\"><\/em>\n\t\t\t\t\t<\/a>\n\t\t\t\t<\/div>\n\n\t\t\t\t<div class=\"sow-slide-nav sow-slide-nav-prev\">\n\t\t\t\t\t<a href=\"#\" data-goto=\"previous\" aria-label=\"Previous slide\" data-action=\"prev\">\n\t\t\t\t\t\t<em class=\"sow-sld-icon-thin-left\"><\/em>\n\t\t\t\t\t<\/a>\n\t\t\t\t<\/div>\n\t\t\t\t<\/div><\/div><\/div><\/div><\/div><\/div><\/div>","protected":false},"excerpt":{"rendered":"<p>INTEGRANTES Directora: Dra. Cristina Bosso(cbossop@gmail.com): Doctora en Filosof\u00eda. Profesora Adjunta en las C\u00e1tedras de Antropolog\u00eda Filos\u00f3fica y Taller Integrador II de la Facultad de Filosof\u00eda y Letras de la UNT. \u00c1reas de investigaci\u00f3n: Antropolog\u00eda Filos\u00f3fica, Filosof\u00eda del Lenguaje, Pragmatismo, el pensamiento de Wittgenstein.<\/p>\n","protected":false},"author":1,"featured_media":0,"parent":0,"menu_order":0,"comment_status":"closed","ping_status":"closed","template":"templates\/template-full-notitle.php","meta":{"footnotes":""},"class_list":["post-9","page","type-page","status-publish","hentry","post"],"_links":{"self":[{"href":"https:\/\/filo.unt.edu.ar\/ieafr\/wp-json\/wp\/v2\/pages\/9","targetHints":{"allow":["GET"]}}],"collection":[{"href":"https:\/\/filo.unt.edu.ar\/ieafr\/wp-json\/wp\/v2\/pages"}],"about":[{"href":"https:\/\/filo.unt.edu.ar\/ieafr\/wp-json\/wp\/v2\/types\/page"}],"author":[{"embeddable":true,"href":"https:\/\/filo.unt.edu.ar\/ieafr\/wp-json\/wp\/v2\/users\/1"}],"replies":[{"embeddable":true,"href":"https:\/\/filo.unt.edu.ar\/ieafr\/wp-json\/wp\/v2\/comments?post=9"}],"version-history":[{"count":57,"href":"https:\/\/filo.unt.edu.ar\/ieafr\/wp-json\/wp\/v2\/pages\/9\/revisions"}],"predecessor-version":[{"id":245,"href":"https:\/\/filo.unt.edu.ar\/ieafr\/wp-json\/wp\/v2\/pages\/9\/revisions\/245"}],"wp:attachment":[{"href":"https:\/\/filo.unt.edu.ar\/ieafr\/wp-json\/wp\/v2\/media?parent=9"}],"curies":[{"name":"wp","href":"https:\/\/api.w.org\/{rel}","templated":true}]}}