{"id":51,"date":"2017-06-26T09:08:08","date_gmt":"2017-06-26T12:08:08","guid":{"rendered":"http:\/\/filo.unt.edu.ar\/ieafr\/?page_id=51"},"modified":"2017-10-28T15:12:04","modified_gmt":"2017-10-28T18:12:04","slug":"videos","status":"publish","type":"page","link":"https:\/\/filo.unt.edu.ar\/ieafr\/videos\/","title":{"rendered":"Videos"},"content":{"rendered":"<div id=\"pl-51\"  class=\"panel-layout\" ><div id=\"pg-51-0\"  class=\"panel-grid panel-no-style\" ><div id=\"pgc-51-0-0\"  class=\"panel-grid-cell panel-grid-cell-empty\" ><\/div><\/div><div id=\"pg-51-1\"  class=\"panel-grid panel-has-style\" ><div class=\"panel-row-style panel-row-style-for-51-1\" ><div id=\"pgc-51-1-0\"  class=\"panel-grid-cell panel-grid-cell-empty\" ><\/div><\/div><\/div><div id=\"pg-51-2\"  class=\"panel-grid panel-no-style\" ><div id=\"pgc-51-2-0\"  class=\"panel-grid-cell\" ><div id=\"panel-51-2-0-0\" class=\"so-panel widget widget_sow-editor panel-first-child panel-last-child\" data-index=\"0\" ><div class=\"panel-widget-style panel-widget-style-for-51-2-0-0\" ><div\n\t\t\t\n\t\t\tclass=\"so-widget-sow-editor so-widget-sow-editor-base\"\n\t\t\t\n\t\t>\n<div class=\"siteorigin-widget-tinymce textwidget\">\n\t<h1 style=\"text-align: center\"><strong><a href=\"http:\/\/filo.unt.edu.ar\/ieafr\/wp-content\/uploads\/sites\/85\/2017\/06\/AFICHE_CONGRESO_-ANTROPOLOGIA_17_a4.jpg\"><img loading=\"lazy\" decoding=\"async\" class=\"alignleft size-medium wp-image-12\" src=\"http:\/\/filo.unt.edu.ar\/ieafr\/wp-content\/uploads\/sites\/85\/2017\/06\/AFICHE_CONGRESO_-ANTROPOLOGIA_17_a4-212x300.jpg\" alt=\"\" width=\"212\" height=\"300\" srcset=\"https:\/\/filo.unt.edu.ar\/ieafr\/wp-content\/uploads\/sites\/85\/2017\/06\/AFICHE_CONGRESO_-ANTROPOLOGIA_17_a4-212x300.jpg 212w, https:\/\/filo.unt.edu.ar\/ieafr\/wp-content\/uploads\/sites\/85\/2017\/06\/AFICHE_CONGRESO_-ANTROPOLOGIA_17_a4-768x1086.jpg 768w, https:\/\/filo.unt.edu.ar\/ieafr\/wp-content\/uploads\/sites\/85\/2017\/06\/AFICHE_CONGRESO_-ANTROPOLOGIA_17_a4-724x1024.jpg 724w, https:\/\/filo.unt.edu.ar\/ieafr\/wp-content\/uploads\/sites\/85\/2017\/06\/AFICHE_CONGRESO_-ANTROPOLOGIA_17_a4-600x849.jpg 600w\" sizes=\"auto, (max-width: 212px) 100vw, 212px\" \/><\/a><\/strong><\/h1>\n<h1>\u00a0<\/h1>\n<p>En la ciudad de San Miguel de Tucum\u00e1n, el 19 y 20 de Octubre de 2017 se realiz\u00f3 la VI edici\u00f3n del Congreso Antropolog\u00eda Siglo XXI- Cruce de Saberes: Identidad, Inclusi\u00f3n, Exclusi\u00f3n. El mismo cont\u00f3 con el auspicio de la Facultad de Filosof\u00eda y Letras de la UNT y se realiz\u00f3 en al Centro Cultural Alberto Roug\u00e9s.\u00a0 Participaron del Congreso numerosos investigadores de diferentes \u00e1reas de nuestro medio y del pa\u00eds. A continuaci\u00f3n compartimos algunos videos de diferentes momentos.<\/p>\n<p>\u00a0<\/p>\n<p>\u00a0<\/p>\n<p>\u00a0<\/p>\n<p>\u00a0<\/p>\n<p>\u00a0<\/p>\n<\/div>\n<\/div><\/div><\/div><\/div><\/div><div id=\"pg-51-3\"  class=\"panel-grid panel-no-style\" ><div id=\"pgc-51-3-0\"  class=\"panel-grid-cell\" ><div id=\"panel-51-3-0-0\" class=\"so-panel widget widget_media_video panel-first-child\" data-index=\"1\" ><h3 class=\"widget-title\">Apertura del VI Congreso Antropolog\u00eda Siglo XXI: Cruce de Saberes.<\/h3><div style=\"width:100%;\" class=\"wp-video\"><!--[if lt IE 9]><script>document.createElement('video');<\/script><![endif]-->\n<video class=\"wp-video-shortcode\" id=\"video-51-1\" preload=\"metadata\" controls=\"controls\"><source type=\"video\/youtube\" src=\"https:\/\/youtu.be\/zP8IKyua7Hc?_=1\" \/><a href=\"https:\/\/youtu.be\/zP8IKyua7Hc\">https:\/\/youtu.be\/zP8IKyua7Hc<\/a><\/video><\/div><\/div><div id=\"panel-51-3-0-1\" class=\"so-panel widget widget_media_video\" data-index=\"2\" ><h3 class=\"widget-title\">VI Congreso Antropolog\u00eda Siglo XXI Cruce de Saberes: Conferencia inaugural a cargo del Dr. Ra\u00fal Nader<\/h3><div style=\"width:100%;\" class=\"wp-video\"><video class=\"wp-video-shortcode\" id=\"video-51-2\" preload=\"metadata\" controls=\"controls\"><source type=\"video\/youtube\" src=\"https:\/\/www.youtube.com\/watch?v=MZCfpjHK0Kw&#038;t=1s&#038;_=2\" \/><a href=\"https:\/\/www.youtube.com\/watch?v=MZCfpjHK0Kw&#038;t=1s\">https:\/\/www.youtube.com\/watch?v=MZCfpjHK0Kw&#038;t=1s<\/a><\/video><\/div><\/div><div id=\"panel-51-3-0-2\" class=\"so-panel widget widget_media_video panel-last-child\" data-index=\"3\" ><h3 class=\"widget-title\">Presentaci\u00f3n del libro &#8220;Antropolog\u00eda Siglo XXI- Cruce de Saberes Vol. V: Identidad, Inclusi\u00f3n, Exclusi\u00f3n (Cristina Bosso y Ra\u00fal Nader compiladores) a cargo de la Dra. Ruth Ramasco)<\/h3><div style=\"width:100%;\" class=\"wp-video\"><video class=\"wp-video-shortcode\" id=\"video-51-3\" preload=\"metadata\" controls=\"controls\"><source type=\"video\/youtube\" src=\"https:\/\/www.youtube.com\/watch?v=eBGQwmOE3Fg&#038;_=3\" \/><a href=\"https:\/\/www.youtube.com\/watch?v=eBGQwmOE3Fg\">https:\/\/www.youtube.com\/watch?v=eBGQwmOE3Fg<\/a><\/video><\/div><\/div><\/div><\/div><div id=\"pg-51-4\"  class=\"panel-grid panel-no-style\" ><div id=\"pgc-51-4-0\"  class=\"panel-grid-cell panel-grid-cell-empty\" ><\/div><\/div><\/div>","protected":false},"excerpt":{"rendered":"<p>\u00a0 En la ciudad de San Miguel de Tucum\u00e1n, el 19 y 20 de Octubre de 2017 se realiz\u00f3 la VI edici\u00f3n del Congreso Antropolog\u00eda Siglo XXI- Cruce de Saberes: Identidad, Inclusi\u00f3n, Exclusi\u00f3n. El mismo cont\u00f3 con el auspicio de la Facultad de Filosof\u00eda y Letras de la UNT y se realiz\u00f3 en al Centro [&hellip;]<\/p>\n","protected":false},"author":1,"featured_media":0,"parent":0,"menu_order":0,"comment_status":"closed","ping_status":"closed","template":"templates\/template-full-notitle.php","meta":{"footnotes":""},"class_list":["post-51","page","type-page","status-publish","hentry","post"],"_links":{"self":[{"href":"https:\/\/filo.unt.edu.ar\/ieafr\/wp-json\/wp\/v2\/pages\/51","targetHints":{"allow":["GET"]}}],"collection":[{"href":"https:\/\/filo.unt.edu.ar\/ieafr\/wp-json\/wp\/v2\/pages"}],"about":[{"href":"https:\/\/filo.unt.edu.ar\/ieafr\/wp-json\/wp\/v2\/types\/page"}],"author":[{"embeddable":true,"href":"https:\/\/filo.unt.edu.ar\/ieafr\/wp-json\/wp\/v2\/users\/1"}],"replies":[{"embeddable":true,"href":"https:\/\/filo.unt.edu.ar\/ieafr\/wp-json\/wp\/v2\/comments?post=51"}],"version-history":[{"count":62,"href":"https:\/\/filo.unt.edu.ar\/ieafr\/wp-json\/wp\/v2\/pages\/51\/revisions"}],"predecessor-version":[{"id":296,"href":"https:\/\/filo.unt.edu.ar\/ieafr\/wp-json\/wp\/v2\/pages\/51\/revisions\/296"}],"wp:attachment":[{"href":"https:\/\/filo.unt.edu.ar\/ieafr\/wp-json\/wp\/v2\/media?parent=51"}],"curies":[{"name":"wp","href":"https:\/\/api.w.org\/{rel}","templated":true}]}}