{"id":5,"date":"2017-06-23T22:33:19","date_gmt":"2017-06-24T01:33:19","guid":{"rendered":"http:\/\/filo.unt.edu.ar\/ieafr\/?page_id=5"},"modified":"2017-10-28T14:50:40","modified_gmt":"2017-10-28T17:50:40","slug":"extension","status":"publish","type":"page","link":"https:\/\/filo.unt.edu.ar\/ieafr\/extension\/","title":{"rendered":"Extensi\u00f3n"},"content":{"rendered":"<div id=\"pl-5\"  class=\"panel-layout\" ><div id=\"pg-5-0\"  class=\"panel-grid panel-no-style\" ><div id=\"pgc-5-0-0\"  class=\"panel-grid-cell\" ><div id=\"panel-5-0-0-0\" class=\"so-panel widget widget_sow-editor panel-first-child\" data-index=\"0\" ><div class=\"panel-widget-style panel-widget-style-for-5-0-0-0\" ><div\n\t\t\t\n\t\t\tclass=\"so-widget-sow-editor so-widget-sow-editor-base\"\n\t\t\t\n\t\t>\n<div class=\"siteorigin-widget-tinymce textwidget\">\n\t<h1 style=\"text-align: center\"><span style=\"color: #000000\">ACTIVIDADES DE EXTENSION<\/span><\/h1>\n<\/div>\n<\/div><\/div><\/div><div id=\"panel-5-0-0-1\" class=\"so-panel widget widget_sow-image\" data-index=\"1\" ><div\n\t\t\t\n\t\t\tclass=\"so-widget-sow-image so-widget-sow-image-default-8b5b6f678277-5\"\n\t\t\t\n\t\t>\n<div class=\"sow-image-container\">\n\t\t<img \n\tsrc=\"https:\/\/filo.unt.edu.ar\/ieafr\/wp-content\/uploads\/sites\/85\/2017\/06\/extension.png\" width=\"1200\" height=\"440\" srcset=\"https:\/\/filo.unt.edu.ar\/ieafr\/wp-content\/uploads\/sites\/85\/2017\/06\/extension.png 1200w, https:\/\/filo.unt.edu.ar\/ieafr\/wp-content\/uploads\/sites\/85\/2017\/06\/extension-300x110.png 300w, https:\/\/filo.unt.edu.ar\/ieafr\/wp-content\/uploads\/sites\/85\/2017\/06\/extension-768x282.png 768w, https:\/\/filo.unt.edu.ar\/ieafr\/wp-content\/uploads\/sites\/85\/2017\/06\/extension-1024x375.png 1024w, https:\/\/filo.unt.edu.ar\/ieafr\/wp-content\/uploads\/sites\/85\/2017\/06\/extension-600x220.png 600w\" sizes=\"(max-width: 1200px) 100vw, 1200px\" alt=\"\" \t\tclass=\"so-widget-image\"\/>\n\t<\/div>\n\n<\/div><\/div><div id=\"panel-5-0-0-2\" class=\"so-panel widget widget_sow-editor panel-last-child\" data-index=\"2\" ><div\n\t\t\t\n\t\t\tclass=\"so-widget-sow-editor so-widget-sow-editor-base\"\n\t\t\t\n\t\t>\n<div class=\"siteorigin-widget-tinymce textwidget\">\n\t<p>El Instituto realiza numerosas actividades de extensi\u00f3n Desde el a\u00f1o 2015\u00a0 organiza el ciclo de conferencias <em><strong>Diferentes aspectos de la Identidad<\/strong><\/em>, abiertas al p\u00fablico en general. Con esta actividad pretendemos compartir los resultados de nuestras investigaciones con los miembros de nuestra comunidad acad\u00e9mica.<\/p>\n<p>Las conferencias dictadas en 2016 han sido las siguientes:<\/p>\n<p><em><strong> \u201cHombre po\u00e9tico y hombre religioso: sus v\u00ednculos con la filosof\u00eda\u201d<\/strong><\/em> Mg. Amira Juri<\/p>\n<p><em><strong>\u201cPensar, poetizar, pensar\u201d<\/strong><\/em> Lic. C\u00e9sar Enrique Ju\u00e1rez. \u00a0<\/p>\n<p><em><strong>\u201cNietzsche; el m\u00fasico filosofo\u201d<\/strong><\/em>, Lic. Rolando Assad.\u00a0<\/p>\n<p>El Instituto organiza tambi\u00e9n un <strong>Ciclo de mesas panel sobre temas de actualidad<\/strong>. Con esta actividad pretendemos difundir nuestros temas de investigaci\u00f3n al p\u00fablico en general.<\/p>\n<p>Las mesas panel del a\u00f1o 2016 se han realizado en el Centro Cultural Alberto Roug\u00e9s y han sido las siguientes:<\/p>\n<p><strong><em>\u201cLa construcci\u00f3n social de la discapacidad\u201d<\/em><\/strong>, a cargo de Lic. Luciana Komaid, Arq. Josefina Ocampo, Dra. Mar\u00eda In\u00e9s Guzm\u00e1n.<\/p>\n<p><em><strong>\u201cFilosof\u00eda, pol\u00edtica, comunidad y exclusi\u00f3n\u201d<\/strong><\/em>. Organizada en conjunto con el Instituto de Epistemolog\u00eda, a cargo del Dr. Ra\u00fal Nader y el Dr. Santiago Garmendia.<\/p>\n<p>A\u00f1o 2017:<\/p>\n<p><em><strong>Mesa panel: \u201cUn di\u00e1logo sobre la salud mental hoy\u201d:\u00a0<\/strong><\/em><br \/>- \u201cLa responsabilidad de ser sano y feliz\u201d \u2013 Psic. Gabriela Serrano \u2013 (UNT)- \u201cEntre los dos no hay nada. El no lugar de la salud mental\u201d \u2013 \u00a0Silvia Rochet \u2013 (Escuela Normal Superior \u2013 Par\u00eds)- \u201cLa nave de los locos: psicosis y segregaci\u00f3n\u201d \u2013 Psic. Ana In\u00e9s Tuero \u2013 (UNT)<\/p>\n<p>El Instituto tambi\u00e9n brinda auspicio a congresos y actividades culturales de relevancia.<\/p>\n<p><strong><span style=\"text-decoration: underline\">En el a\u00f1o 2016 ha auspiciado los siguientes eventos:<\/span><\/strong><\/p>\n<p><em><strong>Festival Internacional \u00a0de cine \u201cSignos de la noche\u201d<\/strong><\/em>, en el que se proyectaron cortometrajes y documentales que se presentaron en las edici\u00f3nes de este festival realizadas este a\u00f1o en Par\u00eds y en Munich (25 al 28 de Agosto)<\/p>\n<p><em><strong>Seminario Taller Pensar, Poetizar, Pensar<\/strong><\/em>, dictado por el Lic. C\u00e9sar Ju\u00e1rez desde el 21 de Septiembre de 2016.<\/p>\n<p><em><strong>Presentaci\u00f3n del libro Homo Poi\u00e9ticus<\/strong><\/em>, de Amira Juri, a cargo de la Dra. Cristina Bosso y la Dra. \u00a0Gabriela Palazzo.<\/p>\n<p>El Instituto ha organizado tambi\u00e9n numerosos cursos de posgrado. Algunos de los dictados en los \u00faltimos a\u00f1os son:<\/p>\n<p><em><strong>\"Consecuencias del Giro Ling\u00fc\u00edstico\"<\/strong><\/em>, Dra Cristina Bosso- Agosto de 2017<\/p>\n<p><em><strong>\u201cReligi\u00f3n y poder\u201d<\/strong><\/em>, Dra. Ruth Ramasco, Dr. Ra\u00fal Nader (2017)<\/p>\n<p><em><strong>\u201cEl pensamiento de Giorgio Agamben II. Un abordaje filos\u00f3fico y pol\u00edtico\u201d<\/strong><\/em> Dictado por el Dr. Ra\u00fal Nader (2016)<\/p>\n<p><em><strong> \u201cEl pensamiento de Giorgio Agamben\u201d<\/strong><\/em>. Dictado por el Dr. Ra\u00fal Nader (2015)<\/p>\n<p><em><strong> Post\u00edtulo de actualizaci\u00f3n para docentes: Identidad, Diversidad e Inclusi\u00f3n. Nuevos desaf\u00edos para el docente.<\/strong><\/em> Organizado por la Facultad de Filosof\u00eda y Letras, UNT. 1\u00b0 semestre del 2014.<\/p>\n<\/div>\n<\/div><\/div><\/div><\/div><div id=\"pg-5-1\"  class=\"panel-grid panel-no-style\" ><div id=\"pgc-5-1-0\"  class=\"panel-grid-cell panel-grid-cell-empty\" ><\/div><div id=\"pgc-5-1-1\"  class=\"panel-grid-cell\" ><div id=\"panel-5-1-1-0\" class=\"so-panel widget widget_black-studio-tinymce widget_black_studio_tinymce panel-first-child panel-last-child\" data-index=\"3\" ><div class=\"textwidget\"><div id=\"fb-root\"><\/div>\n<p><script>(function(d, s, id) {\n  var js, fjs = d.getElementsByTagName(s)[0];\n  if (d.getElementById(id)) return;\n  js = d.createElement(s); js.id = id;\n  js.src = \"\/\/connect.facebook.net\/es_LA\/sdk.js#xfbml=1&version=v2.10\";\n  fjs.parentNode.insertBefore(js, fjs);\n}(document, 'script', 'facebook-jssdk'));<\/script><\/p>\n<div class=\"fb-post\" data-href=\"https:\/\/www.facebook.com\/media\/set\/?set=a.1769699886673392.1073741831.1593261110983938&amp;type=1&amp;l=c2a37fa139\" data-width=\"450\" data-show-text=\"true\">\n<blockquote cite=\"https:\/\/www.facebook.com\/media\/set\/?set=a.1769699886673392.1073741831.1593261110983938&amp;type=3\" class=\"fb-xfbml-parse-ignore\">\n<p>El viernes 7 de abril se realizaron en nuestra Facultad las I Jornadas de Investigaci&#xf3;n sobre Pragmatismo, con el auspicio del Instituto de Estudios Antropol&#xf3;gicos y Filosof&#xed;a de la Religi&#xf3;n<\/p>\n<p>Posted by <a href=\"https:\/\/www.facebook.com\/ieafr\/\">Instituto de Estudios Antropol\u00f3gicos y Filosof\u00eda de la Religi\u00f3n - UNT<\/a> on&nbsp;<a href=\"https:\/\/www.facebook.com\/media\/set\/?set=a.1769699886673392.1073741831.1593261110983938&amp;type=3\">s\u00e1bado, 15 de abril de 2017<\/a><\/p><\/blockquote>\n<\/div>\n<\/div><\/div><\/div><\/div><\/div>","protected":false},"excerpt":{"rendered":"<p>ACTIVIDADES DE EXTENSION El Instituto realiza numerosas actividades de extensi\u00f3n Desde el a\u00f1o 2015\u00a0 organiza el ciclo de conferencias Diferentes aspectos de la Identidad, abiertas al p\u00fablico en general. Con esta actividad pretendemos compartir los resultados de nuestras investigaciones con los miembros de nuestra comunidad acad\u00e9mica.Las conferencias dictadas en 2016 han sido las siguientes: \u201cHombre [&hellip;]<\/p>\n","protected":false},"author":1,"featured_media":0,"parent":0,"menu_order":0,"comment_status":"closed","ping_status":"closed","template":"templates\/template-full-notitle.php","meta":{"footnotes":""},"class_list":["post-5","page","type-page","status-publish","hentry","post"],"_links":{"self":[{"href":"https:\/\/filo.unt.edu.ar\/ieafr\/wp-json\/wp\/v2\/pages\/5","targetHints":{"allow":["GET"]}}],"collection":[{"href":"https:\/\/filo.unt.edu.ar\/ieafr\/wp-json\/wp\/v2\/pages"}],"about":[{"href":"https:\/\/filo.unt.edu.ar\/ieafr\/wp-json\/wp\/v2\/types\/page"}],"author":[{"embeddable":true,"href":"https:\/\/filo.unt.edu.ar\/ieafr\/wp-json\/wp\/v2\/users\/1"}],"replies":[{"embeddable":true,"href":"https:\/\/filo.unt.edu.ar\/ieafr\/wp-json\/wp\/v2\/comments?post=5"}],"version-history":[{"count":21,"href":"https:\/\/filo.unt.edu.ar\/ieafr\/wp-json\/wp\/v2\/pages\/5\/revisions"}],"predecessor-version":[{"id":292,"href":"https:\/\/filo.unt.edu.ar\/ieafr\/wp-json\/wp\/v2\/pages\/5\/revisions\/292"}],"wp:attachment":[{"href":"https:\/\/filo.unt.edu.ar\/ieafr\/wp-json\/wp\/v2\/media?parent=5"}],"curies":[{"name":"wp","href":"https:\/\/api.w.org\/{rel}","templated":true}]}}