{"id":41,"date":"2017-06-23T22:37:18","date_gmt":"2017-06-24T01:37:18","guid":{"rendered":"http:\/\/filo.unt.edu.ar\/ieafr\/home-page\/"},"modified":"2017-11-04T11:52:44","modified_gmt":"2017-11-04T14:52:44","slug":"home-page","status":"publish","type":"page","link":"https:\/\/filo.unt.edu.ar\/ieafr\/","title":{"rendered":"Home Page"},"content":{"rendered":"<div id=\"pl-41\"  class=\"panel-layout\" ><div id=\"pg-41-0\"  class=\"panel-grid panel-no-style\" ><div id=\"pgc-41-0-0\"  class=\"panel-grid-cell\" ><div id=\"panel-41-0-0-0\" class=\"so-panel widget widget_headline-widget panel-first-child\" data-index=\"0\" >\t\t<h1>INSTITUTO DE ESTUDIOS ANTROPOL\u00d3GICOS Y FILOSOF\u00cdA DE LA RELIGI\u00d3N <\/h1>\n\t\t<div class=\"decoration\"><div class=\"decoration-inside\"><\/div><\/div>\n\t\t<h3>Avda. Benjam\u00edn Ar\u00e1oz 800- Tucum\u00e1n- Argentina Te: 0054-381-4222146 int. 7453 Fax: 0054-381-4310171<\/h3>\n\t\t<\/div><div id=\"panel-41-0-0-1\" class=\"so-panel widget widget_sow-editor panel-last-child\" data-index=\"1\" ><div\n\t\t\t\n\t\t\tclass=\"so-widget-sow-editor so-widget-sow-editor-base\"\n\t\t\t\n\t\t>\n<div class=\"siteorigin-widget-tinymce textwidget\">\n\t<p>El Instituto de Estudios Antropol\u00f3gicos y Filosof\u00eda de la Religi\u00f3n fue creado en el a\u00f1o de 1999 por iniciativa de la <em><strong>Dra. Cristina Bulacio y el Dr. Ra\u00fal Nader<\/strong><\/em>, con el objetivo de abrir un espacio interdisciplinario de reflexi\u00f3n que desde la filosof\u00eda convoque a otras \u00e1reas del pensamiento. Por este motivo el Instituto actualmente est\u00e1 integrado por representantes de diferentes disciplinas (filosof\u00eda, psicolog\u00eda, geograf\u00eda, ingl\u00e9s), quienes abordan la problem\u00e1tica de lo humano desde diferentes perspectivas. Su primera Directora ha sido la <em><strong>Dra. Cristina Bulacio<\/strong><\/em>. Posteriormente ha sido dirigido por el <em><strong>Dr. Ra\u00fal Nader<\/strong><\/em>, y en actualidad la Directora es la <em><strong>Dra. Cristina Bosso.<\/strong><\/em><\/p>\n<p>Los integrantes del Instituto se re\u00fanen habitualmente una vez por mes para realizar la presentaci\u00f3n de un tema te\u00f3rico a cargo de uno de sus miembros, para luego abrir un espacio de debate y discusi\u00f3n.<\/p>\n<p>Nuestro prop\u00f3sito es combinar las tareas de especializaci\u00f3n de cada uno de sus miembros con actividades de difusi\u00f3n de sus resultados. Es por ello que ha ido incorporando numerosas actividades tanto de investigaci\u00f3n como de extensi\u00f3n. A lo largo de estos a\u00f1os hemos organizado numerosos simposios y congresos, ciclos de conferencias, publicaciones, cursos de posgrado y de extensi\u00f3n y mesas panel.<\/p>\n<\/div>\n<\/div><\/div><\/div><div id=\"pgc-41-0-1\"  class=\"panel-grid-cell panel-grid-cell-empty\" ><\/div><div id=\"pgc-41-0-2\"  class=\"panel-grid-cell\" ><div id=\"panel-41-0-2-0\" class=\"so-panel widget widget_sow-editor panel-first-child\" data-index=\"2\" ><div\n\t\t\t\n\t\t\tclass=\"so-widget-sow-editor so-widget-sow-editor-base\"\n\t\t\t\n\t\t>\n<div class=\"siteorigin-widget-tinymce textwidget\">\n\t<p style=\"text-align: center;\"><a href=\"http:\/\/filo.unt.edu.ar\/ieafr\/wp-content\/uploads\/sites\/85\/2017\/06\/AFICHE_CONGRESO_-ANTROPOLOGIA_17_a4.jpg\"><\/a><a href=\"http:\/\/filo.unt.edu.ar\/blog\/2017\/05\/04\/vi-congreso-antropologia-siglo-xxi-cruce-de-saberes\/\" target=\"_blank\" rel=\"noopener\"><img loading=\"lazy\" decoding=\"async\" class=\"aligncenter wp-image-12\" src=\"http:\/\/filo.unt.edu.ar\/ieafr\/wp-content\/uploads\/sites\/85\/2017\/06\/AFICHE_CONGRESO_-ANTROPOLOGIA_17_a4-212x300.jpg\" alt=\"\" width=\"373\" height=\"528\" srcset=\"https:\/\/filo.unt.edu.ar\/ieafr\/wp-content\/uploads\/sites\/85\/2017\/06\/AFICHE_CONGRESO_-ANTROPOLOGIA_17_a4-212x300.jpg 212w, https:\/\/filo.unt.edu.ar\/ieafr\/wp-content\/uploads\/sites\/85\/2017\/06\/AFICHE_CONGRESO_-ANTROPOLOGIA_17_a4-768x1086.jpg 768w, https:\/\/filo.unt.edu.ar\/ieafr\/wp-content\/uploads\/sites\/85\/2017\/06\/AFICHE_CONGRESO_-ANTROPOLOGIA_17_a4-724x1024.jpg 724w, https:\/\/filo.unt.edu.ar\/ieafr\/wp-content\/uploads\/sites\/85\/2017\/06\/AFICHE_CONGRESO_-ANTROPOLOGIA_17_a4-600x849.jpg 600w\" sizes=\"auto, (max-width: 373px) 100vw, 373px\" \/><\/a><\/p>\n<\/div>\n<\/div><\/div><div id=\"panel-41-0-2-1\" class=\"so-panel widget widget_sow-editor panel-last-child\" data-index=\"3\" ><div\n\t\t\t\n\t\t\tclass=\"so-widget-sow-editor so-widget-sow-editor-base\"\n\t\t\t\n\t\t>\n<div class=\"siteorigin-widget-tinymce textwidget\">\n\t<div id=\"fb-root\"><\/div>\n<p><script>(function(d, s, id) {\n  var js, fjs = d.getElementsByTagName(s)[0];\n  if (d.getElementById(id)) return;\n  js = d.createElement(s); js.id = id;\n  js.src = \"\/\/connect.facebook.net\/es_LA\/sdk.js#xfbml=1&version=v2.7\";\n  fjs.parentNode.insertBefore(js, fjs);\n}(document, 'script', 'facebook-jssdk'));<\/script><\/p>\n<div class=\"fb-page\" data-href=\"https:\/\/www.facebook.com\/ieafr\/\" data-tabs=\"timeline\" data-width=\"530\" data-height=\"500\" data-small-header=\"false\" data-adapt-container-width=\"true\" data-hide-cover=\"false\" data-show-facepile=\"true\">\n<blockquote class=\"fb-xfbml-parse-ignore\" cite=\"https:\/\/www.facebook.com\/ieafr\/\"><p><a href=\"https:\/\/www.facebook.com\/ieafr\/\">Instituto de Estudios Antropologicos y Filosof\u00eda de la Religi\u00f3n<\/a><\/p><\/blockquote>\n<\/div>\n<\/div>\n<\/div><\/div><\/div><\/div><div id=\"pg-41-1\"  class=\"panel-grid panel-no-style\" ><div id=\"pgc-41-1-0\"  class=\"panel-grid-cell\" ><div id=\"panel-41-1-0-0\" class=\"so-panel widget widget_media_video panel-first-child panel-last-child\" data-index=\"4\" ><div style=\"width:100%;\" class=\"wp-video\"><!--[if lt IE 9]><script>document.createElement('video');<\/script><![endif]-->\n<video class=\"wp-video-shortcode\" id=\"video-41-1\" preload=\"metadata\" controls=\"controls\"><source type=\"video\/youtube\" src=\"https:\/\/www.youtube.com\/watch?v=u0rX3FAKEwY&#038;_=1\" \/><a href=\"https:\/\/www.youtube.com\/watch?v=u0rX3FAKEwY\">https:\/\/www.youtube.com\/watch?v=u0rX3FAKEwY<\/a><\/video><\/div><\/div><\/div><\/div><\/div>","protected":false},"excerpt":{"rendered":"<p>El Instituto de Estudios Antropol\u00f3gicos y Filosof\u00eda de la Religi\u00f3n fue creado en el a\u00f1o de 1999 por iniciativa de la Dra. Cristina Bulacio y el Dr. Ra\u00fal Nader, con el objetivo de abrir un espacio interdisciplinario de reflexi\u00f3n que desde la filosof\u00eda convoque a otras \u00e1reas del pensamiento. Por este motivo el Instituto actualmente [&hellip;]<\/p>\n","protected":false},"author":1,"featured_media":0,"parent":0,"menu_order":0,"comment_status":"closed","ping_status":"closed","template":"home-panels.php","meta":{"footnotes":""},"class_list":["post-41","page","type-page","status-publish","hentry","post"],"_links":{"self":[{"href":"https:\/\/filo.unt.edu.ar\/ieafr\/wp-json\/wp\/v2\/pages\/41","targetHints":{"allow":["GET"]}}],"collection":[{"href":"https:\/\/filo.unt.edu.ar\/ieafr\/wp-json\/wp\/v2\/pages"}],"about":[{"href":"https:\/\/filo.unt.edu.ar\/ieafr\/wp-json\/wp\/v2\/types\/page"}],"author":[{"embeddable":true,"href":"https:\/\/filo.unt.edu.ar\/ieafr\/wp-json\/wp\/v2\/users\/1"}],"replies":[{"embeddable":true,"href":"https:\/\/filo.unt.edu.ar\/ieafr\/wp-json\/wp\/v2\/comments?post=41"}],"version-history":[{"count":4,"href":"https:\/\/filo.unt.edu.ar\/ieafr\/wp-json\/wp\/v2\/pages\/41\/revisions"}],"predecessor-version":[{"id":309,"href":"https:\/\/filo.unt.edu.ar\/ieafr\/wp-json\/wp\/v2\/pages\/41\/revisions\/309"}],"wp:attachment":[{"href":"https:\/\/filo.unt.edu.ar\/ieafr\/wp-json\/wp\/v2\/media?parent=41"}],"curies":[{"name":"wp","href":"https:\/\/api.w.org\/{rel}","templated":true}]}}