{"id":287,"date":"2017-10-28T13:38:36","date_gmt":"2017-10-28T16:38:36","guid":{"rendered":"http:\/\/filo.unt.edu.ar\/ieafr\/?page_id=287"},"modified":"2017-10-31T19:39:31","modified_gmt":"2017-10-31T22:39:31","slug":"congresos-y-jornadas","status":"publish","type":"page","link":"https:\/\/filo.unt.edu.ar\/ieafr\/congresos-y-jornadas\/","title":{"rendered":"Congresos y Jornadas"},"content":{"rendered":"<p>&nbsp;<\/p>\n<p>En el a\u00f1o 2007 se realiz\u00f3 la primera edici\u00f3n del <em><strong>Simposio Antropolog\u00eda Siglo XXI: Cruce de saberes<\/strong><\/em>, organizada por el Instituto de Estudios Antropol\u00f3gicos y Filosof\u00eda de la Religi\u00f3n con la intenci\u00f3n de convocar a especialistas de diferentes disciplinas para reflexionar sobre el hombre y los problemas que lo asedian en el mundo \u00a0contempor\u00e1neo. A partir de all\u00ed el Simposio se ha se ha realizado en forma ininterrumpida cada dos a\u00f1os (2009, 2011, 2013, 2015, 2017), convocando cada vez mayor cantidad de especialistas de diferentes \u00e1reas (Filosof\u00eda, Psicolog\u00eda, Medicina, Letras, Geograf\u00eda, Ciencias de la comunicaci\u00f3n, Sociolog\u00eda).<\/p>\n<p>Se ha constituido as\u00ed un espacio de intercambio entre diferentes disciplinas que comparten el inter\u00e9s por una problem\u00e1tica en com\u00fan. Los resultados de cada una de las ediciones de este Congreso han sido plasmados bajo la forma de publicaciones de una selecci\u00f3n de los trabajos presentados.<\/p>\n<p>Con el auspicio de la Facultad de Filosof\u00eda y Letras de la UNT, el 19 y 20 de Octubre de 2017 se realiz\u00f3 el<strong> VI Congreso Antropolog\u00eda Siglo XXI &#8211; Cruce de Saberes: Identidad, Inclusi\u00f3n, Exclusi\u00f3n<\/strong>. El mismo cont\u00f3 con la participaci\u00f3n de especialistas de diferentes disciplinas de nuestro medio y de otros puntos del pa\u00eds.<\/p>\n<p>&nbsp;<\/p>\n","protected":false},"excerpt":{"rendered":"<p>&nbsp; En el a\u00f1o 2007 se realiz\u00f3 la primera edici\u00f3n del Simposio Antropolog\u00eda Siglo XXI: Cruce de saberes, organizada por el Instituto de Estudios Antropol\u00f3gicos y Filosof\u00eda de la Religi\u00f3n con la intenci\u00f3n de convocar a especialistas de diferentes disciplinas para reflexionar sobre el hombre y los problemas que lo asedian en el mundo \u00a0contempor\u00e1neo. [&hellip;]<\/p>\n","protected":false},"author":1,"featured_media":0,"parent":0,"menu_order":0,"comment_status":"closed","ping_status":"closed","template":"","meta":{"footnotes":""},"class_list":["post-287","page","type-page","status-publish","hentry","post"],"_links":{"self":[{"href":"https:\/\/filo.unt.edu.ar\/ieafr\/wp-json\/wp\/v2\/pages\/287","targetHints":{"allow":["GET"]}}],"collection":[{"href":"https:\/\/filo.unt.edu.ar\/ieafr\/wp-json\/wp\/v2\/pages"}],"about":[{"href":"https:\/\/filo.unt.edu.ar\/ieafr\/wp-json\/wp\/v2\/types\/page"}],"author":[{"embeddable":true,"href":"https:\/\/filo.unt.edu.ar\/ieafr\/wp-json\/wp\/v2\/users\/1"}],"replies":[{"embeddable":true,"href":"https:\/\/filo.unt.edu.ar\/ieafr\/wp-json\/wp\/v2\/comments?post=287"}],"version-history":[{"count":4,"href":"https:\/\/filo.unt.edu.ar\/ieafr\/wp-json\/wp\/v2\/pages\/287\/revisions"}],"predecessor-version":[{"id":303,"href":"https:\/\/filo.unt.edu.ar\/ieafr\/wp-json\/wp\/v2\/pages\/287\/revisions\/303"}],"wp:attachment":[{"href":"https:\/\/filo.unt.edu.ar\/ieafr\/wp-json\/wp\/v2\/media?parent=287"}],"curies":[{"name":"wp","href":"https:\/\/api.w.org\/{rel}","templated":true}]}}