{"id":50,"date":"2025-08-18T08:22:42","date_gmt":"2025-08-18T11:22:42","guid":{"rendered":"https:\/\/filo.unt.edu.ar\/faapi2025\/?page_id=50"},"modified":"2025-08-18T08:23:14","modified_gmt":"2025-08-18T11:23:14","slug":"hotel-guide","status":"publish","type":"page","link":"https:\/\/filo.unt.edu.ar\/faapi2025\/hotel-guide\/","title":{"rendered":"Hotel guide"},"content":{"rendered":"<div id=\"pl-50\"  class=\"panel-layout\" ><div id=\"pg-50-0\"  class=\"panel-grid panel-no-style\" ><div id=\"pgc-50-0-0\"  class=\"panel-grid-cell\" ><div id=\"panel-50-0-0-0\" class=\"so-panel widget widget_black-studio-tinymce widget_black_studio_tinymce panel-first-child panel-last-child\" data-index=\"0\" ><div class=\"textwidget\"><h1 style=\"text-align: left;\"><span style=\"font-weight: 400; color: #752075;\"><strong><span style=\"color: #752075;\">Hotel<\/span> guide<\/strong> <\/span><\/h1>\n<p style=\"text-align: left;\"><span style=\"color: #752075;\"><strong>Hotel Guide for Attendees<\/strong><\/span><\/p>\n<p style=\"text-align: left;\">Coming from another province? We\u2019ve got you covered!<br \/>\nHere are some recommended hotels near the Facultad de Filosof\u00eda y Letras (Av. Benjam\u00edn Ar\u00e1oz 800), our Conference venue in San Miguel de Tucum\u00e1n.<\/p>\n<h4 style=\"text-align: left;\"><span style=\"color: #752075;\"><strong>Near Parque 9 de Julio<\/strong><\/span><\/h4>\n<p style=\"text-align: left;\"><strong>Catalinas Park (\u2605\u2605\u2605\u2605)<\/strong><\/p>\n<p style=\"text-align: left;\">Av. Soldati 380 - 1.5 km from venue<br \/>\n$140,000 per night<br \/>\nIncludes breakfast &amp; taxes<br \/>\nIn front of the park \u2014 ideal for morning walks<br \/>\nWebsite: <a href=\"https:\/\/www.hotelcatalinastucuman.com.ar\/\">https:\/\/www.hotelcatalinastucuman.com.ar\/<\/a><br \/>\nInstagram: <a href=\"https:\/\/www.instagram.com\/catalinasparktucuman\">@catalinasparktucuman<\/a><\/p>\n<p style=\"text-align: left;\"><strong>Garden Park (\u2605\u2605\u2605\u2605)<\/strong><\/p>\n<p style=\"text-align: left;\">Av. Soldati 350 - 1.5 km from venue<br \/>\n$90,000 per night<br \/>\nIncludes breakfast &amp; taxes<br \/>\nPeaceful, green surroundings<br \/>\nWebsite: <a href=\"https:\/\/gardenparkhoteltucuman.com-hotel.com\/es\/\">https:\/\/gardenparkhoteltucuman.com-hotel.com\/es\/<\/a><br \/>\nInstagram: <a href=\"https:\/\/www.instagram.com\/gardenparktucuman\">@gardenparktucuman<\/a><\/p>\n<p style=\"text-align: left;\"><strong>Near Plaza Independencia<\/strong><\/p>\n<p style=\"text-align: left;\">Bicentenario (\u2605\u2605\u2605\u2605)<br \/>\nLas Heras 21 - 1.8 km from venue<br \/>\n$100,000 per night<br \/>\nIncludes breakfast &amp; taxes<br \/>\nJust 100m from the main square<br \/>\nWebsite: <a href=\"https:\/\/www.hotelbicentenario.com.ar\/\">https:\/\/www.hotelbicentenario.com.ar\/<\/a><br \/>\nInstagram: <a href=\"https:\/\/www.instagram.com\/hotelbicentenariotucuman\">@hotelbicentenariotucuman<\/a><\/p>\n<p style=\"text-align: left;\">Del Jard\u00edn (\u2605\u2605\u2605)<br \/>\nLaprida 464 - 2.3 km from venue<br \/>\n$45,000 per night<br \/>\nIncludes breakfast &amp; taxes<br \/>\nCentral location, great value<br \/>\nWebsite: <a href=\"https:\/\/www.hoteldeljardin.com.ar\/\">https:\/\/www.hoteldeljardin.com.ar\/<\/a><br \/>\nInstagram: <a href=\"https:\/\/www.instagram.com\/hoteldeljardintucuman\">@hoteldeljardintucuman<\/a><\/p>\n<p style=\"text-align: left;\">Rates are per room, per night. Subject to availability and confirmation.<br \/>\nFor inquiries and reservations:<br \/>\n<a href=\"mailto:turismo@eventos.net.ar\">turismo@eventos.net.ar<\/a><\/p>\n<\/div><\/div><\/div><\/div><div id=\"pg-50-1\"  class=\"panel-grid panel-no-style\" ><div id=\"pgc-50-1-0\"  class=\"panel-grid-cell\" ><div id=\"panel-50-1-0-0\" class=\"so-panel widget widget_black-studio-tinymce widget_black_studio_tinymce panel-first-child panel-last-child\" data-index=\"1\" ><div class=\"textwidget\"><p><img loading=\"lazy\" decoding=\"async\" class=\"aligncenter size-full wp-image-52\" src=\"http:\/\/filo.unt.edu.ar\/faapi2025\/wp-content\/uploads\/sites\/108\/2025\/08\/Hoteles_FAAPI.jpg\" alt=\"\" width=\"1116\" height=\"789\" srcset=\"https:\/\/filo.unt.edu.ar\/faapi2025\/wp-content\/uploads\/sites\/108\/2025\/08\/Hoteles_FAAPI.jpg 1116w, https:\/\/filo.unt.edu.ar\/faapi2025\/wp-content\/uploads\/sites\/108\/2025\/08\/Hoteles_FAAPI-300x212.jpg 300w, https:\/\/filo.unt.edu.ar\/faapi2025\/wp-content\/uploads\/sites\/108\/2025\/08\/Hoteles_FAAPI-1024x724.jpg 1024w, https:\/\/filo.unt.edu.ar\/faapi2025\/wp-content\/uploads\/sites\/108\/2025\/08\/Hoteles_FAAPI-768x543.jpg 768w\" sizes=\"auto, (max-width: 1116px) 100vw, 1116px\" \/><\/p>\n<\/div><\/div><\/div><\/div><div id=\"pg-50-2\"  class=\"panel-grid panel-no-style\" ><div id=\"pgc-50-2-0\"  class=\"panel-grid-cell\" ><div id=\"panel-50-2-0-0\" class=\"so-panel widget widget_vantage-social-media panel-first-child panel-last-child\" data-index=\"2\" ><a class=\"social-media-icon social-media-icon-facebook social-media-icon-size-medium\" href=\"https:\/\/www.facebook.com\/APIT.TUCUMAN\" title=\"XLIX FAAPI CONFERENCE: 21st Century ELT: Bridging Encounters for Language Development Facebook\" target=\"_blank\"><span class=\"fa fa-facebook\"><\/span><\/a><a class=\"social-media-icon social-media-icon-instagram social-media-icon-size-medium\" href=\"https:\/\/www.instagram.com\/apit.tucuman\/\" title=\"XLIX FAAPI CONFERENCE: 21st Century ELT: Bridging Encounters for Language Development Instagram\" target=\"_blank\"><span class=\"fa fa-instagram\"><\/span><\/a><\/div><\/div><\/div><\/div>","protected":false},"excerpt":{"rendered":"<p>Hotel guide Hotel Guide for Attendees Coming from another province? We\u2019ve got you covered! Here are some recommended hotels near the Facultad de Filosof\u00eda y Letras (Av. Benjam\u00edn Ar\u00e1oz 800), our Conference venue in San Miguel de Tucum\u00e1n. Near Parque 9 de Julio Catalinas Park (\u2605\u2605\u2605\u2605) Av. Soldati 380 &#8211; 1.5 km from venue $140,000 [&hellip;]<\/p>\n","protected":false},"author":1,"featured_media":0,"parent":0,"menu_order":0,"comment_status":"closed","ping_status":"closed","template":"","meta":{"footnotes":""},"class_list":["post-50","page","type-page","status-publish","hentry","post"],"_links":{"self":[{"href":"https:\/\/filo.unt.edu.ar\/faapi2025\/wp-json\/wp\/v2\/pages\/50","targetHints":{"allow":["GET"]}}],"collection":[{"href":"https:\/\/filo.unt.edu.ar\/faapi2025\/wp-json\/wp\/v2\/pages"}],"about":[{"href":"https:\/\/filo.unt.edu.ar\/faapi2025\/wp-json\/wp\/v2\/types\/page"}],"author":[{"embeddable":true,"href":"https:\/\/filo.unt.edu.ar\/faapi2025\/wp-json\/wp\/v2\/users\/1"}],"replies":[{"embeddable":true,"href":"https:\/\/filo.unt.edu.ar\/faapi2025\/wp-json\/wp\/v2\/comments?post=50"}],"version-history":[{"count":4,"href":"https:\/\/filo.unt.edu.ar\/faapi2025\/wp-json\/wp\/v2\/pages\/50\/revisions"}],"predecessor-version":[{"id":55,"href":"https:\/\/filo.unt.edu.ar\/faapi2025\/wp-json\/wp\/v2\/pages\/50\/revisions\/55"}],"wp:attachment":[{"href":"https:\/\/filo.unt.edu.ar\/faapi2025\/wp-json\/wp\/v2\/media?parent=50"}],"curies":[{"name":"wp","href":"https:\/\/api.w.org\/{rel}","templated":true}]}}