{"id":15,"date":"2025-08-04T10:33:58","date_gmt":"2025-08-04T13:33:58","guid":{"rendered":"https:\/\/filo.unt.edu.ar\/faapi2025\/?page_id=15"},"modified":"2025-08-18T08:12:58","modified_gmt":"2025-08-18T11:12:58","slug":"where","status":"publish","type":"page","link":"https:\/\/filo.unt.edu.ar\/faapi2025\/where\/","title":{"rendered":"Where"},"content":{"rendered":"<div id=\"pl-15\"  class=\"panel-layout\" ><div id=\"pg-15-0\"  class=\"panel-grid panel-no-style\" ><div id=\"pgc-15-0-0\"  class=\"panel-grid-cell\" ><div id=\"panel-15-0-0-0\" class=\"so-panel widget widget_black-studio-tinymce widget_black_studio_tinymce panel-first-child panel-last-child\" data-index=\"0\" ><div class=\"textwidget\"><h1><span style=\"font-weight: 400; color: #752075;\"><strong>Where?<\/strong> <\/span><\/h1>\n<h1><span style=\"font-weight: 400; color: #752075;\">Facultad de Filosof\u00eda y Letras UNT<br \/>\n<\/span><\/h1>\n<h2 style=\"text-align: left;\"><span style=\"font-weight: 400; color: #752075;\">Av. Benjam\u00edn Ar\u00e1oz 800<br \/>\nSan Miguel de Tucum\u00e1n, Tucum\u00e1n<br \/>\n<\/span><\/h2>\n<\/div><\/div><\/div><\/div><div id=\"pg-15-1\"  class=\"panel-grid panel-no-style\" ><div id=\"pgc-15-1-0\"  class=\"panel-grid-cell\" ><div id=\"panel-15-1-0-0\" class=\"so-panel widget widget_black-studio-tinymce widget_black_studio_tinymce panel-first-child panel-last-child\" data-index=\"1\" ><div class=\"textwidget\"><p><iframe src=\"https:\/\/www.google.com\/maps\/embed?pb=!1m18!1m12!1m3!1d16935.367631989102!2d-65.19277222843154!3d-26.832875095075092!2m3!1f0!2f0!3f0!3m2!1i1024!2i768!4f13.1!3m3!1m2!1s0x94225ea944dec159%3A0x51632d51dffbaab3!2sFacultad%20de%20Filosof%C3%ADa%20y%20Letras!5e0!3m2!1ses!2sar!4v1754314418263!5m2!1ses!2sar\" width=\"100%\" height=\"450\" style=\"border:0;\" allowfullscreen=\"\" loading=\"lazy\" referrerpolicy=\"no-referrer-when-downgrade\"><\/iframe><\/p>\n<\/div><\/div><\/div><\/div><\/div>","protected":false},"excerpt":{"rendered":"<p>Where? Facultad de Filosof\u00eda y Letras UNT Av. Benjam\u00edn Ar\u00e1oz 800 San Miguel de Tucum\u00e1n, Tucum\u00e1n<\/p>\n","protected":false},"author":1,"featured_media":0,"parent":0,"menu_order":0,"comment_status":"closed","ping_status":"closed","template":"","meta":{"footnotes":""},"class_list":["post-15","page","type-page","status-publish","hentry","post"],"_links":{"self":[{"href":"https:\/\/filo.unt.edu.ar\/faapi2025\/wp-json\/wp\/v2\/pages\/15","targetHints":{"allow":["GET"]}}],"collection":[{"href":"https:\/\/filo.unt.edu.ar\/faapi2025\/wp-json\/wp\/v2\/pages"}],"about":[{"href":"https:\/\/filo.unt.edu.ar\/faapi2025\/wp-json\/wp\/v2\/types\/page"}],"author":[{"embeddable":true,"href":"https:\/\/filo.unt.edu.ar\/faapi2025\/wp-json\/wp\/v2\/users\/1"}],"replies":[{"embeddable":true,"href":"https:\/\/filo.unt.edu.ar\/faapi2025\/wp-json\/wp\/v2\/comments?post=15"}],"version-history":[{"count":5,"href":"https:\/\/filo.unt.edu.ar\/faapi2025\/wp-json\/wp\/v2\/pages\/15\/revisions"}],"predecessor-version":[{"id":48,"href":"https:\/\/filo.unt.edu.ar\/faapi2025\/wp-json\/wp\/v2\/pages\/15\/revisions\/48"}],"wp:attachment":[{"href":"https:\/\/filo.unt.edu.ar\/faapi2025\/wp-json\/wp\/v2\/media?parent=15"}],"curies":[{"name":"wp","href":"https:\/\/api.w.org\/{rel}","templated":true}]}}