{"id":390,"date":"2018-03-19T10:27:40","date_gmt":"2018-03-19T13:27:40","guid":{"rendered":"http:\/\/filo.unt.edu.ar\/espacio-cultural\/?page_id=390"},"modified":"2018-03-27T09:28:00","modified_gmt":"2018-03-27T12:28:00","slug":"contacto","status":"publish","type":"page","link":"https:\/\/filo.unt.edu.ar\/espacio-cultural\/contacto\/","title":{"rendered":"Contacto"},"content":{"rendered":"<div id=\"pl-390\"  class=\"panel-layout\" ><div id=\"pg-390-0\"  class=\"panel-grid panel-no-style\" ><div id=\"pgc-390-0-0\"  class=\"panel-grid-cell panel-grid-cell-empty\" ><\/div><div id=\"pgc-390-0-1\"  class=\"panel-grid-cell panel-grid-cell-mobile-last\" ><div id=\"panel-390-0-1-0\" class=\"so-panel widget widget_sow-editor panel-first-child panel-last-child\" data-index=\"0\" ><div\n\t\t\t\n\t\t\tclass=\"so-widget-sow-editor so-widget-sow-editor-base\"\n\t\t\t\n\t\t>\n<div class=\"siteorigin-widget-tinymce textwidget\">\n\t<p>Espacio Cultural Filosof\u00eda y Letras fue creado en el a\u00f1o 2017 a partir de la intenta tarea previa de restauraci\u00f3n del emblem\u00e1tico Sal\u00f3n de Actos de nuestra facultad. Hoy es un espacio arquitect\u00f3nico que cuenta con excelentes condiciones para albergar las actividades culturales de nuestro medio.<\/p>\n<p>EL Espacio Cultural busca fomentar actividades culturales generadas por miembros de nuestra casa estudios o de grupos culturales estatales e independientes cuyo contenido y propuesta est\u00e9n orientadas a promover los valores de la educaci\u00f3n p\u00fablica, su esp\u00edritu cr\u00edtico y su compromiso transformador de lo social, tal como son las aspiraciones de esta instituci\u00f3n. A la vez que, interpelen el conocimiento acad\u00e9mico generado en nuestras aulas posibilitando materializar un espacio f\u00edsico para las pr\u00e1cticas art\u00edsticas locales.<\/p>\n<p>DESCARGUE EL REGLAMENTO DE USO DEL ESPACIO CULTURAL<\/p>\n<p>DESCARGUE LA FICHA DE INSCRIPCI\u00d3N<\/p>\n<\/div>\n<\/div><\/div><\/div><div id=\"pgc-390-0-2\"  class=\"panel-grid-cell panel-grid-cell-empty\" ><\/div><\/div><div id=\"pg-390-1\"  class=\"panel-grid panel-no-style\" ><div id=\"pgc-390-1-0\"  class=\"panel-grid-cell panel-grid-cell-empty\" ><\/div><div id=\"pgc-390-1-1\"  class=\"panel-grid-cell panel-grid-cell-mobile-last\" ><div id=\"panel-390-1-1-0\" class=\"so-panel widget widget_sow-editor panel-first-child panel-last-child\" data-index=\"1\" ><div\n\t\t\t\n\t\t\tclass=\"so-widget-sow-editor so-widget-sow-editor-base\"\n\t\t\t\n\t\t>\n<div class=\"siteorigin-widget-tinymce textwidget\">\n\t<p>Secretaria de Extensi\u00f3n:\u00a0Prof. Julia Salda\u00f1o<\/p>\n<p>Responsable del Espacio Cultural:\u00a0Lic. Ramos Jos\u00e9 Manuel --\u00a0(0381) 155656029<\/p>\n<p>MAIL: <a href=\"mailto:espacio-cultural@filo.unt.edu.ar\">espacio-cultural@filo.unt.edu.ar<\/a><\/p>\n<p>Direcci\u00f3n: Av. Benjam\u00edn Araoz 800<\/p>\n<\/div>\n<\/div><\/div><\/div><div id=\"pgc-390-1-2\"  class=\"panel-grid-cell panel-grid-cell-empty\" ><\/div><\/div><div id=\"pg-390-2\"  class=\"panel-grid panel-no-style\" ><div id=\"pgc-390-2-0\"  class=\"panel-grid-cell panel-grid-cell-empty\" ><\/div><div id=\"pgc-390-2-1\"  class=\"panel-grid-cell panel-grid-cell-mobile-last\" ><div id=\"panel-390-2-1-0\" class=\"so-panel widget widget_sow-editor panel-first-child panel-last-child\" data-index=\"2\" ><div class=\"panel-widget-style panel-widget-style-for-390-2-1-0\" ><div\n\t\t\t\n\t\t\tclass=\"so-widget-sow-editor so-widget-sow-editor-base\"\n\t\t\t\n\t\t>\n<div class=\"siteorigin-widget-tinymce textwidget\">\n\t<p><span style=\"text-decoration: underline;\"><strong>ESCR\u00cdBANOS<\/strong><\/span><\/p>\n<p>[contact-form-7 id=\"403\" title=\"Contacto Espacio Cultural\"]<\/p>\n<\/div>\n<\/div><\/div><\/div><\/div><div id=\"pgc-390-2-2\"  class=\"panel-grid-cell panel-grid-cell-empty\" ><\/div><\/div><\/div>","protected":false},"excerpt":{"rendered":"<p>Espacio Cultural Filosof\u00eda y Letras fue creado en el a\u00f1o 2017 a partir de la intenta tarea previa de restauraci\u00f3n del emblem\u00e1tico Sal\u00f3n de Actos de nuestra facultad. Hoy es un espacio arquitect\u00f3nico que cuenta con excelentes condiciones para albergar las actividades culturales de nuestro medio.EL Espacio Cultural busca fomentar actividades culturales generadas por miembros [&hellip;]<\/p>\n","protected":false},"author":1,"featured_media":0,"parent":0,"menu_order":0,"comment_status":"closed","ping_status":"closed","template":"templates\/template-full-notitle.php","meta":{"footnotes":""},"class_list":["post-390","page","type-page","status-publish","hentry","post"],"_links":{"self":[{"href":"https:\/\/filo.unt.edu.ar\/espacio-cultural\/wp-json\/wp\/v2\/pages\/390","targetHints":{"allow":["GET"]}}],"collection":[{"href":"https:\/\/filo.unt.edu.ar\/espacio-cultural\/wp-json\/wp\/v2\/pages"}],"about":[{"href":"https:\/\/filo.unt.edu.ar\/espacio-cultural\/wp-json\/wp\/v2\/types\/page"}],"author":[{"embeddable":true,"href":"https:\/\/filo.unt.edu.ar\/espacio-cultural\/wp-json\/wp\/v2\/users\/1"}],"replies":[{"embeddable":true,"href":"https:\/\/filo.unt.edu.ar\/espacio-cultural\/wp-json\/wp\/v2\/comments?post=390"}],"version-history":[{"count":42,"href":"https:\/\/filo.unt.edu.ar\/espacio-cultural\/wp-json\/wp\/v2\/pages\/390\/revisions"}],"predecessor-version":[{"id":530,"href":"https:\/\/filo.unt.edu.ar\/espacio-cultural\/wp-json\/wp\/v2\/pages\/390\/revisions\/530"}],"wp:attachment":[{"href":"https:\/\/filo.unt.edu.ar\/espacio-cultural\/wp-json\/wp\/v2\/media?parent=390"}],"curies":[{"name":"wp","href":"https:\/\/api.w.org\/{rel}","templated":true}]}}