{"id":191,"date":"2021-06-28T12:06:11","date_gmt":"2021-06-28T15:06:11","guid":{"rendered":"http:\/\/filo.unt.edu.ar\/congresofreire\/?page_id=191"},"modified":"2021-06-28T12:06:24","modified_gmt":"2021-06-28T15:06:24","slug":"autoridades","status":"publish","type":"page","link":"https:\/\/filo.unt.edu.ar\/congresofreire\/autoridades\/","title":{"rendered":"Autoridades"},"content":{"rendered":"<p><span style=\"color: #ff6600\"><strong>Presidenta<\/strong><\/span><\/p>\n<p>Dra. Mercedes Leal, Decana FFyL UNT<\/p>\n<p><span style=\"color: #ff6600\"><strong>Comit\u00e9 institucional<\/strong><\/span><\/p>\n<p>Santiago Rex Bliss, Vicedecano FFyL UNT<\/p>\n<p>N\u00e9lida Sibaldi, Secretaria de Coordinaci\u00f3n y Fortalecimiento del Grado FFyL UNT<\/p>\n<p>Sergio Robin, Secretario Acad\u00e9mico FFyL UNT<\/p>\n<p>Norma Ben Altabef, Secretaria de Posgrado e investigaci\u00f3n FFyL UNT<\/p>\n<p>Graciela Yacuzzi, Secretaria de Extensi\u00f3n FFyL UNT<\/p>\n<p>Julia Salda\u00f1o, Coordinadora de Relaciones Institucionales FFyL UNT<\/p>\n<p><span style=\"color: #ff6600\"><strong>Comit\u00e9 acad\u00e9mico<\/strong><\/span><\/p>\n<p>Dra. Adriana Puiggr\u00f3s (Asesora Presidencia de la Naci\u00f3n Argentina)<\/p>\n<p>Dra. Mercedes Leal (Decana Facultad Filosof\u00eda y Letras- UNT)<\/p>\n<p>Dr. Pablo Gentili (Secretario del Ministerio de Educaci\u00f3n de la Naci\u00f3n)<\/p>\n<p>Dr. Pablo Pineau (Director del Doctorado en Educaci\u00f3n UNT- Docente UBA-UNLU)<\/p>\n<p>Dr. Juan Pablo Lichtmajer (Ministro de Educaci\u00f3n de la Provincia de Tucum\u00e1n)<\/p>\n<p>Dra. Carolina Abdala (Secretaria acad\u00e9mica de la UNT)<\/p>\n<p>Prof. Aldo Lineras (Presidente de ANFHE -Decano UNNE)<\/p>\n<p>Dra. Lidia Rodr\u00edguez (Docente de grado y posgrado UBA)<\/p>\n<p>Dr. Carlos Alberto Torres (Docente de grado y posgrado UCLA)<\/p>\n<p>Mg. Oscar Jara Holliday (CEP Alforja- Costa Rica)<\/p>\n<p>Dr. Alfonso Torres Carrillo (Universidad Pedag\u00f3gica Nacional de Colombia- UPN)<\/p>\n<p>Dr. Nicol\u00e1s Arata (UBA &#8211; CLACSO)<\/p>\n<p>Prof. Sonia Alesso (Secretaria General de CTERA)<\/p>\n<p>Prof. Esp. Mar\u00eda Eugenia Barros Facultad (Docente UNT)<\/p>\n<p>Dr. Ricardo Kaliman (Vicedirector CONICET Tucum\u00e1n- UNT)<\/p>\n<p>Dra. Esther Levy (Docente de grado y posgrado UBA)<\/p>\n<p>Dr. Daniel Yepez (Docente de grado y posgrado UNT)<\/p>\n<p>Soledad Barreto (Coordinadora Centro de Trabajo Popular Mate Cocido- Tucum\u00e1n)<\/p>\n<p>Prof. Marta C\u00f3rdoba (Directora Dpto. Formaci\u00f3n Docente -UNT)<\/p>\n<p>Prof. Gladys Caram (Directora Dpto. de Ciencias de la Educaci\u00f3n- UNT)<\/p>\n<p>Dra. Mar\u00eda Marta Luj\u00e1n (Directora Dpto. de Comunicaci\u00f3n -UNT)<\/p>\n<p>Lic. Cecilia Nacusse (Directora Dpto. de Trabajo Social- UNT)<\/p>\n<p><span style=\"color: #ff6600\"><strong>Comit\u00e9 organizador<\/strong><\/span><\/p>\n<p>Edmundo Dantes Ib\u00e1\u00f1ez; Eva Fontdevila; Gonzalo Cormenzana; Graciela Yacuzzi; Jos\u00e9 Manuel Ramos; Julia Salda\u00f1o; Lourdes Cipriani; Mar\u00eda Eugenia Barros; Mirtha Litvak; Mirta Costas; Melina Lazarte Bader, Mariana Carl\u00e9s; Pablo P\u00e9rez; Mariana Araoz.<\/p>\n","protected":false},"excerpt":{"rendered":"<p>Presidenta Dra. Mercedes Leal, Decana FFyL UNT Comit\u00e9 institucional Santiago Rex Bliss, Vicedecano FFyL UNT N\u00e9lida Sibaldi, Secretaria de Coordinaci\u00f3n y Fortalecimiento del Grado FFyL UNT Sergio Robin, Secretario Acad\u00e9mico FFyL UNT Norma Ben Altabef, Secretaria de Posgrado e investigaci\u00f3n FFyL UNT Graciela Yacuzzi, Secretaria de Extensi\u00f3n FFyL UNT Julia Salda\u00f1o, Coordinadora de Relaciones Institucionales [&hellip;]<\/p>\n","protected":false},"author":101021,"featured_media":0,"parent":0,"menu_order":0,"comment_status":"closed","ping_status":"closed","template":"","meta":{"footnotes":""},"class_list":["post-191","page","type-page","status-publish","hentry","post"],"_links":{"self":[{"href":"https:\/\/filo.unt.edu.ar\/congresofreire\/wp-json\/wp\/v2\/pages\/191","targetHints":{"allow":["GET"]}}],"collection":[{"href":"https:\/\/filo.unt.edu.ar\/congresofreire\/wp-json\/wp\/v2\/pages"}],"about":[{"href":"https:\/\/filo.unt.edu.ar\/congresofreire\/wp-json\/wp\/v2\/types\/page"}],"author":[{"embeddable":true,"href":"https:\/\/filo.unt.edu.ar\/congresofreire\/wp-json\/wp\/v2\/users\/101021"}],"replies":[{"embeddable":true,"href":"https:\/\/filo.unt.edu.ar\/congresofreire\/wp-json\/wp\/v2\/comments?post=191"}],"version-history":[{"count":2,"href":"https:\/\/filo.unt.edu.ar\/congresofreire\/wp-json\/wp\/v2\/pages\/191\/revisions"}],"predecessor-version":[{"id":194,"href":"https:\/\/filo.unt.edu.ar\/congresofreire\/wp-json\/wp\/v2\/pages\/191\/revisions\/194"}],"wp:attachment":[{"href":"https:\/\/filo.unt.edu.ar\/congresofreire\/wp-json\/wp\/v2\/media?parent=191"}],"curies":[{"name":"wp","href":"https:\/\/api.w.org\/{rel}","templated":true}]}}