{"id":17,"date":"2021-04-28T12:36:07","date_gmt":"2021-04-28T15:36:07","guid":{"rendered":"http:\/\/filo.unt.edu.ar\/congresofreire\/?page_id=17"},"modified":"2021-11-16T12:08:25","modified_gmt":"2021-11-16T15:08:25","slug":"inicio","status":"publish","type":"page","link":"https:\/\/filo.unt.edu.ar\/congresofreire\/","title":{"rendered":""},"content":{"rendered":"<div id=\"pl-gb17-69d2f4955b653\"  class=\"panel-layout\" ><div id=\"pg-gb17-69d2f4955b653-0\"  class=\"panel-grid panel-no-style\" ><div id=\"pgc-gb17-69d2f4955b653-0-0\"  class=\"panel-grid-cell panel-grid-cell-mobile-last\" ><div id=\"panel-gb17-69d2f4955b653-0-0-0\" class=\"so-panel widget widget_black-studio-tinymce widget_black_studio_tinymce panel-first-child panel-last-child\" data-index=\"0\" ><div class=\"textwidget\"><p><img loading=\"lazy\" decoding=\"async\" class=\"alignnone  wp-image-481\" src=\"http:\/\/filo.unt.edu.ar\/congresofreire\/wp-content\/uploads\/sites\/100\/2021\/11\/01-300x64.png\" alt=\"\" width=\"511\" height=\"109\" srcset=\"https:\/\/filo.unt.edu.ar\/congresofreire\/wp-content\/uploads\/sites\/100\/2021\/11\/01-300x64.png 300w, https:\/\/filo.unt.edu.ar\/congresofreire\/wp-content\/uploads\/sites\/100\/2021\/11\/01-1024x218.png 1024w, https:\/\/filo.unt.edu.ar\/congresofreire\/wp-content\/uploads\/sites\/100\/2021\/11\/01-768x164.png 768w, https:\/\/filo.unt.edu.ar\/congresofreire\/wp-content\/uploads\/sites\/100\/2021\/11\/01-1536x327.png 1536w, https:\/\/filo.unt.edu.ar\/congresofreire\/wp-content\/uploads\/sites\/100\/2021\/11\/01-2048x436.png 2048w\" sizes=\"auto, (max-width: 511px) 100vw, 511px\" \/><\/p>\n<p><iframe loading=\"lazy\" title=\"Congreso Latinoamericano a 100 a\u00f1os del nacimiento de Paulo Freire\" width=\"720\" height=\"405\" src=\"https:\/\/www.youtube.com\/embed\/vJsD8wYZORM?feature=oembed\" frameborder=\"0\" allow=\"accelerometer; autoplay; clipboard-write; encrypted-media; gyroscope; picture-in-picture\" allowfullscreen><\/iframe><\/p>\n<\/div><\/div><\/div><div id=\"pgc-gb17-69d2f4955b653-0-1\"  class=\"panel-grid-cell panel-grid-cell-empty\" ><\/div><\/div><div id=\"pg-gb17-69d2f4955b653-1\"  class=\"panel-grid panel-no-style\" ><div id=\"pgc-gb17-69d2f4955b653-1-0\"  class=\"panel-grid-cell\" ><div id=\"panel-gb17-69d2f4955b653-1-0-0\" class=\"so-panel widget widget_black-studio-tinymce widget_black_studio_tinymce panel-first-child\" data-index=\"1\" ><div class=\"textwidget\"><p><img loading=\"lazy\" decoding=\"async\" class=\"alignnone wp-image-482\" src=\"http:\/\/filo.unt.edu.ar\/congresofreire\/wp-content\/uploads\/sites\/100\/2021\/11\/02-300x64.png\" alt=\"\" width=\"500\" height=\"107\" srcset=\"https:\/\/filo.unt.edu.ar\/congresofreire\/wp-content\/uploads\/sites\/100\/2021\/11\/02-300x64.png 300w, https:\/\/filo.unt.edu.ar\/congresofreire\/wp-content\/uploads\/sites\/100\/2021\/11\/02-1024x218.png 1024w, https:\/\/filo.unt.edu.ar\/congresofreire\/wp-content\/uploads\/sites\/100\/2021\/11\/02-768x164.png 768w, https:\/\/filo.unt.edu.ar\/congresofreire\/wp-content\/uploads\/sites\/100\/2021\/11\/02-1536x327.png 1536w, https:\/\/filo.unt.edu.ar\/congresofreire\/wp-content\/uploads\/sites\/100\/2021\/11\/02-2048x436.png 2048w\" sizes=\"auto, (max-width: 500px) 100vw, 500px\" \/><\/p>\n<p><iframe loading=\"lazy\" title=\"Apertura Congreso Latinoamericano Paulo Freire\" width=\"720\" height=\"405\" src=\"https:\/\/www.youtube.com\/embed\/w2GLuoeooDQ?feature=oembed\" frameborder=\"0\" allow=\"accelerometer; autoplay; clipboard-write; encrypted-media; gyroscope; picture-in-picture\" allowfullscreen><\/iframe><\/p>\n<\/div><\/div><div id=\"panel-gb17-69d2f4955b653-1-0-1\" class=\"so-panel widget widget_black-studio-tinymce widget_black_studio_tinymce\" data-index=\"2\" ><div class=\"textwidget\"><p><img loading=\"lazy\" decoding=\"async\" class=\"alignnone wp-image-483\" src=\"http:\/\/filo.unt.edu.ar\/congresofreire\/wp-content\/uploads\/sites\/100\/2021\/11\/03-300x64.png\" alt=\"\" width=\"500\" height=\"107\" srcset=\"https:\/\/filo.unt.edu.ar\/congresofreire\/wp-content\/uploads\/sites\/100\/2021\/11\/03-300x64.png 300w, https:\/\/filo.unt.edu.ar\/congresofreire\/wp-content\/uploads\/sites\/100\/2021\/11\/03-1024x218.png 1024w, https:\/\/filo.unt.edu.ar\/congresofreire\/wp-content\/uploads\/sites\/100\/2021\/11\/03-768x164.png 768w, https:\/\/filo.unt.edu.ar\/congresofreire\/wp-content\/uploads\/sites\/100\/2021\/11\/03-1536x327.png 1536w, https:\/\/filo.unt.edu.ar\/congresofreire\/wp-content\/uploads\/sites\/100\/2021\/11\/03-2048x436.png 2048w\" sizes=\"auto, (max-width: 500px) 100vw, 500px\" \/><\/p>\n<p><iframe loading=\"lazy\" title=\"Conferencia: Epistemolog\u00eda y hermen\u00e9utica en la obra de Paulo Freire\" width=\"720\" height=\"405\" src=\"https:\/\/www.youtube.com\/embed\/YHyYEu3mJx4?feature=oembed\" frameborder=\"0\" allow=\"accelerometer; autoplay; clipboard-write; encrypted-media; gyroscope; picture-in-picture\" allowfullscreen><\/iframe><\/p>\n<\/div><\/div><div id=\"panel-gb17-69d2f4955b653-1-0-2\" class=\"so-panel widget widget_black-studio-tinymce widget_black_studio_tinymce\" data-index=\"3\" ><div class=\"textwidget\"><p><img loading=\"lazy\" decoding=\"async\" class=\"alignnone wp-image-484\" src=\"http:\/\/filo.unt.edu.ar\/congresofreire\/wp-content\/uploads\/sites\/100\/2021\/11\/04-300x64.png\" alt=\"\" width=\"500\" height=\"107\" srcset=\"https:\/\/filo.unt.edu.ar\/congresofreire\/wp-content\/uploads\/sites\/100\/2021\/11\/04-300x64.png 300w, https:\/\/filo.unt.edu.ar\/congresofreire\/wp-content\/uploads\/sites\/100\/2021\/11\/04-1024x218.png 1024w, https:\/\/filo.unt.edu.ar\/congresofreire\/wp-content\/uploads\/sites\/100\/2021\/11\/04-768x164.png 768w, https:\/\/filo.unt.edu.ar\/congresofreire\/wp-content\/uploads\/sites\/100\/2021\/11\/04-1536x327.png 1536w, https:\/\/filo.unt.edu.ar\/congresofreire\/wp-content\/uploads\/sites\/100\/2021\/11\/04-2048x436.png 2048w\" sizes=\"auto, (max-width: 500px) 100vw, 500px\" \/><\/p>\n<p><iframe loading=\"lazy\" title=\"Mesa Panel: Paulo Freire: Aportes a la comunicaci\u00f3n popular\" width=\"720\" height=\"405\" src=\"https:\/\/www.youtube.com\/embed\/Q9xuh5i3LtI?feature=oembed\" frameborder=\"0\" allow=\"accelerometer; autoplay; clipboard-write; encrypted-media; gyroscope; picture-in-picture\" allowfullscreen><\/iframe><\/p>\n<\/div><\/div><div id=\"panel-gb17-69d2f4955b653-1-0-3\" class=\"so-panel widget widget_black-studio-tinymce widget_black_studio_tinymce\" data-index=\"4\" ><div class=\"textwidget\"><p><img loading=\"lazy\" decoding=\"async\" class=\"alignnone wp-image-483\" src=\"http:\/\/filo.unt.edu.ar\/congresofreire\/wp-content\/uploads\/sites\/100\/2021\/11\/03-300x64.png\" alt=\"\" width=\"500\" height=\"107\" srcset=\"https:\/\/filo.unt.edu.ar\/congresofreire\/wp-content\/uploads\/sites\/100\/2021\/11\/03-300x64.png 300w, https:\/\/filo.unt.edu.ar\/congresofreire\/wp-content\/uploads\/sites\/100\/2021\/11\/03-1024x218.png 1024w, https:\/\/filo.unt.edu.ar\/congresofreire\/wp-content\/uploads\/sites\/100\/2021\/11\/03-768x164.png 768w, https:\/\/filo.unt.edu.ar\/congresofreire\/wp-content\/uploads\/sites\/100\/2021\/11\/03-1536x327.png 1536w, https:\/\/filo.unt.edu.ar\/congresofreire\/wp-content\/uploads\/sites\/100\/2021\/11\/03-2048x436.png 2048w\" sizes=\"auto, (max-width: 500px) 100vw, 500px\" \/><\/p>\n<p><iframe loading=\"lazy\" title=\"Conferencia: Epistemolog\u00eda y hermen\u00e9utica en la obra de Paulo Freire\" width=\"720\" height=\"405\" src=\"https:\/\/www.youtube.com\/embed\/YHyYEu3mJx4?feature=oembed\" frameborder=\"0\" allow=\"accelerometer; autoplay; clipboard-write; encrypted-media; gyroscope; picture-in-picture\" allowfullscreen><\/iframe><\/p>\n<\/div><\/div><div id=\"panel-gb17-69d2f4955b653-1-0-4\" class=\"so-panel widget widget_black-studio-tinymce widget_black_studio_tinymce\" data-index=\"5\" ><div class=\"textwidget\"><p><img loading=\"lazy\" decoding=\"async\" class=\"alignnone wp-image-486\" src=\"http:\/\/filo.unt.edu.ar\/congresofreire\/wp-content\/uploads\/sites\/100\/2021\/11\/06-300x64.png\" alt=\"\" width=\"500\" height=\"107\" srcset=\"https:\/\/filo.unt.edu.ar\/congresofreire\/wp-content\/uploads\/sites\/100\/2021\/11\/06-300x64.png 300w, https:\/\/filo.unt.edu.ar\/congresofreire\/wp-content\/uploads\/sites\/100\/2021\/11\/06-1024x218.png 1024w, https:\/\/filo.unt.edu.ar\/congresofreire\/wp-content\/uploads\/sites\/100\/2021\/11\/06-768x164.png 768w, https:\/\/filo.unt.edu.ar\/congresofreire\/wp-content\/uploads\/sites\/100\/2021\/11\/06-1536x327.png 1536w, https:\/\/filo.unt.edu.ar\/congresofreire\/wp-content\/uploads\/sites\/100\/2021\/11\/06-2048x436.png 2048w\" sizes=\"auto, (max-width: 500px) 100vw, 500px\" \/><\/p>\n<p><iframe loading=\"lazy\" title=\"Mesa Panel: Pedagog\u00eda de la liberaci\u00f3n en Am\u00e9rica Latina hoy\" width=\"720\" height=\"405\" src=\"https:\/\/www.youtube.com\/embed\/JL496UDHF2I?feature=oembed\" frameborder=\"0\" allow=\"accelerometer; autoplay; clipboard-write; encrypted-media; gyroscope; picture-in-picture\" allowfullscreen><\/iframe><\/p>\n<\/div><\/div><div id=\"panel-gb17-69d2f4955b653-1-0-5\" class=\"so-panel widget widget_black-studio-tinymce widget_black_studio_tinymce\" data-index=\"6\" ><div class=\"textwidget\"><p><img loading=\"lazy\" decoding=\"async\" class=\"alignnone wp-image-488\" src=\"http:\/\/filo.unt.edu.ar\/congresofreire\/wp-content\/uploads\/sites\/100\/2021\/11\/8-300x64.png\" alt=\"\" width=\"500\" height=\"107\" srcset=\"https:\/\/filo.unt.edu.ar\/congresofreire\/wp-content\/uploads\/sites\/100\/2021\/11\/8-300x64.png 300w, https:\/\/filo.unt.edu.ar\/congresofreire\/wp-content\/uploads\/sites\/100\/2021\/11\/8-1024x218.png 1024w, https:\/\/filo.unt.edu.ar\/congresofreire\/wp-content\/uploads\/sites\/100\/2021\/11\/8-768x164.png 768w, https:\/\/filo.unt.edu.ar\/congresofreire\/wp-content\/uploads\/sites\/100\/2021\/11\/8-1536x327.png 1536w, https:\/\/filo.unt.edu.ar\/congresofreire\/wp-content\/uploads\/sites\/100\/2021\/11\/8-2048x436.png 2048w\" sizes=\"auto, (max-width: 500px) 100vw, 500px\" \/><\/p>\n<p><iframe loading=\"lazy\" title=\"Mesa panel: Educaci\u00f3n y pol\u00edtica; la politicidad en el oficio de educar\" width=\"720\" height=\"405\" src=\"https:\/\/www.youtube.com\/embed\/CrOF1H057F8?feature=oembed\" frameborder=\"0\" allow=\"accelerometer; autoplay; clipboard-write; encrypted-media; gyroscope; picture-in-picture\" allowfullscreen><\/iframe><\/p>\n<\/div><\/div><div id=\"panel-gb17-69d2f4955b653-1-0-6\" class=\"so-panel widget widget_black-studio-tinymce widget_black_studio_tinymce\" data-index=\"7\" ><div class=\"textwidget\"><p><img loading=\"lazy\" decoding=\"async\" class=\"alignnone wp-image-489\" src=\"http:\/\/filo.unt.edu.ar\/congresofreire\/wp-content\/uploads\/sites\/100\/2021\/11\/9-300x64.png\" alt=\"\" width=\"500\" height=\"107\" srcset=\"https:\/\/filo.unt.edu.ar\/congresofreire\/wp-content\/uploads\/sites\/100\/2021\/11\/9-300x64.png 300w, https:\/\/filo.unt.edu.ar\/congresofreire\/wp-content\/uploads\/sites\/100\/2021\/11\/9-1024x218.png 1024w, https:\/\/filo.unt.edu.ar\/congresofreire\/wp-content\/uploads\/sites\/100\/2021\/11\/9-768x164.png 768w, https:\/\/filo.unt.edu.ar\/congresofreire\/wp-content\/uploads\/sites\/100\/2021\/11\/9-1536x327.png 1536w, https:\/\/filo.unt.edu.ar\/congresofreire\/wp-content\/uploads\/sites\/100\/2021\/11\/9-2048x436.png 2048w\" sizes=\"auto, (max-width: 500px) 100vw, 500px\" \/><\/p>\n<p><iframe loading=\"lazy\" title=\"Mesa Panel: Pedagog\u00eda freireana, escuela y pol\u00edtica educativa\" width=\"720\" height=\"405\" src=\"https:\/\/www.youtube.com\/embed\/oKe3E4Snmt0?feature=oembed\" frameborder=\"0\" allow=\"accelerometer; autoplay; clipboard-write; encrypted-media; gyroscope; picture-in-picture\" allowfullscreen><\/iframe><\/p>\n<\/div><\/div><div id=\"panel-gb17-69d2f4955b653-1-0-7\" class=\"so-panel widget widget_black-studio-tinymce widget_black_studio_tinymce\" data-index=\"8\" ><div class=\"textwidget\"><p><img loading=\"lazy\" decoding=\"async\" class=\"alignnone wp-image-487\" src=\"http:\/\/filo.unt.edu.ar\/congresofreire\/wp-content\/uploads\/sites\/100\/2021\/11\/07-300x64.png\" alt=\"\" width=\"500\" height=\"107\" srcset=\"https:\/\/filo.unt.edu.ar\/congresofreire\/wp-content\/uploads\/sites\/100\/2021\/11\/07-300x64.png 300w, https:\/\/filo.unt.edu.ar\/congresofreire\/wp-content\/uploads\/sites\/100\/2021\/11\/07-1024x218.png 1024w, https:\/\/filo.unt.edu.ar\/congresofreire\/wp-content\/uploads\/sites\/100\/2021\/11\/07-768x164.png 768w, https:\/\/filo.unt.edu.ar\/congresofreire\/wp-content\/uploads\/sites\/100\/2021\/11\/07-1536x327.png 1536w, https:\/\/filo.unt.edu.ar\/congresofreire\/wp-content\/uploads\/sites\/100\/2021\/11\/07-2048x436.png 2048w\" sizes=\"auto, (max-width: 500px) 100vw, 500px\" \/><\/p>\n<p><iframe loading=\"lazy\" title=\"Conferencia: Las nuevas narrativas de la educaci\u00f3n popular en Am\u00e9rica Latina\" width=\"720\" height=\"405\" src=\"https:\/\/www.youtube.com\/embed\/Tr8bXm-1Z34?feature=oembed\" frameborder=\"0\" allow=\"accelerometer; autoplay; clipboard-write; encrypted-media; gyroscope; picture-in-picture\" allowfullscreen><\/iframe><\/p>\n<\/div><\/div><div id=\"panel-gb17-69d2f4955b653-1-0-8\" class=\"so-panel widget widget_black-studio-tinymce widget_black_studio_tinymce panel-last-child\" data-index=\"9\" ><div class=\"textwidget\"><p><img loading=\"lazy\" decoding=\"async\" class=\"alignnone wp-image-490\" src=\"http:\/\/filo.unt.edu.ar\/congresofreire\/wp-content\/uploads\/sites\/100\/2021\/11\/10011-300x64.png\" alt=\"\" width=\"500\" height=\"107\" srcset=\"https:\/\/filo.unt.edu.ar\/congresofreire\/wp-content\/uploads\/sites\/100\/2021\/11\/10011-300x64.png 300w, https:\/\/filo.unt.edu.ar\/congresofreire\/wp-content\/uploads\/sites\/100\/2021\/11\/10011-1024x218.png 1024w, https:\/\/filo.unt.edu.ar\/congresofreire\/wp-content\/uploads\/sites\/100\/2021\/11\/10011-768x164.png 768w, https:\/\/filo.unt.edu.ar\/congresofreire\/wp-content\/uploads\/sites\/100\/2021\/11\/10011-1536x327.png 1536w, https:\/\/filo.unt.edu.ar\/congresofreire\/wp-content\/uploads\/sites\/100\/2021\/11\/10011-2048x436.png 2048w\" sizes=\"auto, (max-width: 500px) 100vw, 500px\" \/><\/p>\n<p><iframe loading=\"lazy\" title=\"Conferencia magistral y Cierre del Congreso\" width=\"720\" height=\"405\" src=\"https:\/\/www.youtube.com\/embed\/isP2KuW-EuU?feature=oembed\" frameborder=\"0\" allow=\"accelerometer; autoplay; clipboard-write; encrypted-media; gyroscope; picture-in-picture\" allowfullscreen><\/iframe><\/p>\n<\/div><\/div><\/div><div id=\"pgc-gb17-69d2f4955b653-1-1\"  class=\"panel-grid-cell\" ><div id=\"panel-gb17-69d2f4955b653-1-1-0\" class=\"so-panel widget widget_black-studio-tinymce widget_black_studio_tinymce panel-first-child\" data-index=\"10\" ><div class=\"textwidget\"><p><img loading=\"lazy\" decoding=\"async\" class=\"alignnone wp-image-501\" src=\"http:\/\/filo.unt.edu.ar\/congresofreire\/wp-content\/uploads\/sites\/100\/2021\/11\/Conversatorio-1-300x300.png\" alt=\"\" width=\"250\" height=\"250\" srcset=\"https:\/\/filo.unt.edu.ar\/congresofreire\/wp-content\/uploads\/sites\/100\/2021\/11\/Conversatorio-1-300x300.png 300w, https:\/\/filo.unt.edu.ar\/congresofreire\/wp-content\/uploads\/sites\/100\/2021\/11\/Conversatorio-1-1024x1024.png 1024w, https:\/\/filo.unt.edu.ar\/congresofreire\/wp-content\/uploads\/sites\/100\/2021\/11\/Conversatorio-1-150x150.png 150w, https:\/\/filo.unt.edu.ar\/congresofreire\/wp-content\/uploads\/sites\/100\/2021\/11\/Conversatorio-1-768x768.png 768w, https:\/\/filo.unt.edu.ar\/congresofreire\/wp-content\/uploads\/sites\/100\/2021\/11\/Conversatorio-1-1536x1536.png 1536w, https:\/\/filo.unt.edu.ar\/congresofreire\/wp-content\/uploads\/sites\/100\/2021\/11\/Conversatorio-1.png 1999w\" sizes=\"auto, (max-width: 250px) 100vw, 250px\" \/> <img loading=\"lazy\" decoding=\"async\" class=\"alignnone wp-image-502\" src=\"http:\/\/filo.unt.edu.ar\/congresofreire\/wp-content\/uploads\/sites\/100\/2021\/11\/Conversatorio-2-300x300.png\" alt=\"\" width=\"250\" height=\"250\" srcset=\"https:\/\/filo.unt.edu.ar\/congresofreire\/wp-content\/uploads\/sites\/100\/2021\/11\/Conversatorio-2-300x300.png 300w, https:\/\/filo.unt.edu.ar\/congresofreire\/wp-content\/uploads\/sites\/100\/2021\/11\/Conversatorio-2-1024x1024.png 1024w, https:\/\/filo.unt.edu.ar\/congresofreire\/wp-content\/uploads\/sites\/100\/2021\/11\/Conversatorio-2-150x150.png 150w, https:\/\/filo.unt.edu.ar\/congresofreire\/wp-content\/uploads\/sites\/100\/2021\/11\/Conversatorio-2-768x768.png 768w, https:\/\/filo.unt.edu.ar\/congresofreire\/wp-content\/uploads\/sites\/100\/2021\/11\/Conversatorio-2-1536x1536.png 1536w, https:\/\/filo.unt.edu.ar\/congresofreire\/wp-content\/uploads\/sites\/100\/2021\/11\/Conversatorio-2.png 1999w\" sizes=\"auto, (max-width: 250px) 100vw, 250px\" \/> <img loading=\"lazy\" decoding=\"async\" class=\"alignnone wp-image-503\" src=\"http:\/\/filo.unt.edu.ar\/congresofreire\/wp-content\/uploads\/sites\/100\/2021\/11\/Conversatorio-3-300x300.png\" alt=\"\" width=\"250\" height=\"250\" srcset=\"https:\/\/filo.unt.edu.ar\/congresofreire\/wp-content\/uploads\/sites\/100\/2021\/11\/Conversatorio-3-300x300.png 300w, https:\/\/filo.unt.edu.ar\/congresofreire\/wp-content\/uploads\/sites\/100\/2021\/11\/Conversatorio-3-1024x1024.png 1024w, https:\/\/filo.unt.edu.ar\/congresofreire\/wp-content\/uploads\/sites\/100\/2021\/11\/Conversatorio-3-150x150.png 150w, https:\/\/filo.unt.edu.ar\/congresofreire\/wp-content\/uploads\/sites\/100\/2021\/11\/Conversatorio-3-768x768.png 768w, https:\/\/filo.unt.edu.ar\/congresofreire\/wp-content\/uploads\/sites\/100\/2021\/11\/Conversatorio-3-1536x1536.png 1536w, https:\/\/filo.unt.edu.ar\/congresofreire\/wp-content\/uploads\/sites\/100\/2021\/11\/Conversatorio-3.png 1999w\" sizes=\"auto, (max-width: 250px) 100vw, 250px\" \/> <img loading=\"lazy\" decoding=\"async\" class=\"alignnone wp-image-504\" src=\"http:\/\/filo.unt.edu.ar\/congresofreire\/wp-content\/uploads\/sites\/100\/2021\/11\/Conversatorio-4-300x300.png\" alt=\"\" width=\"250\" height=\"250\" srcset=\"https:\/\/filo.unt.edu.ar\/congresofreire\/wp-content\/uploads\/sites\/100\/2021\/11\/Conversatorio-4-300x300.png 300w, https:\/\/filo.unt.edu.ar\/congresofreire\/wp-content\/uploads\/sites\/100\/2021\/11\/Conversatorio-4-1024x1024.png 1024w, https:\/\/filo.unt.edu.ar\/congresofreire\/wp-content\/uploads\/sites\/100\/2021\/11\/Conversatorio-4-150x150.png 150w, https:\/\/filo.unt.edu.ar\/congresofreire\/wp-content\/uploads\/sites\/100\/2021\/11\/Conversatorio-4-768x768.png 768w, https:\/\/filo.unt.edu.ar\/congresofreire\/wp-content\/uploads\/sites\/100\/2021\/11\/Conversatorio-4-1536x1536.png 1536w, https:\/\/filo.unt.edu.ar\/congresofreire\/wp-content\/uploads\/sites\/100\/2021\/11\/Conversatorio-4.png 1999w\" sizes=\"auto, (max-width: 250px) 100vw, 250px\" \/>\u00a0 \u00a0 \u00a0 \u00a0 \u00a0 \u00a0 \u00a0 <img loading=\"lazy\" decoding=\"async\" class=\"wp-image-505 aligncenter\" src=\"http:\/\/filo.unt.edu.ar\/congresofreire\/wp-content\/uploads\/sites\/100\/2021\/11\/Conversatorio-Freire-Picho-Riviere-2-300x300.png\" alt=\"\" width=\"250\" height=\"250\" srcset=\"https:\/\/filo.unt.edu.ar\/congresofreire\/wp-content\/uploads\/sites\/100\/2021\/11\/Conversatorio-Freire-Picho-Riviere-2-300x300.png 300w, https:\/\/filo.unt.edu.ar\/congresofreire\/wp-content\/uploads\/sites\/100\/2021\/11\/Conversatorio-Freire-Picho-Riviere-2-1024x1024.png 1024w, https:\/\/filo.unt.edu.ar\/congresofreire\/wp-content\/uploads\/sites\/100\/2021\/11\/Conversatorio-Freire-Picho-Riviere-2-150x150.png 150w, https:\/\/filo.unt.edu.ar\/congresofreire\/wp-content\/uploads\/sites\/100\/2021\/11\/Conversatorio-Freire-Picho-Riviere-2-768x768.png 768w, https:\/\/filo.unt.edu.ar\/congresofreire\/wp-content\/uploads\/sites\/100\/2021\/11\/Conversatorio-Freire-Picho-Riviere-2-1536x1536.png 1536w, https:\/\/filo.unt.edu.ar\/congresofreire\/wp-content\/uploads\/sites\/100\/2021\/11\/Conversatorio-Freire-Picho-Riviere-2.png 2000w\" sizes=\"auto, (max-width: 250px) 100vw, 250px\" \/><\/p>\n<\/div><\/div><div id=\"panel-gb17-69d2f4955b653-1-1-1\" class=\"so-panel widget widget_black-studio-tinymce widget_black_studio_tinymce panel-last-child\" data-index=\"11\" ><div class=\"textwidget\"><h2><strong><em>Fundamentaci\u00f3n<\/em><\/strong><\/h2>\n<p>El 19 de septiembre de este a\u00f1o se cumplen 100 a\u00f1os del nacimiento de Paulo Freire, uno los te\u00f3ricos de la educaci\u00f3n m\u00e1s importantes e influyentes\u00a0 del siglo XX.<\/p>\n<p>Sus ideas y su pensamiento han recorrido el mundo, han trascendido su Brasil natal para constituirse hasta el d\u00eda de hoy en una referencia ineludible de la pedagog\u00eda cr\u00edtica y del movimiento pedag\u00f3gico latinoamericano.<\/p>\n<p>A cien a\u00f1os del nacimiento de Paulo Freire, evocar su obra y su praxis es, entre otras cosas, un acto de justicia.<\/p>\n<p>Desentra\u00f1ar su legado con ojos y actitud cr\u00edtica, parados en este presente tan complejo que nos interpela, se constituye en un compromiso \u00e9tico y pol\u00edtico del que tanto nos ense\u00f1\u00f3 en la vastedad de su pensamiento.<\/p>\n<p>Las aportaciones de Paulo Freire se abren y nos abren al mundo para la comprensi\u00f3n, el conocimiento de la realidad y la indefectible transformaci\u00f3n de \u00e9sta, manteniendo la esperanza como la espera activa que nos lleva a trabajar comprometidos con el sujeto social, la praxis, la emancipaci\u00f3n, el di\u00e1logo, la autonom\u00eda, las relaciones de poder y la democracia.<\/p>\n<p>Por esto mismo, Freire reflexionaba y dec\u00eda que la desesperanza es conservadora, raz\u00f3n que nos impulsa a promover, estudiar y actualizar (nos) a trav\u00e9s de la lectura de su obra, como propuesta te\u00f3rico-metodol\u00f3gica, que contribuye a enfrentar los desaf\u00edos de la educaci\u00f3n en Am\u00e9rica Latina ante las pol\u00edticas neoliberales.<\/p>\n<p>La herencia se traduce en categor\u00edas de gran potencia como <em>opresores-oprimidos, realidad como proceso dial\u00e9ctico, naturaleza pol\u00edtica de la educaci\u00f3n, praxis, educaci\u00f3n liberadora<\/em>. Todos elementos fundantes de una opci\u00f3n ideol\u00f3gico-pol\u00edtica y, en consecuencia, tambi\u00e9n de una elecci\u00f3n de vida.<\/p>\n<p>Paulo Freire puso a disposici\u00f3n una lectura del mundo que nos permite saber-sentir, sentipensar, preguntarnos de qu\u00e9 lado estar, d\u00f3nde actuar y a favor de qui\u00e9n\/es; razones insoslayables para revisitar el legado freireano.<\/p>\n<p>Implica tambi\u00e9n que pensar la obra de Freire en t\u00e9rminos colectivos, de manera interdisciplinar y multiactoral, sea volver a su esencia te\u00f3rica y pol\u00edtica.<\/p>\n<p>Reivindicar su pedagog\u00eda de la emancipaci\u00f3n, liberadora, dial\u00f3gica, de la pregunta y la educaci\u00f3n como pr\u00e1ctica de la libertad para romper con la tradici\u00f3n liberal capitalista que nos impone otro tipo de educaci\u00f3n, es un compromiso que la\u00a0 Facultad de Filosof\u00eda y Letras reafirma y asume hoy institucionalmente.<\/p>\n<p>Estamos convencidas\/os que la universidad p\u00fablica cumple con su cometido inclusivo cuando puede convocar a la comunidad cient\u00edfica y a las organizaciones sociales e instituciones responsables de las pol\u00edticas p\u00fablicas,\u00a0 a fortalecer necesarios e instituyentes di\u00e1logos que permitan repensar la indiscutible revoluci\u00f3n te\u00f3rica de Freire y sus aportes.<\/p>\n<p>Por todo ello, el <strong>Congreso Latinoamericano a 100 a\u00f1os\u00a0 d<\/strong><strong>el nacimiento de Paulo Freire \u201cTransitar su legado: un acto de justicia\u201d<\/strong> se propone reivindicar su pedagog\u00eda y reafirmar que pensamos y asumimos que\u00a0 la educaci\u00f3n es un acto pol\u00edtico, reflexivo y transformador, es arte y praxis, es acci\u00f3n-reflexi\u00f3n, es concienciaci\u00f3n y proyecto\u00a0 \u00a0<\/p>\n<\/div><\/div><\/div><\/div><div id=\"pg-gb17-69d2f4955b653-2\"  class=\"panel-grid panel-no-style\" ><div id=\"pgc-gb17-69d2f4955b653-2-0\"  class=\"panel-grid-cell\" ><div id=\"panel-gb17-69d2f4955b653-2-0-0\" class=\"so-panel widget widget_black-studio-tinymce widget_black_studio_tinymce panel-first-child panel-last-child\" data-index=\"12\" ><div class=\"textwidget\"><p><img loading=\"lazy\" decoding=\"async\" class=\"alignnone wp-image-499 size-full\" src=\"http:\/\/filo.unt.edu.ar\/congresofreire\/wp-content\/uploads\/sites\/100\/2021\/11\/auspicios-banner.png\" alt=\"\" width=\"3087\" height=\"780\" srcset=\"https:\/\/filo.unt.edu.ar\/congresofreire\/wp-content\/uploads\/sites\/100\/2021\/11\/auspicios-banner.png 3087w, https:\/\/filo.unt.edu.ar\/congresofreire\/wp-content\/uploads\/sites\/100\/2021\/11\/auspicios-banner-300x76.png 300w, https:\/\/filo.unt.edu.ar\/congresofreire\/wp-content\/uploads\/sites\/100\/2021\/11\/auspicios-banner-1024x259.png 1024w, https:\/\/filo.unt.edu.ar\/congresofreire\/wp-content\/uploads\/sites\/100\/2021\/11\/auspicios-banner-768x194.png 768w, https:\/\/filo.unt.edu.ar\/congresofreire\/wp-content\/uploads\/sites\/100\/2021\/11\/auspicios-banner-1536x388.png 1536w, https:\/\/filo.unt.edu.ar\/congresofreire\/wp-content\/uploads\/sites\/100\/2021\/11\/auspicios-banner-2048x517.png 2048w\" sizes=\"auto, (max-width: 3087px) 100vw, 3087px\" \/><\/p>\n<\/div><\/div><\/div><\/div><\/div>\n\n\n<p><\/p>\n","protected":false},"excerpt":{"rendered":"<p>https:\/\/www.youtube.com\/watch?v=vJsD8wYZORM https:\/\/www.youtube.com\/watch?v=w2GLuoeooDQ https:\/\/www.youtube.com\/watch?v=YHyYEu3mJx4 https:\/\/www.youtube.com\/watch?v=Q9xuh5i3LtI https:\/\/www.youtube.com\/watch?v=YHyYEu3mJx4 https:\/\/www.youtube.com\/watch?v=JL496UDHF2I https:\/\/www.youtube.com\/watch?v=CrOF1H057F8 https:\/\/www.youtube.com\/watch?v=oKe3E4Snmt0 https:\/\/www.youtube.com\/watch?v=Tr8bXm-1Z34 https:\/\/www.youtube.com\/watch?v=isP2KuW-EuU \u00a0 \u00a0 \u00a0 \u00a0 \u00a0 \u00a0 \u00a0 Fundamentaci\u00f3n El 19 de septiembre de este a\u00f1o se cumplen 100 a\u00f1os del nacimiento de Paulo Freire, uno los te\u00f3ricos de la educaci\u00f3n m\u00e1s importantes e influyentes\u00a0 del siglo XX. Sus ideas y su pensamiento han recorrido el [&hellip;]<\/p>\n","protected":false},"author":101021,"featured_media":0,"parent":0,"menu_order":0,"comment_status":"closed","ping_status":"closed","template":"","meta":{"footnotes":""},"class_list":["post-17","page","type-page","status-publish","hentry","post"],"_links":{"self":[{"href":"https:\/\/filo.unt.edu.ar\/congresofreire\/wp-json\/wp\/v2\/pages\/17","targetHints":{"allow":["GET"]}}],"collection":[{"href":"https:\/\/filo.unt.edu.ar\/congresofreire\/wp-json\/wp\/v2\/pages"}],"about":[{"href":"https:\/\/filo.unt.edu.ar\/congresofreire\/wp-json\/wp\/v2\/types\/page"}],"author":[{"embeddable":true,"href":"https:\/\/filo.unt.edu.ar\/congresofreire\/wp-json\/wp\/v2\/users\/101021"}],"replies":[{"embeddable":true,"href":"https:\/\/filo.unt.edu.ar\/congresofreire\/wp-json\/wp\/v2\/comments?post=17"}],"version-history":[{"count":97,"href":"https:\/\/filo.unt.edu.ar\/congresofreire\/wp-json\/wp\/v2\/pages\/17\/revisions"}],"predecessor-version":[{"id":512,"href":"https:\/\/filo.unt.edu.ar\/congresofreire\/wp-json\/wp\/v2\/pages\/17\/revisions\/512"}],"wp:attachment":[{"href":"https:\/\/filo.unt.edu.ar\/congresofreire\/wp-json\/wp\/v2\/media?parent=17"}],"curies":[{"name":"wp","href":"https:\/\/api.w.org\/{rel}","templated":true}]}}