{"id":9,"date":"2019-02-11T10:39:47","date_gmt":"2019-02-11T13:39:47","guid":{"rendered":"http:\/\/filo.unt.edu.ar\/congreso-educacion-y-politica\/?page_id=9"},"modified":"2019-05-06T11:15:43","modified_gmt":"2019-05-06T14:15:43","slug":"pautas-y-plazos","status":"publish","type":"page","link":"https:\/\/filo.unt.edu.ar\/congreso-educacion-y-politica\/pautas-y-plazos\/","title":{"rendered":"Pautas y Plazos"},"content":{"rendered":"<div id=\"pl-9\"  class=\"panel-layout\" ><div id=\"pg-9-0\"  class=\"panel-grid panel-no-style\" ><div id=\"pgc-9-0-0\"  class=\"panel-grid-cell\" ><div id=\"panel-9-0-0-0\" class=\"so-panel widget widget_black-studio-tinymce widget_black_studio_tinymce panel-first-child\" data-index=\"0\" ><div class=\"textwidget\"><p><img loading=\"lazy\" decoding=\"async\" class=\"alignnone wp-image-363 size-full\" src=\"http:\/\/filo.unt.edu.ar\/congreso-educacion-y-politica\/wp-content\/uploads\/sites\/95\/2019\/02\/prorroga-10-de-mayo-1.png\" alt=\"\" width=\"3510\" height=\"1599\" srcset=\"https:\/\/filo.unt.edu.ar\/congreso-educacion-y-politica\/wp-content\/uploads\/sites\/95\/2019\/02\/prorroga-10-de-mayo-1.png 3510w, https:\/\/filo.unt.edu.ar\/congreso-educacion-y-politica\/wp-content\/uploads\/sites\/95\/2019\/02\/prorroga-10-de-mayo-1-300x137.png 300w, https:\/\/filo.unt.edu.ar\/congreso-educacion-y-politica\/wp-content\/uploads\/sites\/95\/2019\/02\/prorroga-10-de-mayo-1-768x350.png 768w, https:\/\/filo.unt.edu.ar\/congreso-educacion-y-politica\/wp-content\/uploads\/sites\/95\/2019\/02\/prorroga-10-de-mayo-1-1024x466.png 1024w, https:\/\/filo.unt.edu.ar\/congreso-educacion-y-politica\/wp-content\/uploads\/sites\/95\/2019\/02\/prorroga-10-de-mayo-1-600x273.png 600w\" sizes=\"auto, (max-width: 3510px) 100vw, 3510px\" \/><\/p>\n<\/div><\/div><div id=\"panel-9-0-0-1\" class=\"so-panel widget widget_black-studio-tinymce widget_black_studio_tinymce panel-last-child\" data-index=\"1\" ><div class=\"textwidget\"><h3 style=\"text-align: left\"><strong>Pautas para la presentaci\u00f3n de Res\u00famenes Ampliados<\/strong><\/h3>\n<p id=\"m_-6345377024935259626gmail-E1141\"><span id=\"m_-6345377024935259626gmail-E1142\" class=\"m_-6345377024935259626gmail-qowt-stl-nfasissutil\">Los interesados en participar podr\u00e1n seleccionar un eje y enviar sus Res\u00famenes hasta el 06 de mayo de 2019 al Comit\u00e9 Organizador a la direcci\u00f3n <\/span><span id=\"m_-6345377024935259626gmail-E1143\" class=\"m_-6345377024935259626gmail-qowt-stl-nfasissutil\">de correo: <\/span><span id=\"m_-6345377024935259626gmail-E1144\" class=\"m_-6345377024935259626gmail-qowt-stl-nfasissutil\">congreso.80.fyl@gmail.com \/\/\u00a0<\/span>congresoeducacion.politica@filo.unt.edu.ar<\/p>\n<p id=\"m_-6345377024935259626gmail-E1145\"><span id=\"m_-6345377024935259626gmail-E1146\" class=\"m_-6345377024935259626gmail-qowt-stl-nfasissutil\">En el nombre del archivo se deber\u00e1n indicar el\/los apellido\/s del\/os\/as autor\/es\/as y n\u00famero del Eje seleccionado (ej. DIAZ-EJE 1<\/span><span id=\"m_-6345377024935259626gmail-E1147\" class=\"m_-6345377024935259626gmail-qowt-stl-nfasissutil\">.a<\/span><span id=\"m_-6345377024935259626gmail-E1148\" class=\"m_-6345377024935259626gmail-qowt-stl-nfasissutil\">). <\/span><\/p>\n<p id=\"m_-6345377024935259626gmail-E1149\"><span id=\"m_-6345377024935259626gmail-E1150\" class=\"m_-6345377024935259626gmail-qowt-stl-nfasissutil\">El archivo del resumen en formato Word (.<\/span><span id=\"m_-6345377024935259626gmail-E1152\" class=\"m_-6345377024935259626gmail-qowt-stl-nfasissutil\">doc<\/span><span id=\"m_-6345377024935259626gmail-E1154\" class=\"m_-6345377024935259626gmail-qowt-stl-nfasissutil\">) u open office (.<\/span><span id=\"m_-6345377024935259626gmail-E1156\" class=\"m_-6345377024935259626gmail-qowt-stl-nfasissutil\">odt<\/span><span id=\"m_-6345377024935259626gmail-E1158\" class=\"m_-6345377024935259626gmail-qowt-stl-nfasissutil\">) deber\u00e1 contener la siguiente informaci\u00f3n: nombre\/s del\/os autor\/es (se permite un m\u00e1ximo de cuatro autores por ponencia), t\u00edtulo de la ponencia, instituci\u00f3n de pertenencia, eje tem\u00e1tico al que adscribe y correo electr\u00f3nico de referencia. <\/span><\/p>\n<p id=\"m_-6345377024935259626gmail-E1159\"><span id=\"m_-6345377024935259626gmail-E1160\" class=\"m_-6345377024935259626gmail-qowt-stl-nfasissutil\">Extensi\u00f3n de los res\u00famenes: hasta 2.000 palabras incluyendo notas y bibliograf\u00eda. Se deber\u00e1n incluir palabras claves (hasta 4).<\/span><\/p>\n<p id=\"m_-6345377024935259626gmail-E1161\"><span id=\"m_-6345377024935259626gmail-E1162\" class=\"m_-6345377024935259626gmail-qowt-stl-nfasissutil\">Hoja: tama\u00f1o A 4. M\u00e1rgenes: Superior: 2,5 cm; Inferior: 2,5 cm; Izquierdo: 3 cm; Derecho: 3 cm. Procesador de texto: Microsoft Word 97-2003 o compatible. Extensi\u00f3n: RTF. Fuente: Arial 11. Interlineado: 1,5 l\u00edneas.<\/span><\/p>\n<p id=\"m_-6345377024935259626gmail-E1163\"><span id=\"m_-6345377024935259626gmail-E1164\" class=\"m_-6345377024935259626gmail-qowt-stl-nfasissutil\">Las propuestas recibidas ser\u00e1n evaluadas por el Comit\u00e9 <\/span><span id=\"m_-6345377024935259626gmail-E1165\" class=\"m_-6345377024935259626gmail-qowt-stl-nfasissutil\">Evaluador<\/span><span id=\"m_-6345377024935259626gmail-E1166\" class=\"m_-6345377024935259626gmail-qowt-stl-nfasissutil\">. Una vez finalizado el proceso de evaluaci\u00f3n de los res\u00famenes, dicho Comit\u00e9 notificar\u00e1 a los\/as interesados\/as el resultado y se habilitar\u00e1 la inscripci\u00f3n formal al <\/span><span id=\"m_-6345377024935259626gmail-E1167\" class=\"m_-6345377024935259626gmail-qowt-stl-nfasissutil\">Congreso<\/span><span id=\"m_-6345377024935259626gmail-E1168\" class=\"m_-6345377024935259626gmail-qowt-stl-nfasissutil\">. <\/span><\/p>\n<p id=\"m_-6345377024935259626gmail-E1169\"><span id=\"m_-6345377024935259626gmail-E1170\" class=\"m_-6345377024935259626gmail-qowt-stl-nfasissutil\">En todos los casos la extensi\u00f3n delimitada incluir\u00e1 notas, anexos, referencias, bibliograf\u00eda y elementos gr\u00e1ficos. Las citas deben seguir el estilo de normas de la American <\/span><span id=\"m_-6345377024935259626gmail-E1172\" class=\"m_-6345377024935259626gmail-qowt-stl-nfasissutil\">Psychological<\/span><span id=\"m_-6345377024935259626gmail-E1174\" class=\"m_-6345377024935259626gmail-qowt-stl-nfasissutil\"> <\/span><span id=\"m_-6345377024935259626gmail-E1176\" class=\"m_-6345377024935259626gmail-qowt-stl-nfasissutil\">Associations<\/span><span id=\"m_-6345377024935259626gmail-E1178\" class=\"m_-6345377024935259626gmail-qowt-stl-nfasissutil\"> (APA). La no inclusi\u00f3n de estas normas ser\u00e1 motivo de revisi\u00f3n. Una vez evaluadas las ponencias, el Comit\u00e9 Organizador enviar\u00e1 a los\/as autores\/as la confirmaci\u00f3n de la aceptaci\u00f3n, solicitud de revisi\u00f3n o cualquier otra observaci\u00f3n que se pudiere presentar. Los trabajos se publicar\u00e1n en formato e-book con posterioridad al evento.<\/span><\/p>\n<p><span id=\"m_-6345377024935259626gmail-E1178\" class=\"m_-6345377024935259626gmail-qowt-stl-nfasissutil\"><br \/>\n<span style=\"font-size: 14pt\"><em><strong>Pautas para la presentaci\u00f3n de p\u00f3sters:<\/strong><\/em><\/span><\/span><\/p>\n<p><span id=\"m_-6345377024935259626gmail-E1178\" class=\"m_-6345377024935259626gmail-qowt-stl-nfasissutil\"><br \/>\nLos P\u00f3sters tendr\u00e1n una dimensi\u00f3n de 0,70 de ancho por 1,20 de alto y su desarrollo ser\u00e1 vertical (no apaisado). Podr\u00e1n confeccionarse en papel o materiales sint\u00e9ticos que permitan ser enrollados y colgados.<\/span><\/p>\n<p style=\"text-align: left\"><span id=\"m_-6345377024935259626gmail-E1178\" class=\"m_-6345377024935259626gmail-qowt-stl-nfasissutil\">Deben enviar las im\u00e1genes de los p\u00f3sters en formato .JPEG o .PNG\u00a0 a alguna de las siguientes direcciones de correo.\u00a0<span id=\"m_-6345377024935259626gmail-E1146\" class=\"m_-6345377024935259626gmail-qowt-stl-nfasissutil\">En el nombre del archivo se deber\u00e1n indicar el\/los apellido\/s del\/os\/as autor\/es\/as y n\u00famero del Eje seleccionado (ej. DIAZ-EJE 1<\/span><span id=\"m_-6345377024935259626gmail-E1147\" class=\"m_-6345377024935259626gmail-qowt-stl-nfasissutil\">.a<\/span><span id=\"m_-6345377024935259626gmail-E1148\" class=\"m_-6345377024935259626gmail-qowt-stl-nfasissutil\">).<\/span><\/span><\/p>\n<p style=\"text-align: center\"><span id=\"m_-6345377024935259626gmail-E1178\" class=\"m_-6345377024935259626gmail-qowt-stl-nfasissutil\"><br \/>\n<strong>congreso.80.fyl@gmail.com<\/strong><br \/>\n<strong>congresoeducacion.politica@filo.unt.edu.ar<\/strong><\/span><\/p>\n<p style=\"text-align: left\"><span id=\"m_-6345377024935259626gmail-E1178\" class=\"m_-6345377024935259626gmail-qowt-stl-nfasissutil\"><br \/>\nEstructura de contenidos<\/span><\/p>\n<ul>\n<li><span id=\"m_-6345377024935259626gmail-E1178\" class=\"m_-6345377024935259626gmail-qowt-stl-nfasissutil\">T\u00edtulo: Con una extensi\u00f3n m\u00e1xima de 1-2 l\u00edneas, debe identificar con claridad el tema del trabajo.<\/span><\/li>\n<li><span id=\"m_-6345377024935259626gmail-E1178\" class=\"m_-6345377024935259626gmail-qowt-stl-nfasissutil\">Autor\/es\/as, entidad a la que pertenecen y forma de contacto: Podr\u00edan opcionalmente incluirse fotograf\u00edas de los autores o de los centros e instituciones.<br \/>\n<\/span><\/li>\n<li><span id=\"m_-6345377024935259626gmail-E1178\" class=\"m_-6345377024935259626gmail-qowt-stl-nfasissutil\">Introducci\u00f3n, hip\u00f3tesis (si existen) y objetivos del trabajo: Se presentar\u00e1n en forma breve (unas 300 palabras). Si es un estudio de caso, se presentar\u00e1 la caracterizaci\u00f3n del caso y la justificaci\u00f3n de su elecci\u00f3n para su estudio. Pueden usarse im\u00e1genes que contribuyan a resaltar el aspecto central trabajado.<\/span><\/li>\n<li><span id=\"m_-6345377024935259626gmail-E1178\" class=\"m_-6345377024935259626gmail-qowt-stl-nfasissutil\">Metodolog\u00eda \/ documentaci\u00f3n \/ materiales: Debe describir someramente c\u00f3mo se ha llevado a cabo la investigaci\u00f3n o en qu\u00e9 consiste el estudio de caso, los materiales, documentaci\u00f3n y m\u00e9todos empleados sin excesivo detalle. Extensi\u00f3n recomendada: 200 palabras.<\/span><\/li>\n<li><span id=\"m_-6345377024935259626gmail-E1178\" class=\"m_-6345377024935259626gmail-qowt-stl-nfasissutil\">Resultados: Deben describirse los resultados obtenidos, definitivos o preliminares, mediante los datos necesarios. Pueden incluirse tablas o gr\u00e1ficas. Extensi\u00f3n recomendada: 300 palabras.<\/span><\/li>\n<li><span id=\"m_-6345377024935259626gmail-E1178\" class=\"m_-6345377024935259626gmail-qowt-stl-nfasissutil\">Conclusiones: La extensi\u00f3n m\u00e1xima recomendada es de unas 200 palabras.<\/span><\/li>\n<\/ul>\n<p><em><strong>RECOMENDACIONES<\/strong><\/em><\/p>\n<p><span id=\"m_-6345377024935259626gmail-E1178\" class=\"m_-6345377024935259626gmail-qowt-stl-nfasissutil\">Tipograf\u00eda y dise\u00f1o<\/span><\/p>\n<p><span id=\"m_-6345377024935259626gmail-E1178\" class=\"m_-6345377024935259626gmail-qowt-stl-nfasissutil\">- <\/span><span id=\"m_-6345377024935259626gmail-E1178\" class=\"m_-6345377024935259626gmail-qowt-stl-nfasissutil\">El tama\u00f1o de fuente seleccionado debe permitir su lectura a 1-2 m. de distancia (incluidos los textos de las figuras), por lo que la tipograf\u00eda empleada deber\u00e1 tener una medida adecuada y un aspecto n\u00edtido.<\/span><\/p>\n<p><span id=\"m_-6345377024935259626gmail-E1178\" class=\"m_-6345377024935259626gmail-qowt-stl-nfasissutil\">- No usar solamente letras en may\u00fasculas y usar tipos de letra sencillos con buena legibilidad. No es recomendable usar muchos tipos de letra ni de colores de la misma, generalmente con dos tipos es suficiente.<\/span><\/p>\n<p><span id=\"m_-6345377024935259626gmail-E1178\" class=\"m_-6345377024935259626gmail-qowt-stl-nfasissutil\">- El t\u00edtulo debe leerse desde lejos, con un tama\u00f1o m\u00ednimo de 36 puntos, y proporcional al tama\u00f1o del p\u00f3ster.<\/span><\/p>\n<p><span id=\"m_-6345377024935259626gmail-E1178\" class=\"m_-6345377024935259626gmail-qowt-stl-nfasissutil\">- <\/span><span id=\"m_-6345377024935259626gmail-E1178\" class=\"m_-6345377024935259626gmail-qowt-stl-nfasissutil\">Los autores, su entidad y los encabezamientos de los apartados ser\u00e1n de menor tama\u00f1o que el t\u00edtulo (por ejemplo, de unos 24-30 puntos).<\/span><\/p>\n<p><span id=\"m_-6345377024935259626gmail-E1178\" class=\"m_-6345377024935259626gmail-qowt-stl-nfasissutil\">- El texto podr\u00eda tener unos 20 puntos de tama\u00f1o, como m\u00ednimo.<\/span><\/p>\n<p><span id=\"m_-6345377024935259626gmail-E1178\" class=\"m_-6345377024935259626gmail-qowt-stl-nfasissutil\">- Utilizar negrita para resaltar datos o informaci\u00f3n relevante, no para todo el texto. En lugar de subrayar suele preferirse usar la cursiva.<br \/>\n<\/span><\/p>\n<\/div><\/div><\/div><\/div><\/div>","protected":false},"excerpt":{"rendered":"<p>Pautas para la presentaci\u00f3n de Res\u00famenes Ampliados Los interesados en participar podr\u00e1n seleccionar un eje y enviar sus Res\u00famenes hasta el 06 de mayo de 2019 al Comit\u00e9 Organizador a la direcci\u00f3n de correo: congreso.80.fyl@gmail.com \/\/\u00a0congresoeducacion.politica@filo.unt.edu.ar En el nombre del archivo se deber\u00e1n indicar el\/los apellido\/s del\/os\/as autor\/es\/as y n\u00famero del Eje seleccionado (ej. DIAZ-EJE [&hellip;]<\/p>\n","protected":false},"author":1,"featured_media":0,"parent":0,"menu_order":0,"comment_status":"closed","ping_status":"closed","template":"","meta":{"footnotes":""},"class_list":["post-9","page","type-page","status-publish","hentry","post"],"_links":{"self":[{"href":"https:\/\/filo.unt.edu.ar\/congreso-educacion-y-politica\/wp-json\/wp\/v2\/pages\/9","targetHints":{"allow":["GET"]}}],"collection":[{"href":"https:\/\/filo.unt.edu.ar\/congreso-educacion-y-politica\/wp-json\/wp\/v2\/pages"}],"about":[{"href":"https:\/\/filo.unt.edu.ar\/congreso-educacion-y-politica\/wp-json\/wp\/v2\/types\/page"}],"author":[{"embeddable":true,"href":"https:\/\/filo.unt.edu.ar\/congreso-educacion-y-politica\/wp-json\/wp\/v2\/users\/1"}],"replies":[{"embeddable":true,"href":"https:\/\/filo.unt.edu.ar\/congreso-educacion-y-politica\/wp-json\/wp\/v2\/comments?post=9"}],"version-history":[{"count":23,"href":"https:\/\/filo.unt.edu.ar\/congreso-educacion-y-politica\/wp-json\/wp\/v2\/pages\/9\/revisions"}],"predecessor-version":[{"id":364,"href":"https:\/\/filo.unt.edu.ar\/congreso-educacion-y-politica\/wp-json\/wp\/v2\/pages\/9\/revisions\/364"}],"wp:attachment":[{"href":"https:\/\/filo.unt.edu.ar\/congreso-educacion-y-politica\/wp-json\/wp\/v2\/media?parent=9"}],"curies":[{"name":"wp","href":"https:\/\/api.w.org\/{rel}","templated":true}]}}