{"id":13,"date":"2019-02-11T10:40:15","date_gmt":"2019-02-11T13:40:15","guid":{"rendered":"http:\/\/filo.unt.edu.ar\/congreso-educacion-y-politica\/?page_id=13"},"modified":"2019-06-04T09:11:29","modified_gmt":"2019-06-04T12:11:29","slug":"acreditacion","status":"publish","type":"page","link":"https:\/\/filo.unt.edu.ar\/congreso-educacion-y-politica\/acreditacion\/","title":{"rendered":"Acreditaci\u00f3n"},"content":{"rendered":"<div id=\"pl-13\"  class=\"panel-layout\" ><div id=\"pg-13-0\"  class=\"panel-grid panel-no-style\" ><div id=\"pgc-13-0-0\"  class=\"panel-grid-cell\" ><div id=\"panel-13-0-0-0\" class=\"so-panel widget widget_sow-editor panel-first-child\" data-index=\"0\" ><div\n\t\t\t\n\t\t\tclass=\"so-widget-sow-editor so-widget-sow-editor-base\"\n\t\t\t\n\t\t><h3 class=\"widget-title\">Descarg\u00e1 tu credencial del Congreso<\/h3>\n<div class=\"siteorigin-widget-tinymce textwidget\">\n\t<ol>\n<li>Ingres\u00e1 a <a href=\"http:\/\/alumnos.filo.unt.edu.ar\/congresofilo\/generacredencial.php\" target=\"_blank\" rel=\"noopener\">aqu\u00ed.<\/a><\/li>\n<li>Descarg\u00e1 tu credencial del <strong>Congreso Internacional de Educaci\u00f3n y Pol\u00edtica 2019.<\/strong><\/li>\n<li>Lleval\u00e1 impresa o en tu dispositivo m\u00f3vil a los puntos de Acreditaci\u00f3n.<\/li>\n<\/ol>\n<p>Antes del Congreso estar\u00e1n habilitados puntos de acreditaci\u00f3n en la Facultad de Filosof\u00eda y Letras los siguientes d\u00edas:<\/p>\n<ul>\n<li>Luunes 03 de junio, de 11 a 18 hs.<\/li>\n<li>Martes 04 de junio, de 9 a 18 hs.<\/li>\n<\/ul>\n<p>Durante el Congreso:<\/p>\n<ul>\n<li>mi\u00e9rcoles 05 de junio, desde las 13 hs.<\/li>\n<\/ul>\n<p><strong>Si ten\u00e9s inconvenientes para descargar tu credencial escribinos a credencialcongreso@gmail.com <\/strong><\/p>\n<p>&nbsp;<\/p>\n<\/div>\n<\/div><\/div><div id=\"panel-13-0-0-1\" class=\"so-panel widget widget_sow-button panel-last-child\" data-index=\"1\" ><div\n\t\t\t\n\t\t\tclass=\"so-widget-sow-button so-widget-sow-button-atom-857739567c6a-13\"\n\t\t\t\n\t\t><div class=\"ow-button-base ow-button-align-center\"\n>\n\t\t\t<a\n\t\t\t\t\thref=\"http:\/\/alumnos.filo.unt.edu.ar\/congresofilo\/generacredencial.php\"\n\t\t\t\t\tclass=\"sowb-button ow-icon-placement-left ow-button-hover\" target=\"_blank\" rel=\"noopener noreferrer\" \t>\n\t\t<span>\n\t\t\t<span class=\"sow-icon-icomoon\" data-sow-icon=\"&#xe933;\"\n\t\tstyle=\"color: #0066bf\" \n\t\taria-hidden=\"true\"><\/span>\n\t\t\tDESCARG\u00c1 TU CREDENCIAL DEL CONGRESO EDUCACI\u00d3N Y POL\u00cdTICA \t\t<\/span>\n\t\t\t<\/a>\n\t<\/div>\n<\/div><\/div><\/div><\/div><div id=\"pg-13-1\"  class=\"panel-grid panel-no-style\" ><div id=\"pgc-13-1-0\"  class=\"panel-grid-cell\" ><div id=\"panel-13-1-0-0\" class=\"so-panel widget widget_sow-editor panel-first-child panel-last-child\" data-index=\"2\" ><div\n\t\t\t\n\t\t\tclass=\"so-widget-sow-editor so-widget-sow-editor-base\"\n\t\t\t\n\t\t>\n<div class=\"siteorigin-widget-tinymce textwidget\">\n\t<p><img loading=\"lazy\" decoding=\"async\" class=\"aligncenter wp-image-434 size-full\" src=\"http:\/\/filo.unt.edu.ar\/congreso-educacion-y-politica\/wp-content\/uploads\/sites\/95\/2019\/02\/comunicado-1.png\" alt=\"\" width=\"960\" height=\"960\" srcset=\"https:\/\/filo.unt.edu.ar\/congreso-educacion-y-politica\/wp-content\/uploads\/sites\/95\/2019\/02\/comunicado-1.png 960w, https:\/\/filo.unt.edu.ar\/congreso-educacion-y-politica\/wp-content\/uploads\/sites\/95\/2019\/02\/comunicado-1-150x150.png 150w, https:\/\/filo.unt.edu.ar\/congreso-educacion-y-politica\/wp-content\/uploads\/sites\/95\/2019\/02\/comunicado-1-300x300.png 300w, https:\/\/filo.unt.edu.ar\/congreso-educacion-y-politica\/wp-content\/uploads\/sites\/95\/2019\/02\/comunicado-1-768x768.png 768w, https:\/\/filo.unt.edu.ar\/congreso-educacion-y-politica\/wp-content\/uploads\/sites\/95\/2019\/02\/comunicado-1-600x600.png 600w\" sizes=\"auto, (max-width: 960px) 100vw, 960px\" \/><\/p>\n<\/div>\n<\/div><\/div><\/div><div id=\"pgc-13-1-1\"  class=\"panel-grid-cell\" ><div id=\"panel-13-1-1-0\" class=\"so-panel widget widget_sow-editor panel-first-child panel-last-child\" data-index=\"3\" ><div\n\t\t\t\n\t\t\tclass=\"so-widget-sow-editor so-widget-sow-editor-base\"\n\t\t\t\n\t\t>\n<div class=\"siteorigin-widget-tinymce textwidget\">\n\t<p><img loading=\"lazy\" decoding=\"async\" class=\"aligncenter wp-image-341 \" src=\"http:\/\/filo.unt.edu.ar\/congreso-educacion-y-politica\/wp-content\/uploads\/sites\/95\/2019\/02\/prorroga.png\" alt=\"\" width=\"722\" height=\"329\" srcset=\"https:\/\/filo.unt.edu.ar\/congreso-educacion-y-politica\/wp-content\/uploads\/sites\/95\/2019\/02\/prorroga.png 3510w, https:\/\/filo.unt.edu.ar\/congreso-educacion-y-politica\/wp-content\/uploads\/sites\/95\/2019\/02\/prorroga-300x137.png 300w, https:\/\/filo.unt.edu.ar\/congreso-educacion-y-politica\/wp-content\/uploads\/sites\/95\/2019\/02\/prorroga-768x350.png 768w, https:\/\/filo.unt.edu.ar\/congreso-educacion-y-politica\/wp-content\/uploads\/sites\/95\/2019\/02\/prorroga-1024x466.png 1024w, https:\/\/filo.unt.edu.ar\/congreso-educacion-y-politica\/wp-content\/uploads\/sites\/95\/2019\/02\/prorroga-600x273.png 600w\" sizes=\"auto, (max-width: 722px) 100vw, 722px\" \/><\/p>\n<p>&nbsp;<\/p>\n<p>&nbsp;<\/p>\n<p style=\"text-align: left\"><img loading=\"lazy\" decoding=\"async\" class=\"aligncenter wp-image-269 size-large\" src=\"http:\/\/filo.unt.edu.ar\/congreso-educacion-y-politica\/wp-content\/uploads\/sites\/95\/2019\/02\/puntaje-docente-2-1-1024x338.png\" alt=\"\" width=\"720\" height=\"238\" srcset=\"https:\/\/filo.unt.edu.ar\/congreso-educacion-y-politica\/wp-content\/uploads\/sites\/95\/2019\/02\/puntaje-docente-2-1-1024x338.png 1024w, https:\/\/filo.unt.edu.ar\/congreso-educacion-y-politica\/wp-content\/uploads\/sites\/95\/2019\/02\/puntaje-docente-2-1-300x99.png 300w, https:\/\/filo.unt.edu.ar\/congreso-educacion-y-politica\/wp-content\/uploads\/sites\/95\/2019\/02\/puntaje-docente-2-1-768x254.png 768w, https:\/\/filo.unt.edu.ar\/congreso-educacion-y-politica\/wp-content\/uploads\/sites\/95\/2019\/02\/puntaje-docente-2-1-600x198.png 600w\" sizes=\"auto, (max-width: 720px) 100vw, 720px\" \/><\/p>\n<\/div>\n<\/div><\/div><\/div><\/div><div id=\"pg-13-2\"  class=\"panel-grid panel-no-style\" ><div id=\"pgc-13-2-0\"  class=\"panel-grid-cell\" ><div id=\"panel-13-2-0-0\" class=\"so-panel widget widget_sow-editor panel-first-child panel-last-child\" data-index=\"4\" ><div\n\t\t\t\n\t\t\tclass=\"so-widget-sow-editor so-widget-sow-editor-base\"\n\t\t\t\n\t\t>\n<div class=\"siteorigin-widget-tinymce textwidget\">\n\t<p><strong>Costos por categor\u00eda de participaci\u00f3n<\/strong><\/p>\n<p>Expositores de trabajos:<\/p>\n<p>$1500 (desde el 16\/05\/2019)<\/p>\n<p>Asistentes: $600<\/p>\n<p>Estudiantes Expositores: $300<\/p>\n<p>Estudiantes Asistentes: $100<\/p>\n<p>*Los interesados en presentar P\u00f3sters deben inscribirse en la Categor\u00eda Expositores. Para pautas de presentaci\u00f3n y plazos ingresar <a href=\"http:\/\/filo.unt.edu.ar\/congreso-educacion-y-politica\/pautas-y-plazos\/\" target=\"_blank\" rel=\"noopener\">aqu\u00ed.<\/a><\/p>\n<p>&nbsp;<\/p>\n<hr \/>\n<p style=\"text-align: left\"><strong>Formas de pago:<\/strong><br \/>\n1- En <em><strong>Tesorer\u00eda <\/strong>y<\/em>\u00a0en\u00a0<em><strong>oficina de Lenguas para la Comunidad<\/strong><\/em> de la Facultad de lunes a viernes de 8:00 a 18:00 hs. Av. Benjam\u00edn Ar\u00e1oz 800.<br \/>\n3-\u00a0A trav\u00e9s de <strong>transferencia bancaria<\/strong> a la cuenta:<br \/>\nBanco Galicia:<br \/>\nTitular: Facultad de Filosof\u00eda y Letras UNT<br \/>\nCUIT: 30-54667024-0<br \/>\nCUENTA CORRIENTE ($): 17982-7 089-8<br \/>\nCBU: 0070089420000017982786<\/p>\n<p style=\"text-align: left\">Finalizado su pago deber\u00e1 enviar una imagen del\u00a0comprobante\u00a0al mail<br \/>\ncongreso.edupolitica@filo.unt.edu.ar\u00a0, especificando su nombre y apellido, DNI y forma de<br \/>\nparticipaci\u00f3n (asistente, expositor\/a, estudiante asistente, estudiante expositor)<\/p>\n<\/div>\n<\/div><\/div><\/div><\/div><\/div>","protected":false},"excerpt":{"rendered":"<p>Ingres\u00e1 a aqu\u00ed. Descarg\u00e1 tu credencial del Congreso Internacional de Educaci\u00f3n y Pol\u00edtica 2019. Lleval\u00e1 impresa o en tu dispositivo m\u00f3vil a los puntos de Acreditaci\u00f3n. Antes del Congreso estar\u00e1n habilitados puntos de acreditaci\u00f3n en la Facultad de Filosof\u00eda y Letras los siguientes d\u00edas: Luunes 03 de junio, de 11 a 18 hs. Martes 04 [&hellip;]<\/p>\n","protected":false},"author":1,"featured_media":0,"parent":0,"menu_order":0,"comment_status":"closed","ping_status":"closed","template":"","meta":{"footnotes":""},"class_list":["post-13","page","type-page","status-publish","hentry","post"],"_links":{"self":[{"href":"https:\/\/filo.unt.edu.ar\/congreso-educacion-y-politica\/wp-json\/wp\/v2\/pages\/13","targetHints":{"allow":["GET"]}}],"collection":[{"href":"https:\/\/filo.unt.edu.ar\/congreso-educacion-y-politica\/wp-json\/wp\/v2\/pages"}],"about":[{"href":"https:\/\/filo.unt.edu.ar\/congreso-educacion-y-politica\/wp-json\/wp\/v2\/types\/page"}],"author":[{"embeddable":true,"href":"https:\/\/filo.unt.edu.ar\/congreso-educacion-y-politica\/wp-json\/wp\/v2\/users\/1"}],"replies":[{"embeddable":true,"href":"https:\/\/filo.unt.edu.ar\/congreso-educacion-y-politica\/wp-json\/wp\/v2\/comments?post=13"}],"version-history":[{"count":60,"href":"https:\/\/filo.unt.edu.ar\/congreso-educacion-y-politica\/wp-json\/wp\/v2\/pages\/13\/revisions"}],"predecessor-version":[{"id":571,"href":"https:\/\/filo.unt.edu.ar\/congreso-educacion-y-politica\/wp-json\/wp\/v2\/pages\/13\/revisions\/571"}],"wp:attachment":[{"href":"https:\/\/filo.unt.edu.ar\/congreso-educacion-y-politica\/wp-json\/wp\/v2\/media?parent=13"}],"curies":[{"name":"wp","href":"https:\/\/api.w.org\/{rel}","templated":true}]}}