{"id":8,"date":"2023-04-03T07:53:56","date_gmt":"2023-04-03T10:53:56","guid":{"rendered":"http:\/\/filo.unt.edu.ar\/coloquio-periodismo\/?page_id=8"},"modified":"2023-04-03T08:15:10","modified_gmt":"2023-04-03T11:15:10","slug":"objetivos","status":"publish","type":"page","link":"https:\/\/filo.unt.edu.ar\/coloquio-periodismo\/objetivos\/","title":{"rendered":"Objetivos"},"content":{"rendered":"<div id=\"pl-8\"  class=\"panel-layout\" ><div id=\"pg-8-0\"  class=\"panel-grid panel-no-style\" ><div id=\"pgc-8-0-0\"  class=\"panel-grid-cell\" ><div id=\"panel-8-0-0-0\" class=\"so-panel widget widget_black-studio-tinymce widget_black_studio_tinymce panel-first-child panel-last-child\" data-index=\"0\" ><div class=\"panel-widget-style panel-widget-style-for-8-0-0-0\" ><div class=\"textwidget\"><ul>\n<li style=\"text-align: left;\"><span class=\"fontstyle1\">Promover el an\u00e1lisis y debate sobre la situaci\u00f3n actual del periodismo en relaci\u00f3n con la comunicaci\u00f3n digital y la dimensi\u00f3n econ\u00f3mico-pol\u00edtica.<\/span><\/li>\n<li style=\"text-align: left;\"><span class=\"fontstyle1\">Fomentar el intercambio de contenidos te\u00f3ricos y de experiencias acerca de la investigaci\u00f3n y la docencia en Periodismo.<\/span><\/li>\n<li style=\"text-align: left;\"><span class=\"fontstyle1\">Aportar al desarrollo y a la divulgaci\u00f3n de la producci\u00f3n de conocimiento sobre la comunicaci\u00f3n period\u00edstica, con especial \u00e9nfasis en la regi\u00f3n del NOA.<\/span><\/li>\n<li style=\"text-align: left;\"><span class=\"fontstyle1\">Estrechar los v\u00ednculos entre el \u00e1mbito acad\u00e9mico y el entorno social mediante la apertura de un espacio de di\u00e1logo y de debate entre trabajadores\/as del campo period\u00edstico y los\/as docentes e investigadores\/as universitarios\/as.<\/span><\/li>\n<li style=\"text-align: left;\"><span class=\"fontstyle1\">Propiciar una puesta al d\u00eda de las agendas de investigaci\u00f3n, los debates epistemol\u00f3gicos y las relaciones entre cultura, sociedad y periodismo.<\/span><\/li>\n<li style=\"text-align: left;\"><span class=\"fontstyle1\">Establecer una agenda de trabajo a futuro que contemple las demandas planteadas por la sociedad actual y por los nuevos escenarios comunicacionales.<\/span><\/li>\n<\/ul>\n<\/div><\/div><\/div><\/div><\/div><\/div>","protected":false},"excerpt":{"rendered":"<p>Promover el an\u00e1lisis y debate sobre la situaci\u00f3n actual del periodismo en relaci\u00f3n con la comunicaci\u00f3n digital y la dimensi\u00f3n econ\u00f3mico-pol\u00edtica. Fomentar el intercambio de contenidos te\u00f3ricos y de experiencias acerca de la investigaci\u00f3n y la docencia en Periodismo. Aportar al desarrollo y a la divulgaci\u00f3n de la producci\u00f3n de conocimiento sobre la comunicaci\u00f3n period\u00edstica, [&hellip;]<\/p>\n","protected":false},"author":1,"featured_media":0,"parent":0,"menu_order":0,"comment_status":"closed","ping_status":"closed","template":"","meta":{"footnotes":""},"class_list":["post-8","page","type-page","status-publish","hentry","post"],"_links":{"self":[{"href":"https:\/\/filo.unt.edu.ar\/coloquio-periodismo\/wp-json\/wp\/v2\/pages\/8","targetHints":{"allow":["GET"]}}],"collection":[{"href":"https:\/\/filo.unt.edu.ar\/coloquio-periodismo\/wp-json\/wp\/v2\/pages"}],"about":[{"href":"https:\/\/filo.unt.edu.ar\/coloquio-periodismo\/wp-json\/wp\/v2\/types\/page"}],"author":[{"embeddable":true,"href":"https:\/\/filo.unt.edu.ar\/coloquio-periodismo\/wp-json\/wp\/v2\/users\/1"}],"replies":[{"embeddable":true,"href":"https:\/\/filo.unt.edu.ar\/coloquio-periodismo\/wp-json\/wp\/v2\/comments?post=8"}],"version-history":[{"count":2,"href":"https:\/\/filo.unt.edu.ar\/coloquio-periodismo\/wp-json\/wp\/v2\/pages\/8\/revisions"}],"predecessor-version":[{"id":36,"href":"https:\/\/filo.unt.edu.ar\/coloquio-periodismo\/wp-json\/wp\/v2\/pages\/8\/revisions\/36"}],"wp:attachment":[{"href":"https:\/\/filo.unt.edu.ar\/coloquio-periodismo\/wp-json\/wp\/v2\/media?parent=8"}],"curies":[{"name":"wp","href":"https:\/\/api.w.org\/{rel}","templated":true}]}}