{"id":22,"date":"2023-04-03T08:10:18","date_gmt":"2023-04-03T11:10:18","guid":{"rendered":"http:\/\/filo.unt.edu.ar\/coloquio-periodismo\/?page_id=22"},"modified":"2023-08-29T17:58:25","modified_gmt":"2023-08-29T20:58:25","slug":"presentacion-de-posters","status":"publish","type":"page","link":"https:\/\/filo.unt.edu.ar\/coloquio-periodismo\/presentacion-de-posters\/","title":{"rendered":"Presentaci\u00f3n de posters"},"content":{"rendered":"<div id=\"pl-22\"  class=\"panel-layout\" ><div id=\"pg-22-0\"  class=\"panel-grid panel-no-style\" ><div id=\"pgc-22-0-0\"  class=\"panel-grid-cell\" ><div id=\"panel-22-0-0-0\" class=\"so-panel widget widget_black-studio-tinymce widget_black_studio_tinymce panel-first-child\" data-index=\"0\" ><div class=\"panel-widget-style panel-widget-style-for-22-0-0-0\" ><div class=\"textwidget\"><p style=\"text-align: left\"><strong>CONVOCATORIA A LA PRESENTACI\u00d3N DE POSTERS PARA DOCENTES E INVESTIGADORES\/AS DE LAS UNIVERSIDADES DEL NOA<\/strong><\/p>\n<p style=\"text-align: left\">Se convoca a becarios\/as de Grado y de Postgrado, estudiantes de Postgrado e integrantes de Proyectos de Investigaci\u00f3n de las Carreras de Comunicaci\u00f3n y Periodismo de Universidades del NOA a participar con la presentaci\u00f3n de trabajos en forma de posters<\/p>\n<\/div><\/div><\/div><div id=\"panel-22-0-0-1\" class=\"so-panel widget widget_black-studio-tinymce widget_black_studio_tinymce panel-last-child\" data-index=\"1\" ><div class=\"panel-widget-style panel-widget-style-for-22-0-0-1\" ><div class=\"textwidget\"><p><strong>Normas de presentaci\u00f3n<\/strong><\/p>\n<ul>\n<li>Para la aceptaci\u00f3n del p\u00f3ster se enviar\u00e1 por mail a la Organizaci\u00f3n del Coloquio ( <a href=\"mailto:coloquionacional.periodismo@filo.unt.edu.ar\">periodismo@filo.unt.edu.ar<\/a> ) un resumen del mismo en Times New Roman 12 de media p\u00e1gina como m\u00e1ximo (250 palabras). Como para las dem\u00e1s actividades, para la exhibici\u00f3n del p\u00f3ster o cartel, los\/as autores\/as deben estar inscriptos\/as en el Coloquio.<\/li>\n<li>En caso de ser aceptado, se podr\u00e1 confeccionar un p\u00f3ster cuyas medidas ser\u00e1n de 80 cm de ancho por 100 cm. de alto.<\/li>\n<li>En el p\u00f3ster debe incluirse el t\u00edtulo del mismo, el\/la autor\/a o autores y la instituci\u00f3n a la que pertenecen.<\/li>\n<li>T\u00edtulo en may\u00fasculas, centrado, tipograf\u00eda Arial 50, negrita.<\/li>\n<li>Autor(es): nombre(s) y apellido(s) en min\u00fasculas, centrado, tipograf\u00eda Arial 40.<\/li>\n<li>Instituci\u00f3n: en min\u00fasculas, centrado, tipograf\u00eda Arial 35.<\/li>\n<li>Contenidos: en may\u00fasculas, negrita, tipograf\u00eda Arial 25\n<ul>\n<li>Objetivo general y objetivos espec\u00edficos.<\/li>\n<li>Procedimientos metodol\u00f3gicos.<\/li>\n<li>Resultados obtenidos o esperados (tipograf\u00eda Arial 20. Interlineado sencillo). En los resultados incluir gr\u00e1ficos, mapas, tablas, im\u00e1genes, etc.<\/li>\n<li>Bibliograf\u00eda: tipograf\u00eda Arial 14, seg\u00fan normas APA.<\/li>\n<\/ul>\n<\/li>\n<li>Los posters o carteles NO deben ser mandados a la Organizaci\u00f3n del Coloquio, sino que ser\u00e1n montados y desmontados por el\/la\/lxs autor\/a (es) en el momento de la llegada al Coloquio y a la finalizaci\u00f3n del mismo. El p\u00f3ster deber\u00e1 ser colocado el d\u00eda previo a su exhibici\u00f3n.<\/li>\n<li>En el horario dedicado a la exhibici\u00f3n de posters en el programa, al menos uno de lxs autores deber\u00e1 permanecer junto al mismo, aportando a la concurrencia explicaciones e informaci\u00f3n.<\/li>\n<li>La exhibici\u00f3n de un p\u00f3ster incluir\u00e1 una presentaci\u00f3n oral de 3-5 minutos de duraci\u00f3n, con un m\u00ednimo tiempo adicional para responder a las preguntas pertinentes de la concurrencia. Las presentaciones orales se realizar\u00e1n el jueves 14 y viernes 15, de 9:00 a 10:00.<\/li>\n<li><span style=\"color: #ff0000\"><strong>Fecha l\u00edmite de env\u00edo de res\u00famenes: mi\u00e9rcoles 6 de septiembre.<\/strong><\/span><\/li>\n<\/ul>\n<\/div><\/div><\/div><\/div><\/div><\/div>","protected":false},"excerpt":{"rendered":"<p>CONVOCATORIA A LA PRESENTACI\u00d3N DE POSTERS PARA DOCENTES E INVESTIGADORES\/AS DE LAS UNIVERSIDADES DEL NOA Se convoca a becarios\/as de Grado y de Postgrado, estudiantes de Postgrado e integrantes de Proyectos de Investigaci\u00f3n de las Carreras de Comunicaci\u00f3n y Periodismo de Universidades del NOA a participar con la presentaci\u00f3n de trabajos en forma de posters<\/p>\n","protected":false},"author":1,"featured_media":0,"parent":0,"menu_order":0,"comment_status":"closed","ping_status":"closed","template":"","meta":{"footnotes":""},"class_list":["post-22","page","type-page","status-publish","hentry","post"],"_links":{"self":[{"href":"https:\/\/filo.unt.edu.ar\/coloquio-periodismo\/wp-json\/wp\/v2\/pages\/22","targetHints":{"allow":["GET"]}}],"collection":[{"href":"https:\/\/filo.unt.edu.ar\/coloquio-periodismo\/wp-json\/wp\/v2\/pages"}],"about":[{"href":"https:\/\/filo.unt.edu.ar\/coloquio-periodismo\/wp-json\/wp\/v2\/types\/page"}],"author":[{"embeddable":true,"href":"https:\/\/filo.unt.edu.ar\/coloquio-periodismo\/wp-json\/wp\/v2\/users\/1"}],"replies":[{"embeddable":true,"href":"https:\/\/filo.unt.edu.ar\/coloquio-periodismo\/wp-json\/wp\/v2\/comments?post=22"}],"version-history":[{"count":5,"href":"https:\/\/filo.unt.edu.ar\/coloquio-periodismo\/wp-json\/wp\/v2\/pages\/22\/revisions"}],"predecessor-version":[{"id":101,"href":"https:\/\/filo.unt.edu.ar\/coloquio-periodismo\/wp-json\/wp\/v2\/pages\/22\/revisions\/101"}],"wp:attachment":[{"href":"https:\/\/filo.unt.edu.ar\/coloquio-periodismo\/wp-json\/wp\/v2\/media?parent=22"}],"curies":[{"name":"wp","href":"https:\/\/api.w.org\/{rel}","templated":true}]}}