{"id":17,"date":"2023-04-03T08:04:54","date_gmt":"2023-04-03T11:04:54","guid":{"rendered":"http:\/\/filo.unt.edu.ar\/coloquio-periodismo\/?page_id=17"},"modified":"2023-08-29T17:52:34","modified_gmt":"2023-08-29T20:52:34","slug":"index","status":"publish","type":"page","link":"https:\/\/filo.unt.edu.ar\/coloquio-periodismo\/","title":{"rendered":"Inicio"},"content":{"rendered":"<div id=\"pl-17\"  class=\"panel-layout\" ><div id=\"pg-17-0\"  class=\"panel-grid panel-no-style\" ><div id=\"pgc-17-0-0\"  class=\"panel-grid-cell\" ><div id=\"panel-17-0-0-0\" class=\"so-panel widget widget_black-studio-tinymce widget_black_studio_tinymce panel-first-child panel-last-child\" data-index=\"0\" ><div class=\"panel-widget-style panel-widget-style-for-17-0-0-0\" ><div class=\"textwidget\"><h2 style=\"text-align: center;\"><strong>COLOQUIO NACIONAL DE PERIODISMO<\/strong><\/h2>\n<h2 style=\"text-align: center;\"><strong>14 al 16 de septiembre de 2023<\/strong><\/h2>\n<h2 style=\"text-align: center;\">Facultad de Filosof\u00eda y Letras - Universidad Nacional de Tucum\u00e1n<\/h2>\n<h2 style=\"text-align: center;\">Tucum\u00e1n<\/h2>\n<\/div><\/div><\/div><\/div><\/div><div id=\"pg-17-1\"  class=\"panel-grid panel-no-style\" ><div id=\"pgc-17-1-0\"  class=\"panel-grid-cell\" ><div id=\"panel-17-1-0-0\" class=\"so-panel widget widget_black-studio-tinymce widget_black_studio_tinymce panel-first-child panel-last-child\" data-index=\"1\" ><div class=\"panel-widget-style panel-widget-style-for-17-1-0-0\" ><div class=\"textwidget\"><p style=\"text-align: left\">La Facultad de Filosof\u00eda y Letras de la Universidad Nacional de Tucum\u00e1n (UNT), invita al <strong>COLOQUIO NACIONAL DE PERIODISMO<\/strong>, a realizarse del <strong>14 al 16 de septiembre de 2023<\/strong>, en esta unidad acad\u00e9mica. El evento es organizado por el Departamento de Ciencias de la Comunicaci\u00f3n y las C\u00e1tedras de Periodismo y Teor\u00eda de la Comunicaci\u00f3n I.<\/p>\n<p style=\"text-align: left\">Est\u00e1n programadas conferencias a cargo de destacadas personalidades nacionales del campo period\u00edstico y acad\u00e9mico, junto con la presentaci\u00f3n de libros y la realizaci\u00f3n de mesas paneles sobre el trabajo period\u00edstico, el periodismo alternativo y la formaci\u00f3n educativa en comunicaci\u00f3n y periodismo.<\/p>\n<p>&nbsp;<\/p>\n<blockquote>\n<h2 style=\"text-align: center\"><a href=\"http:\/\/filo.unt.edu.ar\/coloquio-periodismo\/wp-content\/uploads\/sites\/105\/2023\/08\/2023-08-29-Tercera-Circular-Coloquio-Periodismo.pdf\" target=\"_blank\" rel=\"noopener\">Descargar Circular<\/a><\/h2>\n<hr \/>\n<\/blockquote>\n<p><strong>CRONOGRAMA<\/strong><\/p>\n<p>&nbsp;<\/p>\n<p><span style=\"color: #0000ff\"><strong>Jueves 14 de septiembre<\/strong><\/span><\/p>\n<p>(Anfiteatro 1)<\/p>\n<p>&nbsp;<\/p>\n<ul>\n<li>Acreditaciones: 9:00<\/li>\n<li>Apertura: 10:00<\/li>\n<li>Conferencia: 11:00 - Sebasti\u00e1n Lacunza<\/li>\n<li>Receso: 13:00 \u2013 15:00<\/li>\n<li>Conferencia: 15:00 \u2013 Liliana Hendel<\/li>\n<li>Mesa panel: 16:30 \u2013 18:30<\/li>\n<\/ul>\n<p><em>Ejercicio del Periodismo: <\/em>Ricardo Bocos (<em>Radio Universidad<\/em>), Cynthia Otrera (Radio LV12), Daniela Orlandi (Canal 10), Exequiel Svetliza (<em>El Tucumano<\/em>)<\/p>\n<ul>\n<li>Proyecci\u00f3n del documental <em>Una mirada honesta <\/em>(Roberto Persano y Santiago Nacif, 2022). Con presencia del fotoperiodista Eduardo Longoni y el realizador Santiago Nacif - Ente de Cultura, Sala Orestes Caviglia \u2013 20:00<\/li>\n<\/ul>\n<p>&nbsp;<\/p>\n<hr \/>\n<p><span style=\"color: #0000ff\"><strong>Viernes 15 de septiembre<\/strong><\/span><\/p>\n<p>(Anfiteatro 2)<\/p>\n<p>&nbsp;<\/p>\n<ul>\n<li>Mesa panel: 10:00 \u2013 12:00<\/li>\n<\/ul>\n<p><em>Periodismo alternativo: Metacrisis<\/em>, <em>La Nota<\/em>, <em>La Palta<\/em>, <em>Colectivo Abrojos<\/em>.<\/p>\n<ul>\n<li>Conferencia: 12:00 - Lila Luchessi<\/li>\n<li>Receso: 13:30 \u2013 14:30<\/li>\n<li>Presentaci\u00f3n de libros: 14:30 \u2013 16:30<\/li>\n<\/ul>\n<p><em>De la invisibilidad al estigma<\/em>, de A. Cebrelli y C. Barros (coords.) y <em>Cr\u00f3nicas del litio<\/em>, de Ernesto Picco.<\/p>\n<ul>\n<li>Mesa panel: 16:30 \u2013 18:30<\/li>\n<\/ul>\n<p><em>Formaci\u00f3n en Periodismo: <\/em>Alejandra Cebrelli (UNSa), Mariana Bonano (UNT), C\u00e9sar Arrueta (UNJu) y Ernesto Picco (UNSE)<\/p>\n<ul>\n<li>Conferencia: 19:00 Mauro Brissio<\/li>\n<\/ul>\n<p>&nbsp;<\/p>\n<p><span style=\"color: #0000ff\"><strong>S\u00e1bado 16 de septiembre<\/strong><\/span><\/p>\n<p>(Anfiteatro Prebish)<\/p>\n<p>&nbsp;<\/p>\n<ul>\n<li>Presentaci\u00f3n del libro <em>Comunicaci\u00f3n Popular y Alternativa<\/em>, de Claudia Villamayor y Natalia Vinelli (edits.) \u2013 10:00<\/li>\n<li>Conferencia: 11:00 - Natalia Vinelli<\/li>\n<li>Cierre: 12:00<\/li>\n<\/ul>\n<p>&nbsp;<\/p>\n<hr \/>\n<p><span style=\"color: #0000ff\">CURSOS DE POSTGRADO<\/span><\/p>\n<p>&nbsp;<\/p>\n<p><span style=\"color: #0000ff\"><strong>Lila Luchessi<\/strong><\/span><\/p>\n<p>Mi\u00e9rcoles 13 de septiembre: 8:00 \u2013 12:00 \/\/ 16:00 \u2013 20:00 (presencial h\u00edbrido con virtual)<\/p>\n<p>Jueves 14 de septiembre: 8:00 \u2013 11:00 \/\/ 14:00 \u2013 16:00 (presencial h\u00edbrido con virtual)<\/p>\n<p>(dem\u00e1s jornadas en modalidad virtual)<\/p>\n<p>&nbsp;<\/p>\n<p><span style=\"color: #0000ff\"><strong>Ernesto Picco<\/strong><\/span><\/p>\n<p>Viernes 22 de septiembre: 8:00 \u2013 12:00 \/\/ 16:00 \u2013 20:00 (presencial h\u00edbrido con virtual)<\/p>\n<p>S\u00e1bado 23 de septiembre: 9:00 \u2013 14:00 (presencial h\u00edbrido con virtual)<\/p>\n<p>(dem\u00e1s jornadas en modalidad virtual)<\/p>\n<\/div><\/div><\/div><\/div><\/div><\/div>","protected":false},"excerpt":{"rendered":"<p>COLOQUIO NACIONAL DE PERIODISMO 14 al 16 de septiembre de 2023 Facultad de Filosof\u00eda y Letras &#8211; Universidad Nacional de Tucum\u00e1n Tucum\u00e1n La Facultad de Filosof\u00eda y Letras de la Universidad Nacional de Tucum\u00e1n (UNT), invita al COLOQUIO NACIONAL DE PERIODISMO, a realizarse del 14 al 16 de septiembre de 2023, en esta unidad acad\u00e9mica. [&hellip;]<\/p>\n","protected":false},"author":1,"featured_media":0,"parent":0,"menu_order":0,"comment_status":"closed","ping_status":"closed","template":"home-panels.php","meta":{"footnotes":""},"class_list":["post-17","page","type-page","status-publish","hentry","post"],"_links":{"self":[{"href":"https:\/\/filo.unt.edu.ar\/coloquio-periodismo\/wp-json\/wp\/v2\/pages\/17","targetHints":{"allow":["GET"]}}],"collection":[{"href":"https:\/\/filo.unt.edu.ar\/coloquio-periodismo\/wp-json\/wp\/v2\/pages"}],"about":[{"href":"https:\/\/filo.unt.edu.ar\/coloquio-periodismo\/wp-json\/wp\/v2\/types\/page"}],"author":[{"embeddable":true,"href":"https:\/\/filo.unt.edu.ar\/coloquio-periodismo\/wp-json\/wp\/v2\/users\/1"}],"replies":[{"embeddable":true,"href":"https:\/\/filo.unt.edu.ar\/coloquio-periodismo\/wp-json\/wp\/v2\/comments?post=17"}],"version-history":[{"count":8,"href":"https:\/\/filo.unt.edu.ar\/coloquio-periodismo\/wp-json\/wp\/v2\/pages\/17\/revisions"}],"predecessor-version":[{"id":77,"href":"https:\/\/filo.unt.edu.ar\/coloquio-periodismo\/wp-json\/wp\/v2\/pages\/17\/revisions\/77"}],"wp:attachment":[{"href":"https:\/\/filo.unt.edu.ar\/coloquio-periodismo\/wp-json\/wp\/v2\/media?parent=17"}],"curies":[{"name":"wp","href":"https:\/\/api.w.org\/{rel}","templated":true}]}}