{"id":48,"date":"2016-09-30T10:39:31","date_gmt":"2016-09-30T13:39:31","guid":{"rendered":"http:\/\/filo.unt.edu.ar\/centenariodelareforma\/home-page\/"},"modified":"2018-05-03T10:41:21","modified_gmt":"2018-05-03T13:41:21","slug":"home-page","status":"publish","type":"page","link":"https:\/\/filo.unt.edu.ar\/centenariodelareforma\/","title":{"rendered":"Home Page"},"content":{"rendered":"<div id=\"pl-48\"  class=\"panel-layout\" ><div id=\"pg-48-0\"  class=\"panel-grid panel-no-style\" ><div id=\"pgc-48-0-0\"  class=\"panel-grid-cell\" ><div id=\"panel-48-0-0-0\" class=\"so-panel widget widget_black-studio-tinymce widget_black_studio_tinymce panel-first-child panel-last-child\" data-index=\"0\" ><div class=\"panel-widget-style panel-widget-style-for-48-0-0-0\" ><div class=\"textwidget\"><h3 style=\"text-align: left;\">El movimiento reformista iniciado con las acciones de los estudiantes de la Universidad de C\u00f3rdoba en julio de 1918 da inicio a una potente corriente pol\u00edtica y cultural de extraordinaria amplitud que se extendi\u00f3 velozmente por la Argentina y se proyect\u00f3 al resto del continente americano. Este hecho hist\u00f3rico no s\u00f3lo sent\u00f3 las bases para una importante transformaci\u00f3n pol\u00edtico-institucional del sistema universitario (incluyendo la autonom\u00eda universitaria, el principio del cogobierno y el acceso a las c\u00e1tedras mediante concursos), sino que tambi\u00e9n impact\u00f3 en la forma de entender a la educaci\u00f3n en su conjunto (a trav\u00e9s de principios como la libertad de c\u00e1tedra y la vinculaci\u00f3n entre investigaci\u00f3n y docencia). Pero, adem\u00e1s, el movimiento reformista, con su exigencia de vincular a la Universidad con la Sociedad y sus llamados a la solidaridad latinoamericana y a la uni\u00f3n entre estudiantes y trabajadores tuvo un impacto social y cultural profundo que influy\u00f3 en los procesos de movilizaci\u00f3n, democratizaci\u00f3n, ciudadanizaci\u00f3n e independencia de Am\u00e9rica Latina.<\/h3>\n<h3 style=\"text-align: left;\">Este es un proyecto de gran envergadura que incluir\u00e1 la creaci\u00f3n de grupos de investigaci\u00f3n que trabajar\u00e1n sobre diversos aspectos de la reforma universitaria y su impacto en la Argentina y Am\u00e9rica Latina; la publicaci\u00f3n y difusi\u00f3n de las investigaciones que se desplieguen y la organizaci\u00f3n de Jornadas, Foros y Encuentros, a escala nacional e internacional.<\/h3>\n<\/div><\/div><\/div><\/div><\/div><div id=\"pg-48-1\"  class=\"panel-grid panel-no-style\" ><div id=\"pgc-48-1-0\"  class=\"panel-grid-cell\" ><div id=\"panel-48-1-0-0\" class=\"so-panel widget widget_black-studio-tinymce widget_black_studio_tinymce panel-first-child panel-last-child\" data-index=\"1\" ><div class=\"panel-widget-style panel-widget-style-for-48-1-0-0\" ><div class=\"textwidget\"><h3 style=\"text-align: center;\"><a href=\"http:\/\/filo.unt.edu.ar\/centenariodelareforma\/actividades\/\">CONCURSO DE ENSAYOS<\/a><\/h3>\n<h4 style=\"text-align: center;\"><a href=\"http:\/\/filo.unt.edu.ar\/centenariodelareforma\/actividades\/\">\"A CIEN A\u00d1OS DE LA REFORMA UNIVERSITARIA: \u00bfQU\u00c9 SUCEDI\u00d3 CON SU LEGADO?\"<\/a><\/h4>\n<p> <a href=\"http:\/\/filo.unt.edu.ar\/centenariodelareforma\/actividades\/\"><img loading=\"lazy\" decoding=\"async\" class=\"aligncenter wp-image-100 size-large\" src=\"http:\/\/filo.unt.edu.ar\/centenariodelareforma\/wp-content\/uploads\/sites\/75\/2017\/07\/flyer-censayo-1024x725.jpeg\" alt=\"\" width=\"720\" height=\"510\" srcset=\"https:\/\/filo.unt.edu.ar\/centenariodelareforma\/wp-content\/uploads\/sites\/75\/2017\/07\/flyer-censayo-1024x725.jpeg 1024w, https:\/\/filo.unt.edu.ar\/centenariodelareforma\/wp-content\/uploads\/sites\/75\/2017\/07\/flyer-censayo-300x212.jpeg 300w, https:\/\/filo.unt.edu.ar\/centenariodelareforma\/wp-content\/uploads\/sites\/75\/2017\/07\/flyer-censayo-768x544.jpeg 768w, https:\/\/filo.unt.edu.ar\/centenariodelareforma\/wp-content\/uploads\/sites\/75\/2017\/07\/flyer-censayo-600x425.jpeg 600w, https:\/\/filo.unt.edu.ar\/centenariodelareforma\/wp-content\/uploads\/sites\/75\/2017\/07\/flyer-censayo.jpeg 1280w\" sizes=\"auto, (max-width: 720px) 100vw, 720px\" \/><\/a><\/p>\n<\/div><\/div><\/div><\/div><div id=\"pgc-48-1-1\"  class=\"panel-grid-cell\" ><div id=\"panel-48-1-1-0\" class=\"so-panel widget widget_black-studio-tinymce widget_black_studio_tinymce panel-first-child panel-last-child\" data-index=\"2\" ><div class=\"textwidget\"><p><iframe loading=\"lazy\" width=\"560\" height=\"450\" src=\"https:\/\/www.youtube.com\/embed\/SvhmqqR5bqw\" frameborder=\"0\" allowfullscreen><\/iframe><\/p>\n<\/div><\/div><\/div><\/div><\/div>","protected":false},"excerpt":{"rendered":"<p>El movimiento reformista iniciado con las acciones de los estudiantes de la Universidad de C\u00f3rdoba en julio de 1918 da inicio a una potente corriente pol\u00edtica y cultural de extraordinaria amplitud que se extendi\u00f3 velozmente por la Argentina y se proyect\u00f3 al resto del continente americano. Este hecho hist\u00f3rico no s\u00f3lo sent\u00f3 las bases para [&hellip;]<\/p>\n","protected":false},"author":1,"featured_media":0,"parent":0,"menu_order":0,"comment_status":"closed","ping_status":"closed","template":"home-panels.php","meta":{"footnotes":""},"class_list":["post-48","page","type-page","status-publish","hentry","post"],"_links":{"self":[{"href":"https:\/\/filo.unt.edu.ar\/centenariodelareforma\/wp-json\/wp\/v2\/pages\/48","targetHints":{"allow":["GET"]}}],"collection":[{"href":"https:\/\/filo.unt.edu.ar\/centenariodelareforma\/wp-json\/wp\/v2\/pages"}],"about":[{"href":"https:\/\/filo.unt.edu.ar\/centenariodelareforma\/wp-json\/wp\/v2\/types\/page"}],"author":[{"embeddable":true,"href":"https:\/\/filo.unt.edu.ar\/centenariodelareforma\/wp-json\/wp\/v2\/users\/1"}],"replies":[{"embeddable":true,"href":"https:\/\/filo.unt.edu.ar\/centenariodelareforma\/wp-json\/wp\/v2\/comments?post=48"}],"version-history":[{"count":1,"href":"https:\/\/filo.unt.edu.ar\/centenariodelareforma\/wp-json\/wp\/v2\/pages\/48\/revisions"}],"predecessor-version":[{"id":49,"href":"https:\/\/filo.unt.edu.ar\/centenariodelareforma\/wp-json\/wp\/v2\/pages\/48\/revisions\/49"}],"wp:attachment":[{"href":"https:\/\/filo.unt.edu.ar\/centenariodelareforma\/wp-json\/wp\/v2\/media?parent=48"}],"curies":[{"name":"wp","href":"https:\/\/api.w.org\/{rel}","templated":true}]}}