{"id":387,"date":"2017-07-02T18:45:09","date_gmt":"2017-07-02T21:45:09","guid":{"rendered":"http:\/\/filo.unt.edu.ar\/caminatas-historicas\/?page_id=387"},"modified":"2018-06-22T10:46:13","modified_gmt":"2018-06-22T13:46:13","slug":"escuelas","status":"publish","type":"page","link":"https:\/\/filo.unt.edu.ar\/caminatas-historicas\/escuelas\/","title":{"rendered":"Escuelas"},"content":{"rendered":"<div id=\"pl-387\"  class=\"panel-layout\" ><div id=\"pg-387-0\"  class=\"panel-grid panel-no-style\" ><div id=\"pgc-387-0-0\"  class=\"panel-grid-cell\" ><div id=\"panel-387-0-0-0\" class=\"so-panel widget widget_sow-editor panel-first-child panel-last-child\" data-index=\"0\" ><div\n\t\t\t\n\t\t\tclass=\"so-widget-sow-editor so-widget-sow-editor-base\"\n\t\t\t\n\t\t>\n<div class=\"siteorigin-widget-tinymce textwidget\">\n\t<p>Este proyecto es la continuaci\u00f3n de la propuesta de \u201cCaminatas hist\u00f3ricas del Bicentenario\u201d que se ofreci\u00f3 en el a\u00f1o 2016 y <em><strong>tiene por objetivo que los estudiantes de las escuelas tucumanas caminen la ciudad y conozcan algunos fragmentos de su historia, bajo la gu\u00eda de estudiantes avanzados de las carreras de Historia, Artes, Ciencias de la Educaci\u00f3n y Ciencias de la Comunicaci\u00f3n que fueron especialmente capacitados.<\/strong><\/em><\/p>\n<p>Las caminatas hist\u00f3ricas constituyen una rica experiencia educativa porque ofrecen la posibilidad de conocer la historia, la cultura de nuestra provincia. Asimismo, contribuyen a la s\u00f3lida formaci\u00f3n ciudadana de los estudiantes. <em><strong>Est\u00e1n orientadas a alumnos de los \u00faltimos a\u00f1os del nivel primario y para todos los del nivel secundario.<\/strong><\/em><\/p>\n<p>La oferta incluye cuatro circuitos \u2013Cl\u00e1sico, Belgraniano, Movimientos sociales y Cultura y Centenario-. <em><strong>Las caminatas se ofrecen los mi\u00e9rcoles en los turnos ma\u00f1ana y tarde (horario a convenir), y la propuesta prev\u00e9 la participaci\u00f3n de un curso por circuito (por turno podr\u00edan participar cuatro cursos).<\/strong><\/em><\/p>\n<\/div>\n<\/div><\/div><\/div><\/div><div id=\"pg-387-1\"  class=\"panel-grid panel-no-style\" ><div id=\"pgc-387-1-0\"  class=\"panel-grid-cell\" ><div id=\"panel-387-1-0-0\" class=\"so-panel widget widget_sow-editor panel-first-child panel-last-child\" data-index=\"1\" ><div class=\"panel-widget-style panel-widget-style-for-387-1-0-0\" ><div\n\t\t\t\n\t\t\tclass=\"so-widget-sow-editor so-widget-sow-editor-base\"\n\t\t\t\n\t\t>\n<div class=\"siteorigin-widget-tinymce textwidget\">\n\t<div id=\"fb-root\">&nbsp;<\/div>\n<p><script>(function(d, s, id) {\n  var js, fjs = d.getElementsByTagName(s)[0];\n  if (d.getElementById(id)) return;\n  js = d.createElement(s); js.id = id;\n  js.src = \"\/\/connect.facebook.net\/es_LA\/sdk.js#xfbml=1&version=v2.7\";\n  fjs.parentNode.insertBefore(js, fjs);\n}(document, 'script', 'facebook-jssdk'));<\/script><\/p>\n<div class=\"fb-page\" data-href=\"https:\/\/www.facebook.com\/Caminatas-Hist\u00f3ricas-del-Bicentenario-1412926922067713\/\" data-tabs=\"timeline\" data-width=\"530\" data-height=\"500\" data-small-header=\"false\" data-adapt-container-width=\"true\" data-hide-cover=\"false\" data-show-facepile=\"true\">\n<blockquote class=\"fb-xfbml-parse-ignore\" cite=\"https:\/\/www.facebook.com\/filount\/\"><p><a href=\"https:\/\/www.facebook.com\/Caminatas-Hist\u00f3ricas-del-Bicentenario-1412926922067713\/\">Caminatas Hist\u00f3ricas<\/a><\/p><\/blockquote>\n<\/div>\n<\/div>\n<\/div><\/div><\/div><\/div><div id=\"pgc-387-1-1\"  class=\"panel-grid-cell\" ><div id=\"panel-387-1-1-0\" class=\"so-panel widget widget_sow-editor panel-first-child\" data-index=\"2\" ><div class=\"panel-widget-style panel-widget-style-for-387-1-1-0\" ><div\n\t\t\t\n\t\t\tclass=\"so-widget-sow-editor so-widget-sow-editor-base\"\n\t\t\t\n\t\t>\n<div class=\"siteorigin-widget-tinymce textwidget\">\n\t<p style=\"text-align: center;\"><span style=\"font-family: 'arial black', sans-serif; font-size: 16pt; line-height: 1.625;\">ESCRIB\u00cdNOS\u00a0 A:<\/span><\/p>\n<p style=\"text-align: center;\"><span style=\"font-size: 16pt;\"><a href=\"mailto:CAMINATAS.HISTORICAS@FILO.UNT.EDU.AR\"><span style=\"font-family: 'arial black', sans-serif; line-height: 1.625;\">CAMINATAS.HISTORICAS@FILO.UNT.EDU.AR<\/span><\/a><\/span><\/p>\n<\/div>\n<\/div><\/div><\/div><div id=\"panel-387-1-1-1\" class=\"so-panel widget widget_sow-editor panel-last-child\" data-index=\"3\" ><div class=\"panel-widget-style panel-widget-style-for-387-1-1-1\" ><div\n\t\t\t\n\t\t\tclass=\"so-widget-sow-editor so-widget-sow-editor-base\"\n\t\t\t\n\t\t>\n<div class=\"siteorigin-widget-tinymce textwidget\">\n\t<p>[contact-form-7 id=\"76\" title=\"Contacto Caminatas Hist\u00f3ricas\"]<\/p>\n<\/div>\n<\/div><\/div><\/div><\/div><\/div><\/div>","protected":false},"excerpt":{"rendered":"<p>Este proyecto es la continuaci\u00f3n de la propuesta de \u201cCaminatas hist\u00f3ricas del Bicentenario\u201d que se ofreci\u00f3 en el a\u00f1o 2016 y tiene por objetivo que los estudiantes de las escuelas tucumanas caminen la ciudad y conozcan algunos fragmentos de su historia, bajo la gu\u00eda de estudiantes avanzados de las carreras de Historia, Artes, Ciencias de [&hellip;]<\/p>\n","protected":false},"author":1,"featured_media":0,"parent":0,"menu_order":0,"comment_status":"closed","ping_status":"closed","template":"templates\/template-full.php","meta":{"footnotes":""},"class_list":["post-387","page","type-page","status-publish","hentry","post"],"_links":{"self":[{"href":"https:\/\/filo.unt.edu.ar\/caminatas-historicas\/wp-json\/wp\/v2\/pages\/387","targetHints":{"allow":["GET"]}}],"collection":[{"href":"https:\/\/filo.unt.edu.ar\/caminatas-historicas\/wp-json\/wp\/v2\/pages"}],"about":[{"href":"https:\/\/filo.unt.edu.ar\/caminatas-historicas\/wp-json\/wp\/v2\/types\/page"}],"author":[{"embeddable":true,"href":"https:\/\/filo.unt.edu.ar\/caminatas-historicas\/wp-json\/wp\/v2\/users\/1"}],"replies":[{"embeddable":true,"href":"https:\/\/filo.unt.edu.ar\/caminatas-historicas\/wp-json\/wp\/v2\/comments?post=387"}],"version-history":[{"count":17,"href":"https:\/\/filo.unt.edu.ar\/caminatas-historicas\/wp-json\/wp\/v2\/pages\/387\/revisions"}],"predecessor-version":[{"id":907,"href":"https:\/\/filo.unt.edu.ar\/caminatas-historicas\/wp-json\/wp\/v2\/pages\/387\/revisions\/907"}],"wp:attachment":[{"href":"https:\/\/filo.unt.edu.ar\/caminatas-historicas\/wp-json\/wp\/v2\/media?parent=387"}],"curies":[{"name":"wp","href":"https:\/\/api.w.org\/{rel}","templated":true}]}}