{"id":207,"date":"2017-04-18T20:40:55","date_gmt":"2017-04-18T23:40:55","guid":{"rendered":"http:\/\/filo.unt.edu.ar\/caminatas-historicas\/?page_id=207"},"modified":"2019-08-22T10:29:01","modified_gmt":"2019-08-22T13:29:01","slug":"circuito-belgraniano","status":"publish","type":"page","link":"https:\/\/filo.unt.edu.ar\/caminatas-historicas\/circuito-belgraniano\/","title":{"rendered":"Circuito Belgraniano"},"content":{"rendered":"<div id=\"pl-207\"  class=\"panel-layout\" ><div id=\"pg-207-0\"  class=\"panel-grid panel-has-style\" ><div class=\"siteorigin-panels-stretch panel-row-style-full-width panel-row-style panel-row-style-for-207-0\" data-stretch-type=\"full-stretched\" ><div id=\"pgc-207-0-0\"  class=\"panel-grid-cell panel-grid-cell-empty\" ><\/div><div id=\"pgc-207-0-1\"  class=\"panel-grid-cell\" ><div id=\"panel-207-0-1-0\" class=\"so-panel widget widget_sow-editor panel-first-child panel-last-child\" data-index=\"0\" ><div class=\"panel-widget-style panel-widget-style-for-207-0-1-0\" ><div\n\t\t\t\n\t\t\tclass=\"so-widget-sow-editor so-widget-sow-editor-base\"\n\t\t\t\n\t\t>\n<div class=\"siteorigin-widget-tinymce textwidget\">\n\t<p style=\"text-align: left;\"><span style=\"font-size: 36pt; font-family: 'arial black', sans-serif; line-height: 1.625;\"><em>CIRCUITO BELGRANIANO.<\/em><\/span><\/p>\n<p style=\"text-align: left;\"><span style=\"font-size: 16pt; font-family: 'arial black', sans-serif; line-height: 1.625;\"><em>Gira en torno al rol fundamental que tuvo esta figura hist\u00f3rica en los procesos revolucionarios latinoamericanos, la importancia de la Batalla de Tucum\u00e1n. Tambi\u00e9n aborda la transformaci\u00f3n urbana y de la vida cotidiana de la poblaci\u00f3n de principios del Siglo XX. El recorrido culmina con la historia de la Universidad Nacional de Tucum\u00e1n.<\/em><\/span><\/p>\n<\/div>\n<\/div><\/div><\/div><\/div><div id=\"pgc-207-0-2\"  class=\"panel-grid-cell panel-grid-cell-mobile-last\" ><div id=\"panel-207-0-2-0\" class=\"so-panel widget widget_sow-editor panel-first-child panel-last-child\" data-index=\"1\" ><div class=\"panel-widget-style panel-widget-style-for-207-0-2-0\" ><div\n\t\t\t\n\t\t\tclass=\"so-widget-sow-editor so-widget-sow-editor-base\"\n\t\t\t\n\t\t>\n<div class=\"siteorigin-widget-tinymce textwidget\">\n\t<h4 style=\"text-align: left;\"><span style=\"font-family: 'arial black', sans-serif;\"><a href=\"http:\/\/www.tucumanturismo.gob.ar\/ciudad-historica\/15371\/casa-belgraniana\" target=\"_blank\" rel=\"noopener\">Casa Belgraniana<\/a><\/span><\/h4>\n<h4 style=\"text-align: left;\"><span style=\"font-family: 'arial black', sans-serif;\"><a href=\"http:\/\/enteculturaltucuman.gob.ar\/plaza-belgrano\/\" target=\"_blank\" rel=\"noopener\">Plaza Belgrano - Placas de Malvinas<\/a><\/span><\/h4>\n<h4 style=\"text-align: left;\"><span style=\"font-family: 'arial black', sans-serif;\"><a href=\"https:\/\/www.facebook.com\/Escuela-de-la-Patria-Dr-Manuel-Belgrano-239579529748835\/\" target=\"_blank\" rel=\"noopener\">Escuela de la Patria<\/a><\/span><\/h4>\n<h4 style=\"text-align: left;\"><span style=\"font-family: 'arial black', sans-serif;\"><a href=\"http:\/\/www.lagaceta.com.ar\/nota\/451081\/sociedad\/hospital-mujeres.html\" target=\"_blank\" rel=\"noopener\">Hospital de mujeres<\/a><\/span><\/h4>\n<h4 style=\"text-align: left;\"><span style=\"font-family: 'arial black', sans-serif;\"><a href=\"https:\/\/www.facebook.com\/PlazaSanMartinSMT\/\" target=\"_blank\" rel=\"noopener\">Plaza San Mart\u00edn<\/a><\/span><\/h4>\n<h4 style=\"text-align: left;\"><span style=\"font-family: 'arial black', sans-serif;\">Hospital de Ni\u00f1os<\/span><\/h4>\n<h4 style=\"text-align: left;\"><span style=\"font-family: 'arial black', sans-serif;\"><a href=\"http:\/\/www.artes.unt.edu.ar\/\" target=\"_blank\" rel=\"noopener\">Facultad de Artes<\/a><\/span><\/h4>\n<h4 style=\"text-align: left;\"><span style=\"font-family: 'arial black', sans-serif;\"><a href=\"http:\/\/www.unt.edu.ar\/\" target=\"_blank\" rel=\"noopener\">Rectorado de la UNT<\/a><\/span><\/h4>\n<\/div>\n<\/div><\/div><\/div><\/div><div id=\"pgc-207-0-3\"  class=\"panel-grid-cell panel-grid-cell-empty\" ><\/div><\/div><\/div><div id=\"pg-207-1\"  class=\"panel-grid panel-has-style\" ><div class=\"panel-row-style panel-row-style-for-207-1\" ><div id=\"pgc-207-1-0\"  class=\"panel-grid-cell\" ><div id=\"panel-207-1-0-0\" class=\"so-panel widget widget_sow-editor panel-first-child panel-last-child\" data-index=\"2\" ><div class=\"panel-widget-style panel-widget-style-for-207-1-0-0\" ><div\n\t\t\t\n\t\t\tclass=\"so-widget-sow-editor so-widget-sow-editor-base\"\n\t\t\t\n\t\t>\n<div class=\"siteorigin-widget-tinymce textwidget\">\n\t<h2 style=\"text-align: center;\"><\/h2>\n<h3 style=\"text-align: center;\"><span style=\"font-family: 'arial black', sans-serif;\">Punto de encuentro: Casa Belgraniana (calle Bernab\u00e9 Ar\u00e1oz 681)<\/span><\/h3>\n<h3 style=\"text-align: center;\"><span style=\"font-family: 'arial black', sans-serif;\">Recorrido: 9 cuadras<\/span><\/h3>\n<h3 style=\"text-align: center;\"><span style=\"font-family: 'arial black', sans-serif;\">Duraci\u00f3n aproximada: 1.30 Hs<\/span><\/h3>\n<\/div>\n<\/div><\/div><\/div><\/div><\/div><\/div><div id=\"pg-207-2\"  class=\"panel-grid panel-no-style\" ><div id=\"pgc-207-2-0\"  class=\"panel-grid-cell\" ><div id=\"panel-207-2-0-0\" class=\"so-panel widget widget_sow-editor panel-first-child panel-last-child\" data-index=\"3\" ><div class=\"panel-widget-style panel-widget-style-for-207-2-0-0\" ><div\n\t\t\t\n\t\t\tclass=\"so-widget-sow-editor so-widget-sow-editor-base\"\n\t\t\t\n\t\t>\n<div class=\"siteorigin-widget-tinymce textwidget\">\n\t<p><a href=\"http:\/\/filo.unt.edu.ar\/caminatas-historicas\/wp-content\/uploads\/sites\/79\/2018\/06\/boton_suspenden_lluvia.jpg\"><img loading=\"lazy\" decoding=\"async\" class=\"aligncenter size-large wp-image-684\" src=\"http:\/\/filo.unt.edu.ar\/caminatas-historicas\/wp-content\/uploads\/sites\/79\/2018\/06\/boton_suspenden_lluvia-1024x346.jpg\" alt=\"\" width=\"720\" height=\"243\" srcset=\"https:\/\/filo.unt.edu.ar\/caminatas-historicas\/wp-content\/uploads\/sites\/79\/2018\/06\/boton_suspenden_lluvia-1024x346.jpg 1024w, https:\/\/filo.unt.edu.ar\/caminatas-historicas\/wp-content\/uploads\/sites\/79\/2018\/06\/boton_suspenden_lluvia-300x101.jpg 300w, https:\/\/filo.unt.edu.ar\/caminatas-historicas\/wp-content\/uploads\/sites\/79\/2018\/06\/boton_suspenden_lluvia-768x259.jpg 768w, https:\/\/filo.unt.edu.ar\/caminatas-historicas\/wp-content\/uploads\/sites\/79\/2018\/06\/boton_suspenden_lluvia-600x203.jpg 600w, https:\/\/filo.unt.edu.ar\/caminatas-historicas\/wp-content\/uploads\/sites\/79\/2018\/06\/boton_suspenden_lluvia.jpg 1282w\" sizes=\"auto, (max-width: 720px) 100vw, 720px\" \/><\/a><\/p>\n<\/div>\n<\/div><\/div><\/div><\/div><\/div><div id=\"pg-207-3\"  class=\"panel-grid panel-has-style\" ><div class=\"siteorigin-panels-stretch panel-row-style-full-width panel-row-style panel-row-style-for-207-3\" data-stretch-type=\"full-stretched\" ><div id=\"pgc-207-3-0\"  class=\"panel-grid-cell\" ><div id=\"panel-207-3-0-0\" class=\"so-panel widget widget_sow-editor panel-first-child panel-last-child\" data-index=\"4\" ><div class=\"panel-widget-style panel-widget-style-for-207-3-0-0\" ><div\n\t\t\t\n\t\t\tclass=\"so-widget-sow-editor so-widget-sow-editor-base\"\n\t\t\t\n\t\t>\n<div class=\"siteorigin-widget-tinymce textwidget\">\n\t<div id=\"metaslider-id-20\" style=\"width: 100%; margin: 0 auto;\" class=\"ml-slider-3-103-0 metaslider metaslider-flex metaslider-20 ml-slider has-carousel-mode ms-theme-default nav-hidden\" role=\"region\" aria-label=\"Meta Slider HomePage\" data-height=\"450\" data-width=\"600\">\n    <div id=\"metaslider_container_20\">\n        <div id=\"metaslider_20\">\n            <ul class='slides'>\n                <li style=\"display: none; width: 100%;\" class=\"slide-35 ms-image \" aria-roledescription=\"slide\" data-date=\"2017-04-16 21:19:47\" data-slide-type=\"image\"><img loading=\"lazy\" decoding=\"async\" src=\"https:\/\/filo.unt.edu.ar\/caminatas-historicas\/wp-content\/uploads\/sites\/79\/2017\/04\/ARTES.jpg\" height=\"450\" width=\"600\" alt=\"\" class=\"slider-20 slide-35 msDefaultImage\" \/><\/li>\n                <li style=\"display: none; width: 100%;\" class=\"slide-36 ms-image \" aria-roledescription=\"slide\" data-date=\"2017-04-16 21:19:47\" data-slide-type=\"image\"><img loading=\"lazy\" decoding=\"async\" src=\"https:\/\/filo.unt.edu.ar\/caminatas-historicas\/wp-content\/uploads\/sites\/79\/2017\/04\/ATEP.jpg\" height=\"450\" width=\"600\" alt=\"\" class=\"slider-20 slide-36 msDefaultImage\" \/><\/li>\n                <li style=\"display: none; width: 100%;\" class=\"slide-37 ms-image \" aria-roledescription=\"slide\" data-date=\"2017-04-16 21:19:47\" data-slide-type=\"image\"><img loading=\"lazy\" decoding=\"async\" src=\"https:\/\/filo.unt.edu.ar\/caminatas-historicas\/wp-content\/uploads\/sites\/79\/2017\/04\/AVELLANEDA.png\" height=\"450\" width=\"600\" alt=\"\" class=\"slider-20 slide-37 msDefaultImage\" \/><\/li>\n                <li style=\"display: none; width: 100%;\" class=\"slide-38 ms-image \" aria-roledescription=\"slide\" data-date=\"2017-04-16 21:19:47\" data-slide-type=\"image\"><img loading=\"lazy\" decoding=\"async\" src=\"https:\/\/filo.unt.edu.ar\/caminatas-historicas\/wp-content\/uploads\/sites\/79\/2017\/04\/casa-de-gobierno2.jpg\" height=\"450\" width=\"600\" alt=\"\" class=\"slider-20 slide-38 msDefaultImage\" \/><\/li>\n                <li style=\"display: none; width: 100%;\" class=\"slide-39 ms-image \" aria-roledescription=\"slide\" data-date=\"2017-04-16 21:19:47\" data-slide-type=\"image\"><img loading=\"lazy\" decoding=\"async\" src=\"https:\/\/filo.unt.edu.ar\/caminatas-historicas\/wp-content\/uploads\/sites\/79\/2017\/04\/Casa-Belgraniana..jpg\" height=\"450\" width=\"600\" alt=\"\" class=\"slider-20 slide-39 msDefaultImage\" \/><\/li>\n                <li style=\"display: none; width: 100%;\" class=\"slide-40 ms-image \" aria-roledescription=\"slide\" data-date=\"2017-04-16 21:19:47\" data-slide-type=\"image\"><img loading=\"lazy\" decoding=\"async\" src=\"https:\/\/filo.unt.edu.ar\/caminatas-historicas\/wp-content\/uploads\/sites\/79\/2017\/04\/catedral.jpg\" height=\"450\" width=\"600\" alt=\"\" class=\"slider-20 slide-40 msDefaultImage\" \/><\/li>\n                <li style=\"display: none; width: 100%;\" class=\"slide-41 ms-image \" aria-roledescription=\"slide\" data-date=\"2017-04-16 21:19:47\" data-slide-type=\"image\"><img loading=\"lazy\" decoding=\"async\" src=\"https:\/\/filo.unt.edu.ar\/caminatas-historicas\/wp-content\/uploads\/sites\/79\/2017\/04\/colegio-nacional-1.jpg\" height=\"450\" width=\"600\" alt=\"\" class=\"slider-20 slide-41 msDefaultImage\" \/><\/li>\n                <li style=\"display: none; width: 100%;\" class=\"slide-42 ms-image \" aria-roledescription=\"slide\" data-date=\"2017-04-16 21:19:47\" data-slide-type=\"image\"><img loading=\"lazy\" decoding=\"async\" src=\"https:\/\/filo.unt.edu.ar\/caminatas-historicas\/wp-content\/uploads\/sites\/79\/2017\/04\/ELCARDON.png\" height=\"450\" width=\"600\" alt=\"\" class=\"slider-20 slide-42 msDefaultImage\" \/><\/li>\n                <li style=\"display: none; width: 100%;\" class=\"slide-43 ms-image \" aria-roledescription=\"slide\" data-date=\"2017-04-16 21:19:47\" data-slide-type=\"image\"><img loading=\"lazy\" decoding=\"async\" src=\"https:\/\/filo.unt.edu.ar\/caminatas-historicas\/wp-content\/uploads\/sites\/79\/2017\/04\/FET.jpg\" height=\"450\" width=\"600\" alt=\"\" class=\"slider-20 slide-43 msDefaultImage\" \/><\/li>\n                <li style=\"display: none; width: 100%;\" class=\"slide-44 ms-image \" aria-roledescription=\"slide\" data-date=\"2017-04-16 21:19:47\" data-slide-type=\"image\"><img loading=\"lazy\" decoding=\"async\" src=\"https:\/\/filo.unt.edu.ar\/caminatas-historicas\/wp-content\/uploads\/sites\/79\/2017\/04\/frente-rectorado.jpg\" height=\"450\" width=\"600\" alt=\"\" class=\"slider-20 slide-44 msDefaultImage\" \/><\/li>\n                <li style=\"display: none; width: 100%;\" class=\"slide-45 ms-image \" aria-roledescription=\"slide\" data-date=\"2017-04-16 21:19:47\" data-slide-type=\"image\"><img loading=\"lazy\" decoding=\"async\" src=\"https:\/\/filo.unt.edu.ar\/caminatas-historicas\/wp-content\/uploads\/sites\/79\/2017\/04\/LIBERTAD.jpg\" height=\"450\" width=\"600\" alt=\"\" class=\"slider-20 slide-45 msDefaultImage\" \/><\/li>\n                <li style=\"display: none; width: 100%;\" class=\"slide-46 ms-image \" aria-roledescription=\"slide\" data-date=\"2017-04-16 21:19:47\" data-slide-type=\"image\"><img loading=\"lazy\" decoding=\"async\" src=\"https:\/\/filo.unt.edu.ar\/caminatas-historicas\/wp-content\/uploads\/sites\/79\/2017\/04\/merced.jpg\" height=\"450\" width=\"600\" alt=\"\" class=\"slider-20 slide-46 msDefaultImage\" \/><\/li>\n                <li style=\"display: none; width: 100%;\" class=\"slide-47 ms-image \" aria-roledescription=\"slide\" data-date=\"2017-04-16 21:19:47\" data-slide-type=\"image\"><img loading=\"lazy\" decoding=\"async\" src=\"https:\/\/filo.unt.edu.ar\/caminatas-historicas\/wp-content\/uploads\/sites\/79\/2017\/04\/Plaza_Irigoyen_San_Miguel_de_Tucum\u00edn.jpg\" height=\"450\" width=\"600\" alt=\"\" class=\"slider-20 slide-47 msDefaultImage\" \/><\/li>\n                <li style=\"display: none; width: 100%;\" class=\"slide-48 ms-image \" aria-roledescription=\"slide\" data-date=\"2017-04-16 21:19:47\" data-slide-type=\"image\"><img loading=\"lazy\" decoding=\"async\" src=\"https:\/\/filo.unt.edu.ar\/caminatas-historicas\/wp-content\/uploads\/sites\/79\/2017\/04\/San_Francisco.jpg\" height=\"450\" width=\"600\" alt=\"\" class=\"slider-20 slide-48 msDefaultImage\" \/><\/li>\n                <li style=\"display: none; width: 100%;\" class=\"slide-49 ms-image \" aria-roledescription=\"slide\" data-date=\"2017-04-16 21:19:47\" data-slide-type=\"image\"><img loading=\"lazy\" decoding=\"async\" src=\"https:\/\/filo.unt.edu.ar\/caminatas-historicas\/wp-content\/uploads\/sites\/79\/2017\/04\/colegio-nacional.jpg\" height=\"450\" width=\"600\" alt=\"\" class=\"slider-20 slide-49 msDefaultImage\" \/><\/li>\n                <li style=\"display: none; width: 100%;\" class=\"slide-50 ms-image \" aria-roledescription=\"slide\" data-date=\"2017-04-16 21:19:47\" data-slide-type=\"image\"><img loading=\"lazy\" decoding=\"async\" src=\"https:\/\/filo.unt.edu.ar\/caminatas-historicas\/wp-content\/uploads\/sites\/79\/2017\/04\/FOTIA.jpg\" height=\"450\" width=\"600\" alt=\"\" class=\"slider-20 slide-50 msDefaultImage\" \/><\/li>\n                <li style=\"display: none; width: 100%;\" class=\"slide-51 ms-image \" aria-roledescription=\"slide\" data-date=\"2017-04-16 21:19:48\" data-slide-type=\"image\"><img loading=\"lazy\" decoding=\"async\" src=\"https:\/\/filo.unt.edu.ar\/caminatas-historicas\/wp-content\/uploads\/sites\/79\/2017\/04\/plaza-belgrano.jpg\" height=\"450\" width=\"600\" alt=\"\" class=\"slider-20 slide-51 msDefaultImage\" \/><\/li>\n                <li style=\"display: none; width: 100%;\" class=\"slide-52 ms-image \" aria-roledescription=\"slide\" data-date=\"2017-04-16 21:19:48\" data-slide-type=\"image\"><img loading=\"lazy\" decoding=\"async\" src=\"https:\/\/filo.unt.edu.ar\/caminatas-historicas\/wp-content\/uploads\/sites\/79\/2017\/04\/CasaHistoricaTucuman-GR.jpg\" height=\"450\" width=\"600\" alt=\"\" class=\"slider-20 slide-52 msDefaultImage\" \/><\/li>\n                <li style=\"display: none; width: 100%;\" class=\"slide-53 ms-image \" aria-roledescription=\"slide\" data-date=\"2017-04-16 21:19:48\" data-slide-type=\"image\"><img loading=\"lazy\" decoding=\"async\" src=\"https:\/\/filo.unt.edu.ar\/caminatas-historicas\/wp-content\/uploads\/sites\/79\/2017\/04\/piernas2.jpg\" height=\"450\" width=\"600\" alt=\"\" class=\"slider-20 slide-53 msDefaultImage\" \/><\/li>\n            <\/ul>\n        <\/div>\n        \n    <\/div>\n<\/div>\n<\/div>\n<\/div><\/div><\/div><\/div><\/div><\/div><div id=\"pg-207-4\"  class=\"panel-grid panel-has-style\" ><div class=\"siteorigin-panels-stretch panel-row-style-full-width panel-row-style panel-row-style-for-207-4\" data-stretch-type=\"full-stretched\" ><div id=\"pgc-207-4-0\"  class=\"panel-grid-cell\" ><div id=\"panel-207-4-0-0\" class=\"so-panel widget widget_sow-editor panel-first-child panel-last-child\" data-index=\"5\" ><div\n\t\t\t\n\t\t\tclass=\"so-widget-sow-editor so-widget-sow-editor-base\"\n\t\t\t\n\t\t>\n<div class=\"siteorigin-widget-tinymce textwidget\">\n\t<p><iframe loading=\"lazy\" src=\"https:\/\/www.google.com\/maps\/d\/u\/0\/embed?mid=1Yeo8FW8yVjS4_qcbFBHquUEl98SGMFoY\" width=\"100%\" height=\"480\"><\/iframe><\/p>\n<\/div>\n<\/div><\/div><\/div><\/div><\/div><\/div>","protected":false},"excerpt":{"rendered":"<p>CIRCUITO BELGRANIANO.Gira en torno al rol fundamental que tuvo esta figura hist\u00f3rica en los procesos revolucionarios latinoamericanos, la importancia de la Batalla de Tucum\u00e1n. Tambi\u00e9n aborda la transformaci\u00f3n urbana y de la vida cotidiana de la poblaci\u00f3n de principios del Siglo XX. El recorrido culmina con la historia de la Universidad Nacional de Tucum\u00e1n. Casa [&hellip;]<\/p>\n","protected":false},"author":1,"featured_media":657,"parent":0,"menu_order":0,"comment_status":"closed","ping_status":"closed","template":"templates\/template-full-notitle.php","meta":{"footnotes":""},"class_list":["post-207","page","type-page","status-publish","has-post-thumbnail","hentry","post","post-with-thumbnail","post-with-thumbnail-large"],"_links":{"self":[{"href":"https:\/\/filo.unt.edu.ar\/caminatas-historicas\/wp-json\/wp\/v2\/pages\/207","targetHints":{"allow":["GET"]}}],"collection":[{"href":"https:\/\/filo.unt.edu.ar\/caminatas-historicas\/wp-json\/wp\/v2\/pages"}],"about":[{"href":"https:\/\/filo.unt.edu.ar\/caminatas-historicas\/wp-json\/wp\/v2\/types\/page"}],"author":[{"embeddable":true,"href":"https:\/\/filo.unt.edu.ar\/caminatas-historicas\/wp-json\/wp\/v2\/users\/1"}],"replies":[{"embeddable":true,"href":"https:\/\/filo.unt.edu.ar\/caminatas-historicas\/wp-json\/wp\/v2\/comments?post=207"}],"version-history":[{"count":45,"href":"https:\/\/filo.unt.edu.ar\/caminatas-historicas\/wp-json\/wp\/v2\/pages\/207\/revisions"}],"predecessor-version":[{"id":932,"href":"https:\/\/filo.unt.edu.ar\/caminatas-historicas\/wp-json\/wp\/v2\/pages\/207\/revisions\/932"}],"wp:featuredmedia":[{"embeddable":true,"href":"https:\/\/filo.unt.edu.ar\/caminatas-historicas\/wp-json\/wp\/v2\/media\/657"}],"wp:attachment":[{"href":"https:\/\/filo.unt.edu.ar\/caminatas-historicas\/wp-json\/wp\/v2\/media?parent=207"}],"curies":[{"name":"wp","href":"https:\/\/api.w.org\/{rel}","templated":true}]}}