{"id":103,"date":"2017-04-17T22:14:25","date_gmt":"2017-04-18T01:14:25","guid":{"rendered":"http:\/\/filo.unt.edu.ar\/caminatas-historicas2\/?page_id=103"},"modified":"2019-08-22T10:49:33","modified_gmt":"2019-08-22T13:49:33","slug":"movimientos-sociales","status":"publish","type":"page","link":"https:\/\/filo.unt.edu.ar\/caminatas-historicas\/movimientos-sociales\/","title":{"rendered":"Circuito Movimientos Sociales"},"content":{"rendered":"<div id=\"pl-103\"  class=\"panel-layout\" ><div id=\"pg-103-0\"  class=\"panel-grid panel-has-style\" ><div class=\"siteorigin-panels-stretch panel-row-style-full-width panel-row-style panel-row-style-for-103-0\" data-stretch-type=\"full-stretched\" ><div id=\"pgc-103-0-0\"  class=\"panel-grid-cell panel-grid-cell-empty\" ><\/div><div id=\"pgc-103-0-1\"  class=\"panel-grid-cell\" ><div id=\"panel-103-0-1-0\" class=\"so-panel widget widget_black-studio-tinymce widget_black_studio_tinymce panel-first-child panel-last-child\" data-index=\"0\" ><div class=\"textwidget\"><p style=\"text-align: left;\"><span style=\"font-size: 36pt; font-family: 'arial black', sans-serif; line-height: 1.625;\"><em>CIRCUITO MOVIMIENTOS SOCIALES.<\/em><\/span><\/p>\n<p style=\"text-align: left;\"><span style=\"font-size: 16pt; font-family: 'arial black', sans-serif; line-height: 1.625;\"><em>La historia pensada desde los m\u00faltiples actores sociales que la construyen, este circuito analiza los movimientos sociales y las organizaciones que, a lo largo del siglo XX, impulsaron la lucha por los derechos de los trabajadores.<\/em><\/span><\/p>\n<\/div><\/div><\/div><div id=\"pgc-103-0-2\"  class=\"panel-grid-cell panel-grid-cell-mobile-last\" ><div id=\"panel-103-0-2-0\" class=\"so-panel widget widget_sow-editor panel-first-child panel-last-child\" data-index=\"1\" ><div\n\t\t\t\n\t\t\tclass=\"so-widget-sow-editor so-widget-sow-editor-base\"\n\t\t\t\n\t\t>\n<div class=\"siteorigin-widget-tinymce textwidget\">\n\t<h4 style=\"text-align: left;\"><span style=\"font-family: 'arial black', sans-serif;\">Federaci\u00f3n Obrera Tucumana de la Industria Azucarera (FOTIA)<\/span><\/h4>\n<h4 style=\"text-align: left;\"><span style=\"font-family: 'arial black', sans-serif;\">Gremio La Fraternidad (Sindicato de Maquinistas y Foguistas de FFCC - Sede Belgrano-Tucum\u00e1n)<\/span><\/h4>\n<h4 style=\"text-align: left;\"><span style=\"font-family: 'arial black', sans-serif;\">Sociedad de Empleados y Obreros de Comercio (SEOC)<\/span><\/h4>\n<h4 style=\"text-align: left;\"><span style=\"font-family: 'arial black', sans-serif;\">Agremiaci\u00f3n Tucumana de Educadores Provinciales (ATEP)<\/span><\/h4>\n<h4 style=\"text-align: left;\"><span style=\"font-family: 'arial black', sans-serif;\"><a href=\"https:\/\/www.facebook.com\/UCIT-Uni%C3%B3n-ca%C3%B1eros-independiente-de-Tucuman-980131068701299\/\" target=\"_blank\" rel=\"noopener\">Uni\u00f3n de Ca\u00f1eros Independientes de Tucum\u00e1n (UCIT)<\/a><\/span><\/h4>\n<h4 style=\"text-align: left;\"><span style=\"font-family: 'arial black', sans-serif;\">Sede Partido Justicialista<\/span><\/h4>\n<h4 style=\"text-align: left;\"><span style=\"font-family: 'arial black', sans-serif;\"><a href=\"http:\/\/www.tucumanturismo.gob.ar\/ciudad-historica\/198\/plaza-independencia\" target=\"_blank\" rel=\"noopener\">Plaza Independencia<\/a><\/span><\/h4>\n<\/div>\n<\/div><\/div><\/div><div id=\"pgc-103-0-3\"  class=\"panel-grid-cell panel-grid-cell-empty\" ><\/div><\/div><\/div><div id=\"pg-103-1\"  class=\"panel-grid panel-no-style\" ><div id=\"pgc-103-1-0\"  class=\"panel-grid-cell\" ><div id=\"panel-103-1-0-0\" class=\"so-panel widget widget_sow-editor panel-first-child panel-last-child\" data-index=\"2\" ><div class=\"panel-widget-style panel-widget-style-for-103-1-0-0\" ><div\n\t\t\t\n\t\t\tclass=\"so-widget-sow-editor so-widget-sow-editor-base\"\n\t\t\t\n\t\t>\n<div class=\"siteorigin-widget-tinymce textwidget\">\n\t<h3 style=\"text-align: center;\"><span style=\"font-family: 'arial black', sans-serif;\">Punto de encuentro: FOTIA (calle General Paz y Congreso)<\/span><\/h3>\n<h3 style=\"text-align: center;\"><span style=\"font-family: 'arial black', sans-serif;\">Recorrido: 9 cuadras<\/span><\/h3>\n<h3 style=\"text-align: center;\"><span style=\"font-family: 'arial black', sans-serif;\">Duraci\u00f3n aproximada: 1.30 Hs<\/span><\/h3>\n<\/div>\n<\/div><\/div><\/div><\/div><div id=\"pgc-103-1-1\"  class=\"panel-grid-cell\" ><div id=\"panel-103-1-1-0\" class=\"so-panel widget widget_sow-editor panel-first-child panel-last-child\" data-index=\"3\" ><div class=\"panel-widget-style panel-widget-style-for-103-1-1-0\" ><div\n\t\t\t\n\t\t\tclass=\"so-widget-sow-editor so-widget-sow-editor-base\"\n\t\t\t\n\t\t>\n<div class=\"siteorigin-widget-tinymce textwidget\">\n\t<p><a href=\"http:\/\/filo.unt.edu.ar\/caminatas-historicas\/wp-content\/uploads\/sites\/79\/2017\/04\/FOTIA.jpg\"><img loading=\"lazy\" decoding=\"async\" class=\"aligncenter size-large wp-image-17\" src=\"http:\/\/filo.unt.edu.ar\/caminatas-historicas\/wp-content\/uploads\/sites\/79\/2017\/04\/FOTIA-1024x765.jpg\" alt=\"\" width=\"720\" height=\"538\" srcset=\"https:\/\/filo.unt.edu.ar\/caminatas-historicas\/wp-content\/uploads\/sites\/79\/2017\/04\/FOTIA-1024x765.jpg 1024w, https:\/\/filo.unt.edu.ar\/caminatas-historicas\/wp-content\/uploads\/sites\/79\/2017\/04\/FOTIA-300x224.jpg 300w, https:\/\/filo.unt.edu.ar\/caminatas-historicas\/wp-content\/uploads\/sites\/79\/2017\/04\/FOTIA-768x574.jpg 768w, https:\/\/filo.unt.edu.ar\/caminatas-historicas\/wp-content\/uploads\/sites\/79\/2017\/04\/FOTIA-600x448.jpg 600w, https:\/\/filo.unt.edu.ar\/caminatas-historicas\/wp-content\/uploads\/sites\/79\/2017\/04\/FOTIA.jpg 1600w\" sizes=\"auto, (max-width: 720px) 100vw, 720px\" \/><\/a><\/p>\n<\/div>\n<\/div><\/div><\/div><\/div><\/div><div id=\"pg-103-2\"  class=\"panel-grid panel-has-style\" ><div class=\"siteorigin-panels-stretch panel-row-style-full-width panel-row-style panel-row-style-for-103-2\" data-stretch-type=\"full-stretched\" ><div id=\"pgc-103-2-0\"  class=\"panel-grid-cell\" ><div id=\"panel-103-2-0-0\" class=\"so-panel widget widget_sow-editor panel-first-child panel-last-child\" data-index=\"4\" ><div\n\t\t\t\n\t\t\tclass=\"so-widget-sow-editor so-widget-sow-editor-base\"\n\t\t\t\n\t\t>\n<div class=\"siteorigin-widget-tinymce textwidget\">\n\t<div id=\"metaslider-id-20\" style=\"width: 100%; margin: 0 auto;\" class=\"ml-slider-3-103-0 metaslider metaslider-flex metaslider-20 ml-slider has-carousel-mode ms-theme-default nav-hidden\" role=\"region\" aria-label=\"Meta Slider HomePage\" data-height=\"450\" data-width=\"600\">\n    <div id=\"metaslider_container_20\">\n        <div id=\"metaslider_20\">\n            <ul class='slides'>\n                <li style=\"display: none; width: 100%;\" class=\"slide-35 ms-image \" aria-roledescription=\"slide\" data-date=\"2017-04-16 21:19:47\" data-slide-type=\"image\"><img loading=\"lazy\" decoding=\"async\" src=\"https:\/\/filo.unt.edu.ar\/caminatas-historicas\/wp-content\/uploads\/sites\/79\/2017\/04\/ARTES.jpg\" height=\"450\" width=\"600\" alt=\"\" class=\"slider-20 slide-35 msDefaultImage\" \/><\/li>\n                <li style=\"display: none; width: 100%;\" class=\"slide-36 ms-image \" aria-roledescription=\"slide\" data-date=\"2017-04-16 21:19:47\" data-slide-type=\"image\"><img loading=\"lazy\" decoding=\"async\" src=\"https:\/\/filo.unt.edu.ar\/caminatas-historicas\/wp-content\/uploads\/sites\/79\/2017\/04\/ATEP.jpg\" height=\"450\" width=\"600\" alt=\"\" class=\"slider-20 slide-36 msDefaultImage\" \/><\/li>\n                <li style=\"display: none; width: 100%;\" class=\"slide-37 ms-image \" aria-roledescription=\"slide\" data-date=\"2017-04-16 21:19:47\" data-slide-type=\"image\"><img loading=\"lazy\" decoding=\"async\" src=\"https:\/\/filo.unt.edu.ar\/caminatas-historicas\/wp-content\/uploads\/sites\/79\/2017\/04\/AVELLANEDA.png\" height=\"450\" width=\"600\" alt=\"\" class=\"slider-20 slide-37 msDefaultImage\" \/><\/li>\n                <li style=\"display: none; width: 100%;\" class=\"slide-38 ms-image \" aria-roledescription=\"slide\" data-date=\"2017-04-16 21:19:47\" data-slide-type=\"image\"><img loading=\"lazy\" decoding=\"async\" src=\"https:\/\/filo.unt.edu.ar\/caminatas-historicas\/wp-content\/uploads\/sites\/79\/2017\/04\/casa-de-gobierno2.jpg\" height=\"450\" width=\"600\" alt=\"\" class=\"slider-20 slide-38 msDefaultImage\" \/><\/li>\n                <li style=\"display: none; width: 100%;\" class=\"slide-39 ms-image \" aria-roledescription=\"slide\" data-date=\"2017-04-16 21:19:47\" data-slide-type=\"image\"><img loading=\"lazy\" decoding=\"async\" src=\"https:\/\/filo.unt.edu.ar\/caminatas-historicas\/wp-content\/uploads\/sites\/79\/2017\/04\/Casa-Belgraniana..jpg\" height=\"450\" width=\"600\" alt=\"\" class=\"slider-20 slide-39 msDefaultImage\" \/><\/li>\n                <li style=\"display: none; width: 100%;\" class=\"slide-40 ms-image \" aria-roledescription=\"slide\" data-date=\"2017-04-16 21:19:47\" data-slide-type=\"image\"><img loading=\"lazy\" decoding=\"async\" src=\"https:\/\/filo.unt.edu.ar\/caminatas-historicas\/wp-content\/uploads\/sites\/79\/2017\/04\/catedral.jpg\" height=\"450\" width=\"600\" alt=\"\" class=\"slider-20 slide-40 msDefaultImage\" \/><\/li>\n                <li style=\"display: none; width: 100%;\" class=\"slide-41 ms-image \" aria-roledescription=\"slide\" data-date=\"2017-04-16 21:19:47\" data-slide-type=\"image\"><img loading=\"lazy\" decoding=\"async\" src=\"https:\/\/filo.unt.edu.ar\/caminatas-historicas\/wp-content\/uploads\/sites\/79\/2017\/04\/colegio-nacional-1.jpg\" height=\"450\" width=\"600\" alt=\"\" class=\"slider-20 slide-41 msDefaultImage\" \/><\/li>\n                <li style=\"display: none; width: 100%;\" class=\"slide-42 ms-image \" aria-roledescription=\"slide\" data-date=\"2017-04-16 21:19:47\" data-slide-type=\"image\"><img loading=\"lazy\" decoding=\"async\" src=\"https:\/\/filo.unt.edu.ar\/caminatas-historicas\/wp-content\/uploads\/sites\/79\/2017\/04\/ELCARDON.png\" height=\"450\" width=\"600\" alt=\"\" class=\"slider-20 slide-42 msDefaultImage\" \/><\/li>\n                <li style=\"display: none; width: 100%;\" class=\"slide-43 ms-image \" aria-roledescription=\"slide\" data-date=\"2017-04-16 21:19:47\" data-slide-type=\"image\"><img loading=\"lazy\" decoding=\"async\" src=\"https:\/\/filo.unt.edu.ar\/caminatas-historicas\/wp-content\/uploads\/sites\/79\/2017\/04\/FET.jpg\" height=\"450\" width=\"600\" alt=\"\" class=\"slider-20 slide-43 msDefaultImage\" \/><\/li>\n                <li style=\"display: none; width: 100%;\" class=\"slide-44 ms-image \" aria-roledescription=\"slide\" data-date=\"2017-04-16 21:19:47\" data-slide-type=\"image\"><img loading=\"lazy\" decoding=\"async\" src=\"https:\/\/filo.unt.edu.ar\/caminatas-historicas\/wp-content\/uploads\/sites\/79\/2017\/04\/frente-rectorado.jpg\" height=\"450\" width=\"600\" alt=\"\" class=\"slider-20 slide-44 msDefaultImage\" \/><\/li>\n                <li style=\"display: none; width: 100%;\" class=\"slide-45 ms-image \" aria-roledescription=\"slide\" data-date=\"2017-04-16 21:19:47\" data-slide-type=\"image\"><img loading=\"lazy\" decoding=\"async\" src=\"https:\/\/filo.unt.edu.ar\/caminatas-historicas\/wp-content\/uploads\/sites\/79\/2017\/04\/LIBERTAD.jpg\" height=\"450\" width=\"600\" alt=\"\" class=\"slider-20 slide-45 msDefaultImage\" \/><\/li>\n                <li style=\"display: none; width: 100%;\" class=\"slide-46 ms-image \" aria-roledescription=\"slide\" data-date=\"2017-04-16 21:19:47\" data-slide-type=\"image\"><img loading=\"lazy\" decoding=\"async\" src=\"https:\/\/filo.unt.edu.ar\/caminatas-historicas\/wp-content\/uploads\/sites\/79\/2017\/04\/merced.jpg\" height=\"450\" width=\"600\" alt=\"\" class=\"slider-20 slide-46 msDefaultImage\" \/><\/li>\n                <li style=\"display: none; width: 100%;\" class=\"slide-47 ms-image \" aria-roledescription=\"slide\" data-date=\"2017-04-16 21:19:47\" data-slide-type=\"image\"><img loading=\"lazy\" decoding=\"async\" src=\"https:\/\/filo.unt.edu.ar\/caminatas-historicas\/wp-content\/uploads\/sites\/79\/2017\/04\/Plaza_Irigoyen_San_Miguel_de_Tucum\u00edn.jpg\" height=\"450\" width=\"600\" alt=\"\" class=\"slider-20 slide-47 msDefaultImage\" \/><\/li>\n                <li style=\"display: none; width: 100%;\" class=\"slide-48 ms-image \" aria-roledescription=\"slide\" data-date=\"2017-04-16 21:19:47\" data-slide-type=\"image\"><img loading=\"lazy\" decoding=\"async\" src=\"https:\/\/filo.unt.edu.ar\/caminatas-historicas\/wp-content\/uploads\/sites\/79\/2017\/04\/San_Francisco.jpg\" height=\"450\" width=\"600\" alt=\"\" class=\"slider-20 slide-48 msDefaultImage\" \/><\/li>\n                <li style=\"display: none; width: 100%;\" class=\"slide-49 ms-image \" aria-roledescription=\"slide\" data-date=\"2017-04-16 21:19:47\" data-slide-type=\"image\"><img loading=\"lazy\" decoding=\"async\" src=\"https:\/\/filo.unt.edu.ar\/caminatas-historicas\/wp-content\/uploads\/sites\/79\/2017\/04\/colegio-nacional.jpg\" height=\"450\" width=\"600\" alt=\"\" class=\"slider-20 slide-49 msDefaultImage\" \/><\/li>\n                <li style=\"display: none; width: 100%;\" class=\"slide-50 ms-image \" aria-roledescription=\"slide\" data-date=\"2017-04-16 21:19:47\" data-slide-type=\"image\"><img loading=\"lazy\" decoding=\"async\" src=\"https:\/\/filo.unt.edu.ar\/caminatas-historicas\/wp-content\/uploads\/sites\/79\/2017\/04\/FOTIA.jpg\" height=\"450\" width=\"600\" alt=\"\" class=\"slider-20 slide-50 msDefaultImage\" \/><\/li>\n                <li style=\"display: none; width: 100%;\" class=\"slide-51 ms-image \" aria-roledescription=\"slide\" data-date=\"2017-04-16 21:19:48\" data-slide-type=\"image\"><img loading=\"lazy\" decoding=\"async\" src=\"https:\/\/filo.unt.edu.ar\/caminatas-historicas\/wp-content\/uploads\/sites\/79\/2017\/04\/plaza-belgrano.jpg\" height=\"450\" width=\"600\" alt=\"\" class=\"slider-20 slide-51 msDefaultImage\" \/><\/li>\n                <li style=\"display: none; width: 100%;\" class=\"slide-52 ms-image \" aria-roledescription=\"slide\" data-date=\"2017-04-16 21:19:48\" data-slide-type=\"image\"><img loading=\"lazy\" decoding=\"async\" src=\"https:\/\/filo.unt.edu.ar\/caminatas-historicas\/wp-content\/uploads\/sites\/79\/2017\/04\/CasaHistoricaTucuman-GR.jpg\" height=\"450\" width=\"600\" alt=\"\" class=\"slider-20 slide-52 msDefaultImage\" \/><\/li>\n                <li style=\"display: none; width: 100%;\" class=\"slide-53 ms-image \" aria-roledescription=\"slide\" data-date=\"2017-04-16 21:19:48\" data-slide-type=\"image\"><img loading=\"lazy\" decoding=\"async\" src=\"https:\/\/filo.unt.edu.ar\/caminatas-historicas\/wp-content\/uploads\/sites\/79\/2017\/04\/piernas2.jpg\" height=\"450\" width=\"600\" alt=\"\" class=\"slider-20 slide-53 msDefaultImage\" \/><\/li>\n            <\/ul>\n        <\/div>\n        \n    <\/div>\n<\/div>\n<\/div>\n<\/div><\/div><\/div><\/div><\/div><div id=\"pg-103-3\"  class=\"panel-grid panel-has-style\" ><div class=\"siteorigin-panels-stretch panel-row-style-full-width panel-row-style panel-row-style-for-103-3\" data-stretch-type=\"full-stretched\" ><div id=\"pgc-103-3-0\"  class=\"panel-grid-cell\" ><div id=\"panel-103-3-0-0\" class=\"so-panel widget widget_sow-editor panel-first-child panel-last-child\" data-index=\"5\" ><div\n\t\t\t\n\t\t\tclass=\"so-widget-sow-editor so-widget-sow-editor-base\"\n\t\t\t\n\t\t>\n<div class=\"siteorigin-widget-tinymce textwidget\">\n\t<p><iframe loading=\"lazy\" src=\"https:\/\/www.google.com\/maps\/d\/u\/0\/embed?mid=17DECYWrT1SanYx011nv-grr3Ze426ZcL\" width=\"100%\" height=\"480\"><\/iframe><\/p>\n<\/div>\n<\/div><\/div><\/div><\/div><\/div><\/div>","protected":false},"excerpt":{"rendered":"<p>CIRCUITO MOVIMIENTOS SOCIALES. La historia pensada desde los m\u00faltiples actores sociales que la construyen, este circuito analiza los movimientos sociales y las organizaciones que, a lo largo del siglo XX, impulsaron la lucha por los derechos de los trabajadores. Federaci\u00f3n Obrera Tucumana de la Industria Azucarera (FOTIA) Gremio La Fraternidad (Sindicato de Maquinistas y Foguistas [&hellip;]<\/p>\n","protected":false},"author":1,"featured_media":0,"parent":0,"menu_order":0,"comment_status":"closed","ping_status":"closed","template":"templates\/template-full-notitle.php","meta":{"footnotes":""},"class_list":["post-103","page","type-page","status-publish","hentry","post"],"_links":{"self":[{"href":"https:\/\/filo.unt.edu.ar\/caminatas-historicas\/wp-json\/wp\/v2\/pages\/103","targetHints":{"allow":["GET"]}}],"collection":[{"href":"https:\/\/filo.unt.edu.ar\/caminatas-historicas\/wp-json\/wp\/v2\/pages"}],"about":[{"href":"https:\/\/filo.unt.edu.ar\/caminatas-historicas\/wp-json\/wp\/v2\/types\/page"}],"author":[{"embeddable":true,"href":"https:\/\/filo.unt.edu.ar\/caminatas-historicas\/wp-json\/wp\/v2\/users\/1"}],"replies":[{"embeddable":true,"href":"https:\/\/filo.unt.edu.ar\/caminatas-historicas\/wp-json\/wp\/v2\/comments?post=103"}],"version-history":[{"count":64,"href":"https:\/\/filo.unt.edu.ar\/caminatas-historicas\/wp-json\/wp\/v2\/pages\/103\/revisions"}],"predecessor-version":[{"id":935,"href":"https:\/\/filo.unt.edu.ar\/caminatas-historicas\/wp-json\/wp\/v2\/pages\/103\/revisions\/935"}],"wp:attachment":[{"href":"https:\/\/filo.unt.edu.ar\/caminatas-historicas\/wp-json\/wp\/v2\/media?parent=103"}],"curies":[{"name":"wp","href":"https:\/\/api.w.org\/{rel}","templated":true}]}}